{"id":73,"date":"2017-09-06T08:57:18","date_gmt":"2017-09-06T08:57:18","guid":{"rendered":"http:\/\/ieas-szeged.hu\/sociablespirit\/?page_id=73"},"modified":"2018-01-09T13:04:20","modified_gmt":"2018-01-09T13:04:20","slug":"conferences","status":"publish","type":"page","link":"http:\/\/ieas-szeged.hu\/sociablespirit\/conferences\/","title":{"rendered":"Conferences"},"content":{"rendered":"<p>2015\u00a0 &#8220;A Shakespeare-i k\u00e9preg\u00e9ny terei.&#8221; University of Szeged, October 8-10 (\u201eKi merre tart a magyar Shakespeare-kutat\u00e1sban?\u201d J\u00e1gonak V. Project Conference)<\/p>\n<p>2015\u00a0 &#8220;Kokt\u00e9lcseresznye-piros t\u0171sark\u00fa vagy zabk\u00e1sasz\u00edn\u0171 mokaszin? Avagy mit illik \u00e9s m it nem illik \u2019\u00f6regl\u00e1nyoknak.&#8221; University of Szeged, September 25-26 (<em>11 NYIM: A n\u0151 \u00e9s a kor\/osod\u00e1s Magyar vet\u00fcletei 1989 \u00f3ta<\/em>)<\/p>\n<p>2015\u00a0 &#8220;Fan Fiction and the Pleasure of Adaptation.&#8221; University of Debrecen, Debrecen, January 29-31 (<em>12HUSSE<\/em>)<\/p>\n<p>2014\u00a0 &#8220;The Body of Modesty.&#8221; Pavol Jozef \u0160af\u00e1rik University, Ko\u0161ice, Slovakia, August 29 \u2013 September 2 (<em>12ESSE<\/em>, Panel: <em>Intermedial Body Politics: Towards a Feminist Analysis of Image\/Text Dynamics<\/em>)<\/p>\n<p>2013\u00a0 &#8220;Mert az angyal a r\u00e9szletekben lakik&#8221; \u2013 Angelina Jolie masztekt\u00f3mia m\u0171t\u00e9t\u00e9nek fogadtat\u00e1s\u00e1r\u00f3l.\u201d University of Szeged, September 27-28 (<em>9NYIM:<\/em> <em>A &#8220;magyar&#8221; t\u00e1rsadalmi nemi \u00e9s szexu\u00e1lis viszonyok saj\u00e1toss\u00e1gai. \u00d6sszehasonl\u00edt\u00f3 megk\u00f6zel\u00edt\u00e9sek<\/em>)<\/p>\n<p>2013\u00a0 &#8220;&#8216;What Cannot Be Described&#8217;: The Agency of Spirits in Milton\u2019s Paradise Lost.\u201d University of Szeged, May 29-31 (<em>European Iconology East &amp; West 5: Cultural Imageries of Body and Soul \u2013 Intermedial Representations of the Corporeal, the Psychic and the Spiritual)<\/em><\/p>\n<p>2013\u00a0 &#8220;Ventriloquized Voices in the English Renaissance. Donne to Philaenis.&#8221; E\u00f6tv\u00f6s Lor\u00e1nd Tudom\u00e1nyegyetem, Budapest, January 24-26 (<em>11HUSSE<\/em>, Panel: <em>Male Appropriations of the Female Voice<\/em>).<\/p>\n<p>2012\u00a0 &#8220;&#8216;Web Like Dickens&#8217;: The Dickens Fan Fictions.&#8217; University of P\u00e9cs, November 9-10 (<em>Charles Dickens 200 \u2013 Text and Beyond. A Commemorative Conference<\/em>)<\/p>\n<p>2012\u00a0 &#8220;Frye and the Musical Poet.&#8221; K\u00e1roli G\u00e1sp\u00e1r University of Reformed Church, Budapest, September 7-8 (<em>Northrop Frye 100: A Danubian Perspective<\/em>)<\/p>\n<p>2011\u00a0 &#8220;Unholesome Henbane between two Fragrant Roses? Milton and the Book of Tobit.&#8221; K\u00e1roli G\u00e1sp\u00e1r University of Reformed Church, Budapest, September 16-18 (<em>The King James Bible (1611-2011): Prehistory and Afterlife International Conference)<\/em><\/p>\n<p>2011\u00a0 &#8220;Milton and the Cherubim in Embrace.&#8221; University of Szeged, July 6-10 (<em>ESSWE3: The Visual and the Symbolic in Western Esotericms)<\/em><\/p>\n<p>2010\u00a0 &#8220;&#8216;The mind is its own place&#8217;: Milton and the construction of fantastic realms in <em>Paradise Lost<\/em>.&#8221; P\u00e1zm\u00e1ny P\u00e9ter Catholic University, Piliscsaba, May 27-28 (<em>1<sup>st<\/sup> P\u00e1zm\u00e1ny Conference on the Fantastic in the Arts<\/em>)<\/p>\n<p>2009 &#8220;Milton and the trial by &#8216;what is contrary.'&#8221; Katol\u00edcka univerzita v\u00a0Ru\u017eomberku, Ru\u017eomberok, Slovakia, June 24-26 (<em>Ambiguity Conference<\/em>)<\/p>\n<p>2009\u00a0 &#8220;The proper shape of Milton\u2019s angels.&#8221; University of P\u00e9cs, January 22-24 (<em>HUSSE 9<\/em>)<\/p>\n<p>2008\u00a0 &#8220;Naked innocence, or the representation of Milton\u2019s unfallen angels.&#8221; K\u00e1roli G\u00e1sp\u00e1r University of Reformed Church, Budapest, September 4-7 (<em>Milton Through the Centuries. International Milton Conference<\/em>)<\/p>\n<p>2008\u00a0 &#8220;Surprised by Sin, Again.&#8221; University of London, London, July 7-11 (<em>The 9th International Milton Symposium<\/em>)<\/p>\n<p>2008\u00a0 &#8220;&#8216;That complication of Horrors&#8217;: Milton\u2019s Sin through the eyes of Henry Fuseli.&#8221; University of Szeged, June (<em>VampireSympo II<\/em>).<\/p>\n<p>2008\u00a0 &#8220;Authors or &#8216;auteur&#8217;: Graphic Novel as a Blakeian Coposite Art.&#8221; University of Szeged, April 4-5 (<em>Medial Interactions in the Literary Fantastic, Salzburg-Szeged Dissertation Network Workshop<\/em>)<\/p>\n<p>2007\u00a0 &#8220;Raphael, an angel of Milton\u2019s own.&#8221; University of Szeged, January 25-27 (8<em>HUSSE<\/em>)<\/p>\n<p>2006\u00a0 &#8220;Poetics of incertitude and intangling in Milton&#8217;s Paradise Lost.&#8221; Brunauerzentrum, Salzburg, November 3-4 (<em>Joint PhD Network Symposium: Communicative Strategies in Literature<\/em>)<\/p>\n<p>2006\u00a0 &#8220;Lilith: fantastic female representations of Sin.&#8221; University of Szeged, June 9-10 (<em>Bilateral PhD\/Post-Doc Seminar: What Constitutes the Fantastic?<\/em>)<\/p>\n<p>2005\u00a0 &#8220;Milton and Defension Prima on the Frontier.&#8221; Universite Pierre Mendes France, Grenoble, June 7-11 June (<em>Milton, rights and liberties, The 8th International Milton Symposium<\/em>)<\/p>\n<p>2005\u00a0 &#8220;&#8216;Renaissance Pictures&#8217;, avagy a fandom emblematikus kifejez\u00e9sm\u00f3dja.&#8221; University of Szeged, April 25-27 (<em>K\u00e9p\/sz\u00f6veg\/reprezent\u00e1ci\u00f3 a multimedi\u00e1lis korban, Nemzetk\u00f6zi Konferencia<\/em>)<\/p>\n<p>2004\u00a0 &#8220;&#8216;I am not what I am&#8217;: The Subversive Antitheatricality of Iago.\u201d P\u00e1zm\u00e1ny P\u00e9ter Catholic University, Piliscsaba, May 28-30 (<em>2HUSSDE <\/em>Conference: <em>Now You See It, Now You Don\u2019t: Hiding and Revealing in Text and Performance<\/em>)<\/p>\n","protected":false},"excerpt":{"rendered":"<p>2015\u00a0 &#8220;A Shakespeare-i k\u00e9preg\u00e9ny terei.&#8221; University of Szeged, October 8-10 (\u201eKi merre tart a magyar Shakespeare-kutat\u00e1sban?\u201d J\u00e1gonak V. Project Conference) 2015\u00a0 &#8220;Kokt\u00e9lcseresznye-piros t\u0171sark\u00fa vagy zabk\u00e1sasz\u00edn\u0171 mokaszin? Avagy mit illik \u00e9s m it nem illik \u2019\u00f6regl\u00e1nyoknak.&#8221; University of Szeged, September 25-26 (11 NYIM: A n\u0151 \u00e9s a kor\/osod\u00e1s Magyar vet\u00fcletei 1989 \u00f3ta) 2015\u00a0 &#8220;Fan Fiction and [&hellip;]<\/p>\n","protected":false},"author":2,"featured_media":91,"parent":0,"menu_order":0,"comment_status":"closed","ping_status":"closed","template":"","meta":[],"_links":{"self":[{"href":"http:\/\/ieas-szeged.hu\/sociablespirit\/wp-json\/wp\/v2\/pages\/73"}],"collection":[{"href":"http:\/\/ieas-szeged.hu\/sociablespirit\/wp-json\/wp\/v2\/pages"}],"about":[{"href":"http:\/\/ieas-szeged.hu\/sociablespirit\/wp-json\/wp\/v2\/types\/page"}],"author":[{"embeddable":true,"href":"http:\/\/ieas-szeged.hu\/sociablespirit\/wp-json\/wp\/v2\/users\/2"}],"replies":[{"embeddable":true,"href":"http:\/\/ieas-szeged.hu\/sociablespirit\/wp-json\/wp\/v2\/comments?post=73"}],"version-history":[{"count":2,"href":"http:\/\/ieas-szeged.hu\/sociablespirit\/wp-json\/wp\/v2\/pages\/73\/revisions"}],"predecessor-version":[{"id":103,"href":"http:\/\/ieas-szeged.hu\/sociablespirit\/wp-json\/wp\/v2\/pages\/73\/revisions\/103"}],"wp:featuredmedia":[{"embeddable":true,"href":"http:\/\/ieas-szeged.hu\/sociablespirit\/wp-json\/wp\/v2\/media\/91"}],"wp:attachment":[{"href":"http:\/\/ieas-szeged.hu\/sociablespirit\/wp-json\/wp\/v2\/media?parent=73"}],"curies":[{"name":"wp","href":"https:\/\/api.w.org\/{rel}","templated":true}]}}