{"id":71,"date":"2017-09-06T08:37:52","date_gmt":"2017-09-06T08:37:52","guid":{"rendered":"http:\/\/ieas-szeged.hu\/sociablespirit\/?page_id=71"},"modified":"2020-11-18T09:08:07","modified_gmt":"2020-11-18T09:08:07","slug":"cv","status":"publish","type":"page","link":"http:\/\/ieas-szeged.hu\/sociablespirit\/cv\/","title":{"rendered":"Curriculum Vitae"},"content":{"rendered":"<p><strong><u>Education<\/u><\/strong><\/p>\n<p>2004-2007 \u00a0\u00a0 Literary studies &#8211; PhD program in English Literature (University of Szeged, Faculty of Arts, Szeged \u2013 Dissertation title: <em>Protean Vicissitude and Milton&#8217;s Paradise Lost <\/em>[2012]. Supervisor: B\u00e1lint Rozsnyai and Endre Gy\u00f6rgy Sz\u0151nyi)<\/p>\n<p>1998-2004 \u00a0\u00a0 Reader in English Language and Literature (University of Szeged, Faculty of Arts, Szeged)<\/p>\n<p>1992-1996 \u00a0 Theology seminar (BA program) ABD (<em>Sola Scriptura<\/em> Theology College, Budapest)<\/p>\n<p>1991-1992 \u00a0\u00a0 Visual communication and media preparatory course (Moholy-Nagy University of Art and Design Budapest (MOME), Budapest)<\/p>\n<p><strong><u>Professional position<br \/>\n<\/u><\/strong><\/p>\n<p>In a teaching position at the Department of English University of Szeged:<\/p>\n<ul>\n<li>since 2016 as Senior Assistant Professor<\/li>\n<li>since 2014 as Junior Assistant Professor<\/li>\n<li>since 2010 as research assistant<\/li>\n<li>since 2007 as lecturer (<em>pro bono<\/em>)<\/li>\n<li>since 2005 as PhD student<\/li>\n<\/ul>\n<p><span style=\"text-decoration: underline;\"><strong>Memberships:<\/strong><\/span><\/p>\n<ul>\n<li>Hungarian Society for the Study of English (HUSSE since 2005)<\/li>\n<li>Milton Society of America (since 2005)<\/li>\n<li>John Donne Society of America (since 2011)<\/li>\n<li>Hungarian Association for American Studies (HAAS, since 2014)<\/li>\n<\/ul>\n<p><a href=\"http:\/\/ieas-szeged.hu\/sociablespirit\/courses\/\"><span style=\"text-decoration: underline;\"><strong>Courses<\/strong><\/span><\/a><\/p>\n<p><a href=\"http:\/\/ieas-szeged.hu\/sociablespirit\/publications\/\"><span style=\"text-decoration: underline;\"><strong>Publications<\/strong><\/span><\/a><\/p>\n<p><a href=\"http:\/\/ieas-szeged.hu\/sociablespirit\/conferences\/\"><strong><span style=\"text-decoration: underline;\">Conferences<\/span><\/strong><\/a><\/p>\n<p><span style=\"text-decoration: underline;\"><strong>Service to the English Department<\/strong><\/span><\/p>\n<ul>\n<li>Coordinator of Academic Composition\/Writing<\/li>\n<li>Between 2014-2020 co-organizer of the annual <em>Language, Ideology, Media<\/em> (<a href=\"http:\/\/gender.ieas-szeged.hu\/conference.html\">NYIM<\/a>) conference of the Gender Studies Research Group.<\/li>\n<li>Between 2009-2020 the webmaster of the <a href=\"http:\/\/tntefjournal.hu\/\"><em>TNTeF<\/em><\/a> Interdisciplinary eJournal of Gender Studies, the webpage of the Gender Studies Research Group (<a href=\"http:\/\/gender.ieas-szeged.hu\/\">TNT<\/a>).<\/li>\n<li>Between 2005-2009 the ETR coordinator of the Institute of English &amp; American Studies.<\/li>\n<\/ul>\n","protected":false},"excerpt":{"rendered":"<p>Education 2004-2007 \u00a0\u00a0 Literary studies &#8211; PhD program in English Literature (University of Szeged, Faculty of Arts, Szeged \u2013 Dissertation title: Protean Vicissitude and Milton&#8217;s Paradise Lost [2012]. Supervisor: B\u00e1lint Rozsnyai and Endre Gy\u00f6rgy Sz\u0151nyi) 1998-2004 \u00a0\u00a0 Reader in English Language and Literature (University of Szeged, Faculty of Arts, Szeged) 1992-1996 \u00a0 Theology seminar (BA [&hellip;]<\/p>\n","protected":false},"author":2,"featured_media":32,"parent":0,"menu_order":0,"comment_status":"closed","ping_status":"closed","template":"","meta":[],"_links":{"self":[{"href":"http:\/\/ieas-szeged.hu\/sociablespirit\/wp-json\/wp\/v2\/pages\/71"}],"collection":[{"href":"http:\/\/ieas-szeged.hu\/sociablespirit\/wp-json\/wp\/v2\/pages"}],"about":[{"href":"http:\/\/ieas-szeged.hu\/sociablespirit\/wp-json\/wp\/v2\/types\/page"}],"author":[{"embeddable":true,"href":"http:\/\/ieas-szeged.hu\/sociablespirit\/wp-json\/wp\/v2\/users\/2"}],"replies":[{"embeddable":true,"href":"http:\/\/ieas-szeged.hu\/sociablespirit\/wp-json\/wp\/v2\/comments?post=71"}],"version-history":[{"count":8,"href":"http:\/\/ieas-szeged.hu\/sociablespirit\/wp-json\/wp\/v2\/pages\/71\/revisions"}],"predecessor-version":[{"id":233,"href":"http:\/\/ieas-szeged.hu\/sociablespirit\/wp-json\/wp\/v2\/pages\/71\/revisions\/233"}],"wp:featuredmedia":[{"embeddable":true,"href":"http:\/\/ieas-szeged.hu\/sociablespirit\/wp-json\/wp\/v2\/media\/32"}],"wp:attachment":[{"href":"http:\/\/ieas-szeged.hu\/sociablespirit\/wp-json\/wp\/v2\/media?parent=71"}],"curies":[{"name":"wp","href":"https:\/\/api.w.org\/{rel}","templated":true}]}}