{"id":46,"date":"2017-05-15T20:29:46","date_gmt":"2017-05-15T20:29:46","guid":{"rendered":"http:\/\/ieas-szeged.hu\/sociablespirit\/?page_id=46"},"modified":"2023-10-10T11:10:25","modified_gmt":"2023-10-10T11:10:25","slug":"publications","status":"publish","type":"page","link":"http:\/\/ieas-szeged.hu\/sociablespirit\/publications\/","title":{"rendered":"Publications"},"content":{"rendered":"<p>&#8220;Vera Csapody (1890-1985): Botany&#8217;s Humble Servant.&#8221; In <a href=\"https:\/\/akademiai.hu\/ptudx00363-pioneer-hungarian-women-in-science-and-education.html\" target=\"_blank\" rel=\"noopener\"><em>Pioneer Hungarian Women in Science and Education<\/em><\/a>, edited by Anna K\u00e9rchy and R\u00e9ka M. Cristian, 93-103. Budapest: Akad\u00e9miai Kiad\u00f3, 2022. [Online version &#8211; <a href=\"https:\/\/mersz.hu\/kiadvany\/942\/info\" target=\"_blank\" rel=\"noopener\">MeRSZ<\/a>]<\/p>\n<p>&#8220;Andrew James Hartley and Peter Holland, eds.\u00a0<em>Shakespeare and Geek Culture<\/em> [<a href=\"http:\/\/www.sederi.org\/wp-content\/uploads\/2022\/11\/SEDERI-32-5-4-KOCIC.pdf\" target=\"_blank\" rel=\"noopener\">Book Review<\/a>].&#8221; <em>SEDERI: Yearbook of the Spanish and Portuguese Society for English Renaissance Studies <\/em>32 (2022):128-132.<\/p>\n<p class=\"directionltr\"><span class=\"text\"><span lang=\"en\" xml:lang=\"en\">&#8220;The Phonographic Author of Milton, Edison and Uzanne.&#8221; <span class=\"ltr\"><em>Cahiers victoriens et \u00e9douardiens<\/em><\/span> (special issue: <\/span><\/span><span class=\"title\" dir=\"ltr\">Sounds Victorian: Acoustic Experience in 19th-Century Britain) <\/span><span class=\"text\"><span lang=\"en\" xml:lang=\"en\">94 (2021). <a href=\"https:\/\/doi.org\/10.4000\/cve.9713\" target=\"_blank\" rel=\"noopener\">https:\/\/doi.org\/10.4000\/cve.9713<\/a><br \/><\/span><\/span><\/p>\n<p>&#8220;Milton&#8217;s Domestic Life and the Tempering of Female Ambition in Kim Wilkins&#8217; <em>Angel of Ruin<\/em>.&#8221; In <a href=\"https:\/\/www.routledge.com\/Women-ReWriting-Milton\/Green-Al-Akhras\/p\/book\/9780367443047\"><em>Women (Re)Writing Milton<\/em><\/a>, edited by Mandy Green and Sharihan Al-Akhras, ch. 7. Abingdon \u2013 New York: Routledge, 2021.<\/p>\n<p>&#8220;<a href=\"https:\/\/ojs.bibl.u-szeged.hu\/index.php\/tntef\/article\/view\/34170\">B\u00f3di Katalin <em>\u00c9va sz\u00fclet\u00e9se<\/em> (Debrecen: Alf\u00f6ld Alap\u00edtv\u00e1ny, 2019)<\/a>.&#8221; [K\u00f6nyvszemle] TNTeF 10.2 (2020): 237-242.<\/p>\n<p>&#8220;<a href=\"https:\/\/halshs.archives-ouvertes.fr\/halshs-02269001\/document\">Educated Shrews: Shakespeare, Women&#8217;s Education and Its Backlash<\/a>.&#8221; In <a href=\"http:\/\/www.new-faces-erasmusplus.fr\/?q=o6-facing-europe-crisis-shakespeare-s-world-and-present-challenges-vol-2\"><em>Shakespeare&#8217;s World and Present Challenges,<\/em> Vol. 2<\/a> (6th Output of the New Faces Corpus), edited by Richard Chapman and Paola Spinozzi. Selection of papers issuing from the Post Faces conference, June 2019, Porto.<\/p>\n<p>&#8220;Ruminations on Paradigms within Milton Studies.&#8221; In <em>Essays on the Medieval Period and the Renaissance: Things New and Old<\/em>, edited by \u00c1gnes Matuska and Larisa Kocic-Z\u00e1mb\u00f3, 161-179. Newcastle upon Tyne: Cambridge Scholars Publishing, 2019.<\/p>\n<p>&#8220;<a href=\"http:\/\/ojs.elte.hu\/index.php\/digitalisbolcseszet\/article\/view\/237\">Matthew K. Gold, ed. <em>Debates in the Digital Humanities<\/em> and Matthew K. Gold and Lauren F. Klein, eds. <em>Debates in the Digital Humanities 2016<\/em><\/a>&#8221; [book review]. <em>Digit\u00e1lis B\u00f6lcs\u00e9szet<\/em> 1 (2018. szeptember), 233-36. https:\/\/doi.org\/10.31400\/dh-hun.2018.1.237<\/p>\n<p>&#8220;<a href=\"http:\/\/uj.apertura.hu\/2017\/nyar\/kocic-jago-a-szinhazellenesseg-szocsove-es-bunbakja\/\">Jago, a sz\u00ednh\u00e1zelleness\u00e9g sz\u00f3cs\u00f6ve \u00e9s b\u0171nbakja.<\/a>&#8221; <em>Apert\u00fara<\/em> (2017. ny\u00e1r).<\/p>\n<p>&#8220;<a href=\"http:\/\/www.cambridgescholars.com\/download\/sample\/63615#page=5\" target=\"_blank\" rel=\"noopener noreferrer\">Resounding Words: Fan Fiction and the Pleasure of Adaptation<\/a>.&#8221; In\u00a0 <em>Travelling around Cultures: Collected Essays on Literature and Art<\/em> edited by Zsolt Gy\u0151ri and Gabriella Moise, 53-69. Newcastle upon Tyne: Cambridge Scholars Prublishing, 2016.<\/p>\n<p>&#8220;<a href=\"http:\/\/tntefjournal.hu\/vol5\/iss2\/zambone.pdf\">A Xena-<em>camp<\/em> jelens\u00e9g \u2014 a feminizmus, a <em>fandom<\/em> \u00e9s a digit\u00e1lis b\u00f6lcselet tal\u00e1lkoz\u00e1sa<\/a>.&#8221;<em> TNTeF<\/em> 5.2 (2015): 38\u201359.<\/p>\n<p>&#8220;Frye and the Musical Poet.&#8221; In\u00a0 <em>Northrop Frye 100: A Danubian Perspective,<\/em> edited by S\u00e1ra T\u00f3th, Tibor Fabiny, J\u00e1nos Kenyeres and P\u00e9ter P\u00e1sztor, 258-268. Budapest: KGRE &#8211; L&#8217;Harmattan, 2014.<\/p>\n<p>&#8220;<a href=\"http:\/\/tntefjournal.hu\/vol4\/iss2\/zambone.pdf\" target=\"_blank\" rel=\"noopener noreferrer\">Reprezent\u00e1ci\u00f3s szinekdoch\u00e9<\/a>: Angelina Jolie masztekt\u00f3mia m\u0171t\u00e9t\u00e9nek fogadtat\u00e1s\u00e1r\u00f3l \u00e9s a n\u0151i test t\u00f6redezets\u00e9g\u00e9r\u0151l.&#8221; <em>TNTeF<\/em> 4.2 (2014): 55-67.<\/p>\n<p>&#8220;<a href=\"http:\/\/americanaejournal.hu\/vol10no2\/kocic-zambo-rev\">Seconding or Second Guessing Secularization<\/a>.&#8221; <em>Americana<\/em> 10.2 (2014).<\/p>\n<p>\u201c\u2018<a href=\"http:\/\/journal.uia.no\/index.php\/EMCO\/article\/view\/23\">To turn one idea into more shapes than Proteus\u2019: The copious use of words in Erasmus and Milton<\/a>.\u201d <em>EMCO<\/em> 3.1 (2012): 39-64.<\/p>\n<p>\u201cNaked innocence: representing angelic and human freedom in Milton and the Visual Arts.\u201d In <em>Milton Through the Centuries, <\/em>edited by G\u00e1bor Ittz\u00e9s &amp; Mikl\u00f3s P\u00e9ti, 310-321. Budapest: KRE &#8211; L&#8217;Harmattan, 2012.<\/p>\n<p>\u201c<a href=\"http:\/\/americanaejournal.hu\/vol7no2\/kocic-rev\">Abundance, rather than lack<\/a>: Review of Postmodern Reinterpretations of Fairy Tales. How Applying New Methods Generates New Meanings edited by Anna K\u00e9rchy.\u201d <em>Americana<\/em> 7.2 (2011 Fall).<\/p>\n<p>\u201c<a href=\"http:\/\/tntefjournal.hu\/vol1\/iss2\/05_zambone.pdf\">(T\u00fck\u00f6r)reflexi\u00f3 Milton \u00c9v\u00e1j\u00e1r\u00f3l \u00e9s mumus\u00e1r\u00f3l<\/a>.\u201d <em>TNTeF<\/em> 1.2 (2011): 100-112.<\/p>\n<p>\u201cGeraldine as a liminal character between Sappho and Lilith.\u201d In <em>What Constitutes the Fantastic?, <\/em>edited by Sabine Coelsch-Foisner et al., 125-136<em>.<\/em> Szeged: JATE Pressz, 2009.<\/p>\n<p>Angelica Duran ed. <em>A Concise Companion to Milton<\/em> (bookreview). <em>The European English Messenger<\/em> 17.1 (2008).<\/p>\n<p>\u201cThe Antitheatrical Iago.\u201d In <em>\u201cNow you see it, now you don\u2019t\u201d: Hiding and Revealing in Text and Performance, <\/em>edited by Kathleen Dubs, 107-119. Piliscsaba: Pazmany Peter Catholic University, 2006.<\/p>\n<p>\u201cPredestination in Milton\u2019s <em>Paradise Lost<\/em> and <em>De Doctrina Christiana<\/em>. Reply to Paul R. Sellin.\u201d <em>The Anachronist<\/em> (2003): 65-84.<\/p>\n<p><a name=\"translation\"><\/a><\/p>\n<h5>Translations<\/h5>\n<p>Andr\u00e1s Mat\u00e9-T\u00f3th and Csaba M\u00e1t\u00e9 Sarnyai. \u201cThe History and Recent Trends of <em>Religionswissenschaft<\/em> in Hungary.\u201d In <em>Studying Religion with the Iron Curtain Closed and Opened. The Academic Study of Religion in Eastern Europe (Numen book Series, vol. 149), <\/em>edited by Tom\u00e1\u0161 Bub\u00edk and Henryk Hoffmann.\u00a0 Leiden: Brill, 2015.<\/p>\n<p>Stefanovi\u0107, Zdravko. <em>Keress\u00e9tek az Urat, \u00e9s \u00e9ltek! Nagy tanuls\u00e1gok a kispr\u00f3f\u00e9t\u00e1k ir\u00e1saib\u00f3l: tanit\u00f3i mell\u00e9kelt.<\/em> P\u00e9cel: Hedetnapi Adventista Egyh\u00e1z, 2013.<\/p>\n<p>Neufeld, Don. Megv\u00e1lt\u00e1s: <em>A R\u00f3mai lev\u00e9l.<\/em> P\u00e9cel: Hetednapi Adventista Egyh\u00e1z, 2010.<\/p>\n<p>Mueller, Ekkehardt. <em>A szeretett tanitv\u00e1ny, J\u00e1nos levelei.<\/em> Budapest: Advent Irod. M\u0171hely, 2009.<\/p>\n<p>W. J. T. Mitchell. \u201cBlake \u00e9s a testv\u00e9r-m\u0171v\u00e9szetek hagyom\u00e1nya.\u201d In <em>A k\u00e9pek politik\u00e1ja, <\/em>edited by Sz\u0151nyi Gyorgy Endre &amp; Szauter D\u00f3ra, 53-76. Szeged: JATEPress, 2008.<\/p>\n<p>W. J. T. Mitchell. \u201cMetak\u00e9pek.\u201d\u00a0In <em>A k\u00e9pek politik\u00e1ja, <\/em>edited by Sz\u0151nyi Gyorgy Endre &amp; Szauter D\u00f3ra, 155-192. Szeged: JATEPress, 2008.<\/p>\n<p>George R. Knight. <em>Hely\u00fcnk a kereszt\u00e9ny vil\u00e1gban: A hetednapi adventista gondolkod\u00e1s t\u00f6rt\u00e9nete.<\/em> Budapest: Advent Irod. M\u0171hely, 2008.<\/p>\n\n\n<p><\/p>\n","protected":false},"excerpt":{"rendered":"<p>&#8220;Vera Csapody (1890-1985): Botany&#8217;s Humble Servant.&#8221; In Pioneer Hungarian Women in Science and Education, edited by Anna K\u00e9rchy and R\u00e9ka M. Cristian, 93-103. Budapest: Akad\u00e9miai Kiad\u00f3, 2022. [Online version &#8211; MeRSZ] &#8220;Andrew James Hartley and Peter Holland, eds.\u00a0Shakespeare and Geek Culture [Book Review].&#8221; SEDERI: Yearbook of the Spanish and Portuguese Society for English Renaissance Studies [&hellip;]<\/p>\n","protected":false},"author":2,"featured_media":33,"parent":0,"menu_order":0,"comment_status":"closed","ping_status":"closed","template":"","meta":[],"_links":{"self":[{"href":"http:\/\/ieas-szeged.hu\/sociablespirit\/wp-json\/wp\/v2\/pages\/46"}],"collection":[{"href":"http:\/\/ieas-szeged.hu\/sociablespirit\/wp-json\/wp\/v2\/pages"}],"about":[{"href":"http:\/\/ieas-szeged.hu\/sociablespirit\/wp-json\/wp\/v2\/types\/page"}],"author":[{"embeddable":true,"href":"http:\/\/ieas-szeged.hu\/sociablespirit\/wp-json\/wp\/v2\/users\/2"}],"replies":[{"embeddable":true,"href":"http:\/\/ieas-szeged.hu\/sociablespirit\/wp-json\/wp\/v2\/comments?post=46"}],"version-history":[{"count":15,"href":"http:\/\/ieas-szeged.hu\/sociablespirit\/wp-json\/wp\/v2\/pages\/46\/revisions"}],"predecessor-version":[{"id":274,"href":"http:\/\/ieas-szeged.hu\/sociablespirit\/wp-json\/wp\/v2\/pages\/46\/revisions\/274"}],"wp:featuredmedia":[{"embeddable":true,"href":"http:\/\/ieas-szeged.hu\/sociablespirit\/wp-json\/wp\/v2\/media\/33"}],"wp:attachment":[{"href":"http:\/\/ieas-szeged.hu\/sociablespirit\/wp-json\/wp\/v2\/media?parent=46"}],"curies":[{"name":"wp","href":"https:\/\/api.w.org\/{rel}","templated":true}]}}