{"id":967,"date":"2017-09-16T16:21:31","date_gmt":"2017-09-16T16:21:31","guid":{"rendered":"http:\/\/ieas-szeged.hu\/downtherabbithole\/?page_id=967"},"modified":"2017-09-28T19:02:52","modified_gmt":"2017-09-28T19:02:52","slug":"10-beautiful-soup","status":"publish","type":"page","link":"http:\/\/ieas-szeged.hu\/downtherabbithole\/sample-page\/versbetetek\/10-beautiful-soup\/","title":{"rendered":"Beautiful Soup"},"content":{"rendered":"<div class=\"column last\"><strong>Az eredeti: <\/strong><\/div>\n<div class=\"column last\"><strong>Star of the Evening (James M. Sayle)<\/strong><\/div>\n<div class=\"column last\">Beautiful star in heav\u2019n so bright,<br \/>\nSoftly falls thy silv\u2019ry light,<br \/>\nAs thou movest from earth afar,<br \/>\nStar of the evening, beautiful star.Chorus:<br \/>\nBeautiful star,<br \/>\nBeautiful star,<br \/>\nStar of the evening, beautiful star.In Fancy\u2019s eye thou seem\u2019st to say,<br \/>\nFollow me, come from earth away.<br \/>\nUpward thy spirit\u2019s pinions try,<br \/>\nTo realms of love beyond the sky.Shine on, oh star of love divine,<br \/>\nAnd may our soul\u2019s affection twine<br \/>\nAround thee as thou movest afar,<br \/>\nStar of the twilight, beautiful star***********<\/p>\n<h5>Carroll parodisztikus \u00e1tirata:<\/h5>\n<h5>Beautiful Soup<\/h5>\n<\/div>\n<p>BEAUTIFUL Soup, so rich and green,<br \/>\nWaiting in a hot tureen!<br \/>\nWho for such dainties would not stoop?<br \/>\nSoup of the evening, beautiful Soup!<br \/>\nSoup of the evening, beautiful Soup!<\/p>\n<p><span id=\"IL_AD2\" class=\"IL_AD\">Beau<\/span>&#8211;ootiful Soo-oop!<br \/>\nBeau&#8211;ootiful Soo-oop!<br \/>\nSoo&#8211;oop of the e&#8211;e&#8211;evening,<br \/>\nBeautiful, beautiful Soup!<\/p>\n<p>Beautiful Soup! Who <span id=\"IL_AD3\" class=\"IL_AD\">cares<\/span> for fish,<br \/>\nGame, or any other dish?<br \/>\nWho would not give all else for two<br \/>\nPennyworth only of Beautiful Soup?<br \/>\nPennyworth only of beautiful Soup?<\/p>\n<p>Beau&#8211;ootiful Soo-oop!<br \/>\nBeau&#8211;ootiful Soo-oop!<br \/>\nSoo&#8211;oop of the e&#8211;e&#8211;evening,<br \/>\nBeautiful, beauti&#8211;FUL SOUP!<\/p>\n<p>*****<\/p>\n<h5>Juh\u00e1sz Andor ford\u00edt\u00e1sa (1929)<\/h5>\n<h5>Tekn\u0151sb\u00e9kaleves-n\u00f3ta<\/h5>\n<p>Nagyszer\u0171 \u00e9tel! Levesek d\u00edsze,<br \/>\nA sz\u00edne z\u00f6ld \u00e9s pomp\u00e1s az \u00edze.<br \/>\nMindent mi j\u00f3, tesznek bel\u00e9,<br \/>\nLevesek d\u00edsze, dr\u00e1ga l\u00e9!<br \/>\nLevesek d\u00edsze, dr\u00e1ga l\u00e9!<br \/>\nDr\u00e1-\u00e1ga l\u00e9-\u00e9!<br \/>\nDr\u00e1-\u00e1ga l\u00e9-\u00e9!<br \/>\nLevesek d\u00ed-\u00edsze<br \/>\nDr\u00e1-\u00e1ga l\u00e9-\u00e9!<\/p>\n<p>Nagyszer\u0171 \u00e9tel! Ki egyszer ette<br \/>\nAz mindenn\u00e9l jobban megszerette!<br \/>\nEl nem felejt az soha, k\u00e9<br \/>\nt garast \u00e9r\u0151 dr\u00e1ga l\u00e9!<br \/>\nK\u00e9t garast \u00e9r\u0151 dr\u00e1ga l\u00e9!<br \/>\nDr\u00e1-\u00e1ga l\u00e9-\u00e9!<br \/>\nDr\u00e1-\u00e1ga l\u00e9-\u00e9!<br \/>\nLevesek d\u00ed-\u00edsze<br \/>\nDR\u00c1-\u00c1GA L\u00c9-\u00c9!<\/p>\n<p>******<\/p>\n<h5>Szobotka Tibor (1958)<\/h5>\n<h5>AZ \u00c1l-Tekn\u0151c Leves dala<\/h5>\n<p><i>Pomp\u00e1s leves, \u00edzes, j\u00f3<br \/>\nhull\u00e1mzik, mint kerek t\u00f3!<br \/>\nUgyan ki nem szereti?<br \/>\nKis kanalam kimeri. <\/i><\/p>\n<p align=\"justify\"><i>Kimerem, mert szeretem,<br \/>\nt\u00e1ny\u00e9romban keverem.<br \/>\nKinek k\u00e9ne kirkecske,<br \/>\ntejbe fulladt legyecske,<br \/>\nereszalji kisfecske,<br \/>\nhomokk\u00e1 f\u0151tt hegyecske?<br \/>\nMikor itt a leveske! <\/i><\/p>\n<h5>Varr\u00f3 D\u00e1niel ford\u00edt\u00e1sa (2009)<\/h5>\n<h5>Tekn\u0151sb\u00e9kaleves<\/h5>\n<p>Hogy illatozik, hogy z\u00f6ldeleg<br \/>\nA leves, mit a t\u00e1lba t\u00f6ltenek!<br \/>\nKi nem kanalazna m\u00e9g bele se?<br \/>\nGy\u00f6ny\u00f6r\u0171 leves, \u00f3, mai nap levese!<br \/>\nMai na-ha-ha-ha-haaap leveseee!<br \/>\nMai na-ha-ha-ha-haaap leveseee!<br \/>\nGy\u00f6ny\u00f6-h\u00f6-h\u00f6-h\u00f6-h\u00f6-r\u0171\u0171 leves, \u00f3,<br \/>\nMai nap, mai nap levese!<\/p>\n<p>Ki \u00e1h\u00edtozik m\u00e1s t\u00e1pl\u00e1l\u00e9kra?<br \/>\nZeller, te kinek kellel? Vagy r\u00e9pa?<br \/>\nKi nem \u00e1h\u00edt, \u00f3, forr\u00f3n, hevese-<br \/>\nNha meg is fuj el\u0151bb, mai nap levese?<br \/>\nHa meg is fuj el\u0151bb, mai nap levese?<br \/>\nGy\u00f6ny\u00f6r\u0171 leves, \u00f3, mai nap levese!<br \/>\nMai na-ha-ha-ha-haaap leveseee!<br \/>\nMai na-ha-ha-ha-haaap leveseee!<br \/>\nGy\u00f6ny\u00f6-h\u00f6-h\u00f6-h\u00f6-h\u00f6-r\u0171\u0171 leves, \u00f3,<br \/>\nMai nap, mai naaap leveseee!<\/p>\n<p>*****<\/p>\n<h5>Szil\u00e1gyi Anik\u00f3 (2013)<\/h5>\n<h5>Tekn\u0151sleves<\/h5>\n<p>Gy\u00f6ny\u00f6r\u0171 leves, t\u00e9ged magasztal<br \/>\nA forr\u00f3 faz\u00e9k s ter\u00edtett asztal!<br \/>\nL\u00e1tod e fincsi kincset, h\u00e1t nevess!<br \/>\nAz est levese, gy\u00f6ny\u00f6r\u0171 Leves!<br \/>\nAz est levese, gy\u00f6ny\u00f6r\u0171 Leves!<br \/>\nGy\u00f6ny\u00f6r\u0171-\u0171 Leve-es!<br \/>\nGy\u00f6ny\u00f6r\u0171-\u0171 Leve-es!<br \/>\nAz e-est Levese-e-e,<br \/>\nGy\u00f6ny\u00f6r\u0171, gy\u00f6ny\u00f6r\u0171 Leves!<br \/>\nGy\u00f6ny\u00f6r\u0171 Leves! Ki enne halat?<br \/>\nKit \u00e9rdekel m\u00e1s cs\u00e1b\u00edt\u00f3 falat?<br \/>\nVadat s m\u00e1s \u00e9telt senki nem keres,<br \/>\nHogyha van olcs\u00f3, gy\u00f6ny\u00f6r\u0171 Leves!<br \/>\nHogyha van olcs\u00f3, gy\u00f6ny\u00f6r\u0171 Leves!<br \/>\nGy\u00f6ny\u00f6r\u0171-\u0171 Leve-es!<br \/>\nGy\u00f6ny\u00f6r\u0171-\u0171 Leve-es!<br \/>\nAz e-est Levese-e-e,<br \/>\nGy\u00f6ny\u00f6r\u0171, gy\u00f6ny\u00f6-R\u0170 LEVES!<\/p>\n","protected":false},"excerpt":{"rendered":"<p>Az eredeti: Star of the Evening (James M. Sayle) Beautiful star in heav\u2019n so bright, Softly falls thy silv\u2019ry light, As thou movest from earth afar, Star of the evening, beautiful star.Chorus: Beautiful star, Beautiful star, Star of the evening, beautiful star.In Fancy\u2019s eye thou seem\u2019st to say, Follow me, come from earth away. Upward [&hellip;]<\/p>\n","protected":false},"author":3,"featured_media":0,"parent":734,"menu_order":0,"comment_status":"closed","ping_status":"closed","template":"","meta":{"footnotes":""},"class_list":["post-967","page","type-page","status-publish","hentry"],"_links":{"self":[{"href":"http:\/\/ieas-szeged.hu\/downtherabbithole\/wp-json\/wp\/v2\/pages\/967","targetHints":{"allow":["GET"]}}],"collection":[{"href":"http:\/\/ieas-szeged.hu\/downtherabbithole\/wp-json\/wp\/v2\/pages"}],"about":[{"href":"http:\/\/ieas-szeged.hu\/downtherabbithole\/wp-json\/wp\/v2\/types\/page"}],"author":[{"embeddable":true,"href":"http:\/\/ieas-szeged.hu\/downtherabbithole\/wp-json\/wp\/v2\/users\/3"}],"replies":[{"embeddable":true,"href":"http:\/\/ieas-szeged.hu\/downtherabbithole\/wp-json\/wp\/v2\/comments?post=967"}],"version-history":[{"count":11,"href":"http:\/\/ieas-szeged.hu\/downtherabbithole\/wp-json\/wp\/v2\/pages\/967\/revisions"}],"predecessor-version":[{"id":1009,"href":"http:\/\/ieas-szeged.hu\/downtherabbithole\/wp-json\/wp\/v2\/pages\/967\/revisions\/1009"}],"up":[{"embeddable":true,"href":"http:\/\/ieas-szeged.hu\/downtherabbithole\/wp-json\/wp\/v2\/pages\/734"}],"wp:attachment":[{"href":"http:\/\/ieas-szeged.hu\/downtherabbithole\/wp-json\/wp\/v2\/media?parent=967"}],"curies":[{"name":"wp","href":"https:\/\/api.w.org\/{rel}","templated":true}]}}