{"id":930,"date":"2017-09-16T13:05:21","date_gmt":"2017-09-16T13:05:21","guid":{"rendered":"http:\/\/ieas-szeged.hu\/downtherabbithole\/?page_id=930"},"modified":"2017-09-28T19:03:28","modified_gmt":"2017-09-28T19:03:28","slug":"all-in-the-golden-afternoon","status":"publish","type":"page","link":"http:\/\/ieas-szeged.hu\/downtherabbithole\/sample-page\/versbetetek\/all-in-the-golden-afternoon\/","title":{"rendered":"All in the golden afternoon"},"content":{"rendered":"<h5>Lewis Carroll, 1865.<\/h5>\n<p>All in the golden afternoon<br \/>\nFull leisurely we glide;<br \/>\nFor both our oars, with little skill,<br \/>\nBy little arms are plied,<br \/>\nWhile little hands make vain pretence<br \/>\nOur wanderings to guide.<\/p>\n<p>Ah, cruel Three! In such an hour,<br \/>\nBeneath such dreamy weather,<br \/>\nTo beg a tale of breath too weak<br \/>\nTo stir the tiniest feather!<br \/>\nYet what can one poor voice avail<br \/>\nAgainst three tongues together?<\/p>\n<p>Imperious Prima flashes forth<br \/>\nHer edict \u2018to begin it\u2019 \u2013<br \/>\nIn gentler tone Secunda hopes<br \/>\n\u2018There will be nonsense in it!\u2019 \u2013<br \/>\nWhile Tertia interrupts the tale<br \/>\nNot <em>more<\/em> than once a minute.<\/p>\n<p>Anon, to sudden silence won,<br \/>\nIn fancy they pursue<br \/>\nThe dream-child moving through a land<br \/>\nOf wonders wild and new,<br \/>\nIn friendly chat with bird or beast \u2013<br \/>\nAnd half believe it true.<\/p>\n<p>And ever, as the story drained<br \/>\nThe wells of fancy dry,<br \/>\nAnd faintly strove that weary one<br \/>\nTo put the subject by,<br \/>\n\u201cThe rest next time -\u201d \u201cIt <em>is<\/em> next time!\u201d<br \/>\nThe happy voices cry.<\/p>\n<p>Thus grew the tale of Wonderland:<br \/>\nThus slowly, one by one,<br \/>\nIts quaint events were hammered out \u2013<br \/>\nAnd now the tale is done,<br \/>\nAnd home we steer, a merry crew,<br \/>\nBeneath the setting sun.<\/p>\n<p>Alice! a childish story take,<br \/>\nAnd with gentle hand<br \/>\nLay it were Childhood\u2019s dreams are twined<br \/>\nIn Memory\u2019s mystic band,<br \/>\nLike pilgrim\u2019s wither\u2019d wreath of flowers<br \/>\nPluck\u2019d in a far-off land.<\/p>\n<p>***<\/p>\n<h5>Kosztol\u00e1nyi Dezs\u0151 ford\u00edt\u00e1sa, 1935<\/h5>\n<p>Arany d\u00e9lut\u00e1n volt,<br \/>\nKiment\u00fcnk a t\u00f3ra<br \/>\nH\u00e1rom kis unok\u00e1m,<br \/>\n\u00c9vi, Ili, D\u00f3ra<br \/>\nEvezett, korm\u00e1nyzott<br \/>\n\u00c9s telt-m\u00falt az \u00f3ra.<\/p>\n<p>H\u00e1rom huncut kisl\u00e1ny<br \/>\nS v\u00e1gyuk annyi volt csak,<br \/>\nHogy mes\u00e9ljek nekik,<br \/>\nM\u00edg libeg a csolnak.<br \/>\nMi m\u00e1st tehettem h\u00e1t,<br \/>\nHa \u0151k parancsolnak?<\/p>\n<p>Sz\u00f3lt az els\u0151: &#8220;Kezdd el,<br \/>\nMondd a mes\u00e9t, hah\u00f3&#8221; &#8212;<br \/>\nA m\u00e1sodik k\u00e9rlel:<br \/>\n&#8220;Tr\u00e9f\u00e1sat, nagyap\u00f3&#8221; &#8212;<br \/>\nA harmadik ajk\u00e1n<br \/>\nFolyton \u00e1rad a sz\u00f3.<\/p>\n<p>Egyszerre \u00e1mulva<br \/>\nFigyelnek mind oda,<br \/>\nFelt\u0171nik a t\u00fcnd\u00e9r,<br \/>\nMegjelen a csoda,<br \/>\n\u00c1llat is, mad\u00e1r is,<br \/>\nNem tudni, micsoda.<\/p>\n<p>Azt\u00e1n, hogy kifogytam<br \/>\nA mesemond\u00e1sb\u00f3l,<br \/>\n&#8220;M\u00e1skor, gyerekek, majd&#8221;<br \/>\nSzabadkozom sz\u00e1zszor,<br \/>\nDe \u0151k csak kacagnak:<br \/>\n&#8220;Most legyen a m\u00e1skor.&#8221;<\/p>\n<p>\u00cdgy mes\u00e9lt a reg\u00e9k<br \/>\n\u00d6reg szerelmese<br \/>\n\u00c1br\u00e1ndot, kalandot,<br \/>\nMilyent nem tudsz te se<br \/>\nS hogy hazaevezt\u00fcnk<br \/>\nElk\u00e9sz\u00fclt a mese.<\/p>\n<p>\u00c9vike, fogadd el,<br \/>\nS k\u00f6ss\u00f6n csokrot kezed<br \/>\nGyermek\u00e1lmaidb\u00f3l,<br \/>\nMiken b\u00fas f\u00e9ny rezeg,<br \/>\nSzalaggal \u00f6vezze<br \/>\nSzel\u00edd eml\u00e9kezet.<\/p>\n<p>&nbsp;<\/p>\n<p>***<\/p>\n<h5>Kosztol\u00e1nyi Dezs\u0151 ford\u00edt\u00e1s\u00e1t \u00e1tdolgozta Szobotka Tibor, 1958<\/h5>\n<p align=\"justify\">Eg\u00e9sz aranyl\u00f3 d\u00e9lut\u00e1n<br \/>\ncsak szelt\u00fck a vizet,<br \/>\nk\u00e9t \u00fcgyetlen, par\u00e1nyi kar<br \/>\nbuzg\u00f3n evezgetett,<br \/>\nk\u00fcszk\u00f6dtek a korm\u00e1nnyal<br \/>\na par\u00e1nyi kis kezek.<\/p>\n<p align=\"justify\">H\u00e1rom k\u0151sziv\u00fc kisle\u00e1ny!<br \/>\nIly \u00e1lomsz\u00e9p id\u0151ben<br \/>\nnem \u00e1tall k\u00e9rni egy mes\u00e9t,<br \/>\nmely &#8220;sz\u00e1ll, mint f\u00fcst a l\u00e9gben&#8221;.<br \/>\nMit \u00e9r egy \u00e1rva nyelv, ahol<br \/>\nh\u00e1rom sz\u00f3l ellen\u00e9ben?<\/p>\n<p align=\"justify\">Az els\u0151 kisl\u00e1ny szigor\u00fa,<br \/>\nazt parancsolja: &#8220;Rajta!&#8221;<br \/>\nRem\u00e9nykedik a m\u00e1sodik:<br \/>\n&#8220;Milyen lesz? Csudafajta?&#8221;<br \/>\nA harmadik belekotyog,<br \/>\nsose pihen az ajka.<\/p>\n<p align=\"justify\">De azt\u00e1n csend lesz hirtelen,<br \/>\ns m\u00e1r a t\u00fcnd\u00e9r nyom\u00e1ban<br \/>\nbarangolnak az \u00faj csod\u00e1k<br \/>\nismeretlen hon\u00e1ban,<br \/>\nhol vad s mad\u00e1r besz\u00e9l. Kicsit<br \/>\nhisznek is a csod\u00e1ban.<\/p>\n<p align=\"justify\">\u00c1m a k\u00e9pzelet k\u00fatfeje<br \/>\napadni kezd. El\u00e9g!<br \/>\nF\u00e1radt a mes\u00e9l\u0151 ajak,<br \/>\nhagyjuk h\u00e1t a mes\u00e9t.<br \/>\n&#8220;Majd folytatom&#8230;&#8221;<br \/>\n&#8220;Most van a\u00a0 m a j d !&#8221;<br \/>\nsikongj\u00e1k szertesz\u00e9t.<\/p>\n<p align=\"justify\">\u00cdgy n\u0151tt, sz\u00f6v\u0151d\u00f6tt a mese,<br \/>\nam\u00edg a perc haladt.<br \/>\nMost v\u00e9ge. \u00d6sszef\u0171ztem a<br \/>\nfura-sz\u00edn sz\u00e1lakat,<br \/>\ns v\u00edg csolnakunk m\u00e1r hazatart<br \/>\naz alkonyp\u00edr alatt.<\/p>\n<p align=\"justify\">Alice, tied ez a mese,<br \/>\ntegye gy\u00f6ng\u00e9d kezed<br \/>\nsz\u00e9p gyermek\u00e1lmaid k\u00f6z\u00e9,<br \/>\nmiket eml\u00e9kezet<br \/>\ntart \u00f6ssze, mint hervadt csokort,<br \/>\nmit zar\u00e1ndok szedett.<\/p>\n<p align=\"justify\">***************<\/p>\n<h5 align=\"justify\">Varr\u00f3 D\u00e1niel ford\u00edt\u00e1sa (2008)<\/h5>\n<p>Egy naps\u00fct\u00e9ses d\u00e9lut\u00e1n<br \/>\nSiklik vel\u00fcnk a cs\u00f3nak\u00a0\u00a0 \u00f3<br \/>\nAz evez\u0151ket kezel\u0151\u00a0 ,<br \/>\nHat p\u00f6tt\u00f6m kis kacs\u00f3nak<br \/>\nK\u00f6sz\u00f6nhet\u0151en (s billeg is<br \/>\nNekik betudhat\u00f3lag).<\/p>\n<p>H\u00e1rom gonosz kisl\u00e1nyka! Ej,<br \/>\nE naps\u00fct\u00e9ses \u00e9g<br \/>\nAlatt k\u00e9rlelni engem \u00edgy,<br \/>\nHogy mondjak egy mes\u00e9t!<br \/>\nS kib\u00fajni &#8212; h\u00e1rom ellen egy &#8212;<br \/>\nNem hagynak \u0151k es\u00e9lyt.<\/p>\n<p>Felsz\u00f3l\u00edt zordan egyik\u00fck,<br \/>\nHogy kezdjem el hamar,<br \/>\nA m\u00e1sik kik\u00f6ti, legyen<br \/>\nFelt\u00e9tlen\u00fcl badar,<br \/>\nS bele csup\u00e1n a harmadik<br \/>\nF\u00e9lpercenk\u00e9nt zavar.<\/p>\n<p>Azt\u00e1n cs\u00f6nd lesz egyszerre, mind<br \/>\nN\u00e9m\u00e1n hallgatja itt<br \/>\nAz \u00e1lomb\u00e9li kisle\u00e1ny<br \/>\nCsod\u00e1s kalandjait,<br \/>\nKi \u00e1llatokkal diskur\u00e1l &#8212;<br \/>\n\u00c9s f\u00e9lig elhiszik.<\/p>\n<p>S ha id\u0151nk\u00e9nt a k\u00e9pzelet,<br \/>\nMib\u0151l mes\u00e9m kihajt,<br \/>\nMondv\u00e1n: &#8220;Majd m\u00e1skor folytatom&#8221;<br \/>\nEgy szusszan\u00e1st akart,<br \/>\nH\u00e1rom hangocska v\u00e1gta r\u00e1:<br \/>\n&#8220;Most! Most van m\u00e1r a majd!&#8221;<\/p>\n<p>Csodaorsz\u00e1g t\u00f6rt\u00e9nete<br \/>\nEl\u0151re \u00edgy haladt,<br \/>\nKik\u00f6lt\u0151d\u00f6tt egy hosszu \u00e9s<br \/>\nV\u00edg cs\u00f3nak\u00fat alatt.<br \/>\nMost hazafel\u00e9 evez\u00fcnk,<br \/>\n\u00c9s megy le m\u00e1r a nap.<\/p>\n<p>Aliz! Vedd ezt a furcsa kis<br \/>\nMes\u00e9t finom kezedbe,<br \/>\nS mint messzi f\u00f6ldeken szedett<br \/>\nVir\u00e1got, \u00fagy helyezd le<br \/>\nA gyermek\u00e1lmok szirmait<br \/>\n\u0150rz\u0151 eml\u00e9kezetedbe.<\/p>\n<p align=\"justify\">***************<\/p>\n<h5 align=\"justify\">Szil\u00e1gyi Anik\u00f3 ford\u00edt\u00e1sa (2013)<\/h5>\n<p>Aranys\u00e1rga d\u00e9lut\u00e1non<br \/>\nVisz minket a cs\u00f3nak;<br \/>\nEvez\u0151ink v\u00edzbe m\u00e1rtva<br \/>\nSz\u00e9p k\u00f6r\u00f6ket r\u00f3nak ,<br \/>\nH\u00e1la n\u00e9h\u00e1ny p\u00f6tt\u00f6m, dr\u00e1ga<br \/>\nKisgyermek-kacs\u00f3nak.<\/p>\n<p>Zordon H\u00e1rom! Ilyen \u00f3r\u00e1n,<br \/>\nIlyen egy \u00e9g alatt<br \/>\nMes\u00e9t k\u00e9rni, mikor er\u0151m<br \/>\n\u00dclni alig maradt!<br \/>\nH\u00e1rom ellen mit tehetne<br \/>\nEgyetlen akarat?<\/p>\n<p>&#8220;Rajta!&#8221; adja most parancsba<br \/>\nKir\u00e1lyn\u0151i Pr\u00edma,<br \/>\nSzel\u00eddebben sz\u00f3l Szekunda:<br \/>\n&#8220;Tr\u00e9f\u00e1s verset \u00edr ma?&#8221;<br \/>\nTercia meg nyugton \u00fclve<br \/>\nHallgatna, ha b\u00edrna.<\/p>\n<p>Gondolatban \u00fatra kelnek<br \/>\n\u0150k az \u00e1lom-l\u00e1nnyal,<br \/>\nMegbirk\u00f3znak igaznak hitt<br \/>\nRengeteg tal\u00e1nnyal,<br \/>\n\u00c1llatokkal t\u00e1rsalogva&#8211;<br \/>\nAzt se tudj\u00e1k, h\u00e1nnyal.<\/p>\n<p>Mikor pedig kiapad a<br \/>\nK\u00e9pzeletem k\u00fatja,<br \/>\nS k\u00f6ny\u00f6rg\u00f6k, hogy legk\u00f6zelebb<br \/>\nFolytat\u00f3djon \u00fatja,<br \/>\nK\u00f3rusban j\u00f6n r\u00e1 a v\u00e1lasz,<br \/>\nHogy <em>most<\/em> kezdjem \u00fajra.<\/p>\n<p>Ekk\u00e9pp gy\u0171lt sok furcsa kaland<br \/>\nEgyre nagyobb sz\u00e1mban,<br \/>\nN\u0151tt\u00f6n-n\u0151tt \u00edgy Csodaorsz\u00e1g,<br \/>\nHallgatt\u00e1k \u0151k h\u00e1rman,<br \/>\nS alkonyatra haza\u00e9rt a<br \/>\nCs\u00f3nak nagy vid\u00e1man.<\/p>\n<p>Aliz! Fogd e gyermekmes\u00e9t,<br \/>\nS finom, gyeng\u00e9d k\u00e9zzel<br \/>\nGyermek\u00e1lmok mell\u00e9 fektesd,<br \/>\nMelyekre ha n\u00e9zel,<br \/>\nRejt\u00e9lyes \u00e9s csod\u00e1latos,<br \/>\nMesszi f\u00f6ldre \u00e9rsz el.<\/p>\n<p>&nbsp;<\/p>\n<p>&nbsp;<\/p>\n","protected":false},"excerpt":{"rendered":"<p>Lewis Carroll, 1865. All in the golden afternoon Full leisurely we glide; For both our oars, with little skill, By little arms are plied, While little hands make vain pretence Our wanderings to guide. Ah, cruel Three! In such an hour, Beneath such dreamy weather, To beg a tale of breath too weak To stir [&hellip;]<\/p>\n","protected":false},"author":3,"featured_media":0,"parent":734,"menu_order":0,"comment_status":"closed","ping_status":"closed","template":"","meta":{"footnotes":""},"class_list":["post-930","page","type-page","status-publish","hentry"],"_links":{"self":[{"href":"http:\/\/ieas-szeged.hu\/downtherabbithole\/wp-json\/wp\/v2\/pages\/930","targetHints":{"allow":["GET"]}}],"collection":[{"href":"http:\/\/ieas-szeged.hu\/downtherabbithole\/wp-json\/wp\/v2\/pages"}],"about":[{"href":"http:\/\/ieas-szeged.hu\/downtherabbithole\/wp-json\/wp\/v2\/types\/page"}],"author":[{"embeddable":true,"href":"http:\/\/ieas-szeged.hu\/downtherabbithole\/wp-json\/wp\/v2\/users\/3"}],"replies":[{"embeddable":true,"href":"http:\/\/ieas-szeged.hu\/downtherabbithole\/wp-json\/wp\/v2\/comments?post=930"}],"version-history":[{"count":8,"href":"http:\/\/ieas-szeged.hu\/downtherabbithole\/wp-json\/wp\/v2\/pages\/930\/revisions"}],"predecessor-version":[{"id":1010,"href":"http:\/\/ieas-szeged.hu\/downtherabbithole\/wp-json\/wp\/v2\/pages\/930\/revisions\/1010"}],"up":[{"embeddable":true,"href":"http:\/\/ieas-szeged.hu\/downtherabbithole\/wp-json\/wp\/v2\/pages\/734"}],"wp:attachment":[{"href":"http:\/\/ieas-szeged.hu\/downtherabbithole\/wp-json\/wp\/v2\/media?parent=930"}],"curies":[{"name":"wp","href":"https:\/\/api.w.org\/{rel}","templated":true}]}}