{"id":83,"date":"2017-05-10T19:59:36","date_gmt":"2017-05-10T19:59:36","guid":{"rendered":"http:\/\/ieas-szeged.hu\/downtherabbithole\/?page_id=83"},"modified":"2019-05-05T07:53:49","modified_gmt":"2019-05-05T07:53:49","slug":"keptelensegek","status":"publish","type":"page","link":"http:\/\/ieas-szeged.hu\/downtherabbithole\/keptelensegek\/","title":{"rendered":"Alice K\u00e9pekben"},"content":{"rendered":"<p>Illusztr\u00e1torok<\/p>\n<p><a href=\"http:\/\/ieas-szeged.hu\/downtherabbithole\/keptelensegek\/lewis-carroll-cl-dodgson\/\">Lewis Carroll, 1864<\/a><\/p>\n<p><a href=\"http:\/\/ieas-szeged.hu\/downtherabbithole\/keptelensegek\/sir-john-tenniel\/\">Sir John Tenniel, 1865<\/a><\/p>\n<p><a href=\"http:\/\/ieas-szeged.hu\/downtherabbithole\/keptelensegek\/1907-arthur-rackham\/\">Arthur Rackham, 1907<\/a><\/p>\n<p><a href=\"http:\/\/ieas-szeged.hu\/downtherabbithole\/keptelensegek\/1927-hungarian-anonymous\/\">Hungarian Anonymous, 1927<\/a><\/p>\n<p><a href=\"http:\/\/ieas-szeged.hu\/downtherabbithole\/keptelensegek\/fay-dezso-1935\/\">F\u00e1y Dezs\u0151, 1935<\/a><\/p>\n<p><a href=\"http:\/\/ieas-szeged.hu\/downtherabbithole\/keptelensegek\/szecsko-tamas-1958\/\">Szecsk\u00f3 Tam\u00e1s, 1958<\/a><\/p>\n<p><a href=\"http:\/\/ieas-szeged.hu\/downtherabbithole\/keptelensegek\/szecsko-tamas\/\">Szecsk\u00f3 Tam\u00e1s, 1974<\/a><\/p>\n<p><a href=\"http:\/\/ieas-szeged.hu\/downtherabbithole\/keptelensegek\/szegedi-katalin\/\">Szegedi Katalin, 2007<\/a><\/p>\n<p><a href=\"http:\/\/ieas-szeged.hu\/downtherabbithole\/keptelensegek\/2018-autistic-art\/\">Autistic Art, 2018<\/a><\/p>\n<p>&nbsp;<\/p>\n","protected":false},"excerpt":{"rendered":"<p>Illusztr\u00e1torok Lewis Carroll, 1864 Sir John Tenniel, 1865 Arthur Rackham, 1907 Hungarian Anonymous, 1927 F\u00e1y Dezs\u0151, 1935 Szecsk\u00f3 Tam\u00e1s, 1958 Szecsk\u00f3 Tam\u00e1s, 1974 Szegedi Katalin, 2007 Autistic Art, 2018 &nbsp;<\/p>\n","protected":false},"author":3,"featured_media":0,"parent":0,"menu_order":0,"comment_status":"closed","ping_status":"closed","template":"","meta":{"footnotes":""},"class_list":["post-83","page","type-page","status-publish","hentry"],"_links":{"self":[{"href":"http:\/\/ieas-szeged.hu\/downtherabbithole\/wp-json\/wp\/v2\/pages\/83","targetHints":{"allow":["GET"]}}],"collection":[{"href":"http:\/\/ieas-szeged.hu\/downtherabbithole\/wp-json\/wp\/v2\/pages"}],"about":[{"href":"http:\/\/ieas-szeged.hu\/downtherabbithole\/wp-json\/wp\/v2\/types\/page"}],"author":[{"embeddable":true,"href":"http:\/\/ieas-szeged.hu\/downtherabbithole\/wp-json\/wp\/v2\/users\/3"}],"replies":[{"embeddable":true,"href":"http:\/\/ieas-szeged.hu\/downtherabbithole\/wp-json\/wp\/v2\/comments?post=83"}],"version-history":[{"count":7,"href":"http:\/\/ieas-szeged.hu\/downtherabbithole\/wp-json\/wp\/v2\/pages\/83\/revisions"}],"predecessor-version":[{"id":1423,"href":"http:\/\/ieas-szeged.hu\/downtherabbithole\/wp-json\/wp\/v2\/pages\/83\/revisions\/1423"}],"wp:attachment":[{"href":"http:\/\/ieas-szeged.hu\/downtherabbithole\/wp-json\/wp\/v2\/media?parent=83"}],"curies":[{"name":"wp","href":"https:\/\/api.w.org\/{rel}","templated":true}]}}