{"id":77,"date":"2017-05-10T19:53:25","date_gmt":"2017-05-10T19:53:25","guid":{"rendered":"http:\/\/ieas-szeged.hu\/downtherabbithole\/?page_id=77"},"modified":"2020-03-16T16:29:17","modified_gmt":"2020-03-16T16:29:17","slug":"rolam","status":"publish","type":"page","link":"http:\/\/ieas-szeged.hu\/downtherabbithole\/rolam\/","title":{"rendered":"R\u00f3lam \/CV\/ Oktat\u00e1s!"},"content":{"rendered":"<p><img loading=\"lazy\" decoding=\"async\" class=\"alignnone wp-image-104 size-full\" src=\"http:\/\/ieas-szeged.hu\/downtherabbithole\/wp-content\/uploads\/2017\/05\/New-York-Central-Park.jpg\" alt=\"\" width=\"720\" height=\"508\" srcset=\"http:\/\/ieas-szeged.hu\/downtherabbithole\/wp-content\/uploads\/2017\/05\/New-York-Central-Park.jpg 720w, http:\/\/ieas-szeged.hu\/downtherabbithole\/wp-content\/uploads\/2017\/05\/New-York-Central-Park-300x212.jpg 300w\" sizes=\"auto, (max-width: 720px) 100vw, 720px\" \/><\/p>\n<p><a href=\"http:\/\/ieas-szeged.hu\/downtherabbithole\/rolam\/cv-english\/\">CV (English)<\/a><\/p>\n<p><a href=\"http:\/\/ieas-szeged.hu\/downtherabbithole\/rolam\/konferenciak\/\">Konferenci\u00e1k<\/a><\/p>\n<p><a href=\"http:\/\/ieas-szeged.hu\/downtherabbithole\/rolam\/oktatas\/\"><strong>Oktat\u00e1s\/Kurzusok<\/strong><\/a><\/p>\n<p><a href=\"http:\/\/ieas-szeged.hu\/downtherabbithole\/rolam\/publikaciok\/\">Publik\u00e1ci\u00f3k<\/a><\/p>\n<p><a href=\"http:\/\/ieas-szeged.hu\/downtherabbithole\/rolam\/tudomanyos\/\">Tudom\u00e1nyos<\/a><\/p>\n<p><a href=\"http:\/\/ieas-szeged.hu\/downtherabbithole\/rolam\/vegzettseg\/\">V\u00e9gzetts\u00e9g<\/a><\/p>\n<h4><strong>K\u00e9rchy Anna\u00a0\u00a0\u00a0 <\/strong>habilit\u00e1lt egyetemi docens<\/h4>\n<p>Szegedi Tudom\u00e1nyegyetem, BTK, Angol-Amerikai Int\u00e9zet<\/p>\n<p><u>Munkahelyi c\u00edm<\/u><em><br \/>\n<\/em>Szegedi Tudom\u00e1nyegyetem, BTK, AAI, Angol tsz.<em><br \/>\n<\/em>Szeged 6722, Egyetem u 2, 3303 szoba. Tel: 62-544 526 Fax: 62-544\u00a0259 <em><br \/>\n<\/em><a href=\"mailto:akerchy@gmail.com\">akerchy@ieas-szeged.hu<\/a><\/p>\n<p><strong>Kutat\u00e1si Ter\u00fclet<\/strong><\/p>\n<p>XIX.-XXI. sz\u00e1zadi angol nyelv\u0171 irodalmak, f\u0151k\u00e9nt a n\u0151\u00edr\u00f3k, a gyermek- \u00e9s ifj\u00fas\u00e1gi-(YA), valamint a fantasztikus irodalom, k\u00fcl\u00f6n\u00f6sen a test, a t\u00e1rsadalmi nem \u00e9s a k\u00e9pzelet reprezent\u00e1ci\u00f3inak k\u00e9rd\u00e9sk\u00f6re,<\/p>\n<p>Posztstrukturalista \u00e9s feminista irodalomelm\u00e9let \u00e9s szubjektumszemiotika, a test(\u00edr\u00e1s) elm\u00e9letei, t\u00e1rsadalmi nem \u00e9s fogyat\u00e9koss\u00e1gtudom\u00e1ny, a monstruozit\u00e1s m\u0171v\u00e9szeti \u00e1br\u00e1zol\u00e1sai \u00e9s kult\u00fart\u00f6rt\u00e9nete (freak shows),<\/p>\n<p>Viktori\u00e1nus \u00e9s posztmodern k\u00e9psz\u00f6vegek p\u00e1rhuzamai, az adapt\u00e1ci\u00f3k m\u00e9diumv\u00e1lt\u00e1sai, a (nonszensz mese)fant\u00e1zia \u00e9s a fantasztikum metafikcion\u00e1lis \u00e9s inter\/meta-medi\u00e1lis aspektusai.<\/p>\n<p><a href=\"http:\/\/ieas-szeged.hu\/downtherabbithole\/wp-content\/uploads\/2017\/05\/paris-disneyland.jpg\"><img loading=\"lazy\" decoding=\"async\" class=\"alignnone wp-image-939\" src=\"http:\/\/ieas-szeged.hu\/downtherabbithole\/wp-content\/uploads\/2017\/05\/paris-disneyland.jpg\" alt=\"\" width=\"545\" height=\"724\" \/><\/a><\/p>\n<p>&nbsp;<\/p>\n<p>&nbsp;<\/p>\n","protected":false},"excerpt":{"rendered":"<p>CV (English) Konferenci\u00e1k Oktat\u00e1s\/Kurzusok Publik\u00e1ci\u00f3k Tudom\u00e1nyos V\u00e9gzetts\u00e9g K\u00e9rchy Anna\u00a0\u00a0\u00a0 habilit\u00e1lt egyetemi docens Szegedi Tudom\u00e1nyegyetem, BTK, Angol-Amerikai Int\u00e9zet Munkahelyi c\u00edm Szegedi Tudom\u00e1nyegyetem, BTK, AAI, Angol tsz. Szeged 6722, Egyetem u 2, 3303 szoba. Tel: 62-544 526 Fax: 62-544\u00a0259 akerchy@ieas-szeged.hu Kutat\u00e1si Ter\u00fclet XIX.-XXI. sz\u00e1zadi angol nyelv\u0171 irodalmak, f\u0151k\u00e9nt a n\u0151\u00edr\u00f3k, a gyermek- \u00e9s ifj\u00fas\u00e1gi-(YA), valamint a fantasztikus [&hellip;]<\/p>\n","protected":false},"author":3,"featured_media":0,"parent":0,"menu_order":0,"comment_status":"closed","ping_status":"closed","template":"","meta":{"footnotes":""},"class_list":["post-77","page","type-page","status-publish","hentry"],"_links":{"self":[{"href":"http:\/\/ieas-szeged.hu\/downtherabbithole\/wp-json\/wp\/v2\/pages\/77","targetHints":{"allow":["GET"]}}],"collection":[{"href":"http:\/\/ieas-szeged.hu\/downtherabbithole\/wp-json\/wp\/v2\/pages"}],"about":[{"href":"http:\/\/ieas-szeged.hu\/downtherabbithole\/wp-json\/wp\/v2\/types\/page"}],"author":[{"embeddable":true,"href":"http:\/\/ieas-szeged.hu\/downtherabbithole\/wp-json\/wp\/v2\/users\/3"}],"replies":[{"embeddable":true,"href":"http:\/\/ieas-szeged.hu\/downtherabbithole\/wp-json\/wp\/v2\/comments?post=77"}],"version-history":[{"count":12,"href":"http:\/\/ieas-szeged.hu\/downtherabbithole\/wp-json\/wp\/v2\/pages\/77\/revisions"}],"predecessor-version":[{"id":1693,"href":"http:\/\/ieas-szeged.hu\/downtherabbithole\/wp-json\/wp\/v2\/pages\/77\/revisions\/1693"}],"wp:attachment":[{"href":"http:\/\/ieas-szeged.hu\/downtherabbithole\/wp-json\/wp\/v2\/media?parent=77"}],"curies":[{"name":"wp","href":"https:\/\/api.w.org\/{rel}","templated":true}]}}