{"id":760,"date":"2017-06-21T16:57:50","date_gmt":"2017-06-21T16:57:50","guid":{"rendered":"http:\/\/ieas-szeged.hu\/downtherabbithole\/?page_id=760"},"modified":"2017-09-28T19:05:42","modified_gmt":"2017-09-28T19:05:42","slug":"the-mouses-tail","status":"publish","type":"page","link":"http:\/\/ieas-szeged.hu\/downtherabbithole\/sample-page\/versbetetek\/the-mouses-tail\/","title":{"rendered":"The Mouse&#8217;s Tale"},"content":{"rendered":"<p>&nbsp;<\/p>\n<div class=\"two-column-split\">\n<div class=\"column\"><strong>Carroll&#8217;s original version: The Mouse\u2019s tale<br \/>\n<\/strong>We lived beneath the mat,<br \/>\nWarm and snug and fat,<br \/>\nBut one woe, and that<br \/>\nWas the Cat!To our joys a clog,<br \/>\nIn our eyes a fog,<br \/>\nOn your hearts a log,<br \/>\nWas the Dog!<\/p>\n<p>When the Cat\u2019s away,<br \/>\nThen the mice will play,<br \/>\nBut alas! one day,<br \/>\n(So they say)<\/p>\n<p>Came the Dog and Cat,<br \/>\nhunting for a Rat,<br \/>\nCrushed the mice all flat,<br \/>\nEach one as he sat,<br \/>\nUnderneath the mat,<br \/>\nWarm and snug and fat,<br \/>\nThink of that!<\/p>\n<p>&nbsp;<\/p>\n<\/div>\n<div class=\"column last\"><strong>The Mouse\u2019s tale (Carroll&#8217;s later version)<\/strong>`Fury said to a mouse,<br \/>\nThat he met in the house,<br \/>\n\u201cLet us both go to law: I will prosecute YOU.<br \/>\n\u2013Come, I\u2019ll take no denial;<br \/>\nWe must have a trial:<br \/>\nFor really this morning I\u2019ve nothing to do.\u201d<br \/>\nSaid the mouse to the cur,<br \/>\n\u201cSuch a trial, dear Sir,<br \/>\nWith no jury or judge, would be wasting our breath.\u201d<br \/>\n\u201cI\u2019ll be judge, I\u2019ll be jury,\u201d<br \/>\nSaid cunning old Fury:<br \/>\n\u201cI\u2019ll try the whole cause, and condemn you to death.\u201d\u2018<\/div>\n<\/div>\n<p><strong>Final quatrain modified in Books of Wonder editions.<\/strong><\/p>\n<p><em>Said the mouse to the cur. \u201cSuch a trial, dear Sir.<br \/>\nWith no jury or judge, would be tedious and dry.\u201d<br \/>\n\u201cI\u2019ll be the jury,\u201d said cunning old Fury:<br \/>\n\u201cI\u2019ll try the whole cause, and condemn you to die.\u201d<br \/>\n<\/em><\/p>\n<p>&nbsp;<\/p>\n<p><a href=\"http:\/\/ieas-szeged.hu\/downtherabbithole\/wp-content\/uploads\/2017\/06\/mouses-tail.jpg\"><img loading=\"lazy\" decoding=\"async\" class=\"alignnone size-full wp-image-762\" src=\"http:\/\/ieas-szeged.hu\/downtherabbithole\/wp-content\/uploads\/2017\/06\/mouses-tail.jpg\" alt=\"\" width=\"901\" height=\"1897\" srcset=\"http:\/\/ieas-szeged.hu\/downtherabbithole\/wp-content\/uploads\/2017\/06\/mouses-tail.jpg 901w, http:\/\/ieas-szeged.hu\/downtherabbithole\/wp-content\/uploads\/2017\/06\/mouses-tail-142x300.jpg 142w, http:\/\/ieas-szeged.hu\/downtherabbithole\/wp-content\/uploads\/2017\/06\/mouses-tail-768x1617.jpg 768w, http:\/\/ieas-szeged.hu\/downtherabbithole\/wp-content\/uploads\/2017\/06\/mouses-tail-486x1024.jpg 486w, http:\/\/ieas-szeged.hu\/downtherabbithole\/wp-content\/uploads\/2017\/06\/mouses-tail-900x1895.jpg 900w\" sizes=\"auto, (max-width: 901px) 100vw, 901px\" \/><\/a><\/p>\n<h5>Juh\u00e1sz Andor ford\u00edt\u00e1sa (1929)<\/h5>\n<p><a href=\"http:\/\/ieas-szeged.hu\/downtherabbithole\/wp-content\/uploads\/2017\/06\/eg\u00e9r-mese-csak.jpg\"><img loading=\"lazy\" decoding=\"async\" class=\"alignnone size-full wp-image-765\" src=\"http:\/\/ieas-szeged.hu\/downtherabbithole\/wp-content\/uploads\/2017\/06\/eg\u00e9r-mese-csak.jpg\" alt=\"\" width=\"603\" height=\"1378\" srcset=\"http:\/\/ieas-szeged.hu\/downtherabbithole\/wp-content\/uploads\/2017\/06\/eg\u00e9r-mese-csak.jpg 603w, http:\/\/ieas-szeged.hu\/downtherabbithole\/wp-content\/uploads\/2017\/06\/eg\u00e9r-mese-csak-131x300.jpg 131w, http:\/\/ieas-szeged.hu\/downtherabbithole\/wp-content\/uploads\/2017\/06\/eg\u00e9r-mese-csak-448x1024.jpg 448w\" sizes=\"auto, (max-width: 603px) 100vw, 603px\" \/><\/a><\/p>\n<h5>Kosztol\u00e1nyi Dezs\u0151 ford\u00edt\u00e1sa (1935)<\/h5>\n<p><a href=\"http:\/\/ieas-szeged.hu\/downtherabbithole\/wp-content\/uploads\/2017\/06\/eg\u00e9r1.jpg\"><img loading=\"lazy\" decoding=\"async\" class=\"alignnone wp-image-767\" src=\"http:\/\/ieas-szeged.hu\/downtherabbithole\/wp-content\/uploads\/2017\/06\/eg\u00e9r1.jpg\" alt=\"\" width=\"575\" height=\"763\" \/><\/a><a href=\"http:\/\/ieas-szeged.hu\/downtherabbithole\/wp-content\/uploads\/2017\/06\/eg\u00e9r2.jpg\"><img loading=\"lazy\" decoding=\"async\" class=\"alignnone wp-image-768\" src=\"http:\/\/ieas-szeged.hu\/downtherabbithole\/wp-content\/uploads\/2017\/06\/eg\u00e9r2.jpg\" alt=\"\" width=\"566\" height=\"851\" \/><\/a><\/p>\n<h5>Szobotka Tibor ford\u00edt\u00e1sa (1958)<\/h5>\n<div class=\"mceTemp\"><\/div>\n<p><a href=\"http:\/\/ieas-szeged.hu\/downtherabbithole\/wp-content\/uploads\/2017\/06\/EPSON001-2.jpg\"><img loading=\"lazy\" decoding=\"async\" class=\"size-full wp-image-773\" src=\"http:\/\/ieas-szeged.hu\/downtherabbithole\/wp-content\/uploads\/2017\/06\/EPSON001-2.jpg\" alt=\"\" width=\"620\" height=\"1169\" srcset=\"http:\/\/ieas-szeged.hu\/downtherabbithole\/wp-content\/uploads\/2017\/06\/EPSON001-2.jpg 620w, http:\/\/ieas-szeged.hu\/downtherabbithole\/wp-content\/uploads\/2017\/06\/EPSON001-2-159x300.jpg 159w, http:\/\/ieas-szeged.hu\/downtherabbithole\/wp-content\/uploads\/2017\/06\/EPSON001-2-543x1024.jpg 543w\" sizes=\"auto, (max-width: 620px) 100vw, 620px\" \/><\/a><\/p>\n<p><a href=\"http:\/\/ieas-szeged.hu\/downtherabbithole\/wp-content\/uploads\/2017\/06\/EPSON002.jpg\"><img loading=\"lazy\" decoding=\"async\" class=\"size-full wp-image-774\" src=\"http:\/\/ieas-szeged.hu\/downtherabbithole\/wp-content\/uploads\/2017\/06\/EPSON002.jpg\" alt=\"\" width=\"694\" height=\"847\" srcset=\"http:\/\/ieas-szeged.hu\/downtherabbithole\/wp-content\/uploads\/2017\/06\/EPSON002.jpg 694w, http:\/\/ieas-szeged.hu\/downtherabbithole\/wp-content\/uploads\/2017\/06\/EPSON002-246x300.jpg 246w\" sizes=\"auto, (max-width: 694px) 100vw, 694px\" \/><\/a><\/p>\n<h5>Varr\u00f3 D\u00e1niel ford\u00edt\u00e1sa (2009)<\/h5>\n<p><a href=\"http:\/\/ieas-szeged.hu\/downtherabbithole\/wp-content\/uploads\/2017\/06\/Varr\u00f3-Eg\u00e9r.jpg\"><img loading=\"lazy\" decoding=\"async\" class=\"alignnone size-full wp-image-770\" src=\"http:\/\/ieas-szeged.hu\/downtherabbithole\/wp-content\/uploads\/2017\/06\/Varr\u00f3-Eg\u00e9r.jpg\" alt=\"\" width=\"1475\" height=\"2561\" srcset=\"http:\/\/ieas-szeged.hu\/downtherabbithole\/wp-content\/uploads\/2017\/06\/Varr\u00f3-Eg\u00e9r.jpg 1475w, http:\/\/ieas-szeged.hu\/downtherabbithole\/wp-content\/uploads\/2017\/06\/Varr\u00f3-Eg\u00e9r-173x300.jpg 173w, http:\/\/ieas-szeged.hu\/downtherabbithole\/wp-content\/uploads\/2017\/06\/Varr\u00f3-Eg\u00e9r-768x1333.jpg 768w, http:\/\/ieas-szeged.hu\/downtherabbithole\/wp-content\/uploads\/2017\/06\/Varr\u00f3-Eg\u00e9r-590x1024.jpg 590w, http:\/\/ieas-szeged.hu\/downtherabbithole\/wp-content\/uploads\/2017\/06\/Varr\u00f3-Eg\u00e9r-900x1563.jpg 900w, http:\/\/ieas-szeged.hu\/downtherabbithole\/wp-content\/uploads\/2017\/06\/Varr\u00f3-Eg\u00e9r-1280x2222.jpg 1280w\" sizes=\"auto, (max-width: 1475px) 100vw, 1475px\" \/><\/a><\/p>\n<p>&nbsp;<\/p>\n<h5>Szil\u00e1gyi Anik\u00f3 ford\u00edt\u00e1sa (2013)<\/h5>\n<p><a href=\"http:\/\/ieas-szeged.hu\/downtherabbithole\/wp-content\/uploads\/2017\/06\/Szil\u00e1gyi-eg\u00e9r.jpg\"><img loading=\"lazy\" decoding=\"async\" class=\"alignnone size-full wp-image-771\" src=\"http:\/\/ieas-szeged.hu\/downtherabbithole\/wp-content\/uploads\/2017\/06\/Szil\u00e1gyi-eg\u00e9r.jpg\" alt=\"\" width=\"1267\" height=\"2441\" srcset=\"http:\/\/ieas-szeged.hu\/downtherabbithole\/wp-content\/uploads\/2017\/06\/Szil\u00e1gyi-eg\u00e9r.jpg 1267w, http:\/\/ieas-szeged.hu\/downtherabbithole\/wp-content\/uploads\/2017\/06\/Szil\u00e1gyi-eg\u00e9r-156x300.jpg 156w, http:\/\/ieas-szeged.hu\/downtherabbithole\/wp-content\/uploads\/2017\/06\/Szil\u00e1gyi-eg\u00e9r-768x1480.jpg 768w, http:\/\/ieas-szeged.hu\/downtherabbithole\/wp-content\/uploads\/2017\/06\/Szil\u00e1gyi-eg\u00e9r-532x1024.jpg 532w, http:\/\/ieas-szeged.hu\/downtherabbithole\/wp-content\/uploads\/2017\/06\/Szil\u00e1gyi-eg\u00e9r-900x1734.jpg 900w\" sizes=\"auto, (max-width: 1267px) 100vw, 1267px\" \/><\/a><\/p>\n","protected":false},"excerpt":{"rendered":"<p>&nbsp; Carroll&#8217;s original version: The Mouse\u2019s tale We lived beneath the mat, Warm and snug and fat, But one woe, and that Was the Cat!To our joys a clog, In our eyes a fog, On your hearts a log, Was the Dog! When the Cat\u2019s away, Then the mice will play, But alas! one day, [&hellip;]<\/p>\n","protected":false},"author":3,"featured_media":0,"parent":734,"menu_order":0,"comment_status":"closed","ping_status":"closed","template":"","meta":{"footnotes":""},"class_list":["post-760","page","type-page","status-publish","hentry"],"_links":{"self":[{"href":"http:\/\/ieas-szeged.hu\/downtherabbithole\/wp-json\/wp\/v2\/pages\/760","targetHints":{"allow":["GET"]}}],"collection":[{"href":"http:\/\/ieas-szeged.hu\/downtherabbithole\/wp-json\/wp\/v2\/pages"}],"about":[{"href":"http:\/\/ieas-szeged.hu\/downtherabbithole\/wp-json\/wp\/v2\/types\/page"}],"author":[{"embeddable":true,"href":"http:\/\/ieas-szeged.hu\/downtherabbithole\/wp-json\/wp\/v2\/users\/3"}],"replies":[{"embeddable":true,"href":"http:\/\/ieas-szeged.hu\/downtherabbithole\/wp-json\/wp\/v2\/comments?post=760"}],"version-history":[{"count":10,"href":"http:\/\/ieas-szeged.hu\/downtherabbithole\/wp-json\/wp\/v2\/pages\/760\/revisions"}],"predecessor-version":[{"id":1015,"href":"http:\/\/ieas-szeged.hu\/downtherabbithole\/wp-json\/wp\/v2\/pages\/760\/revisions\/1015"}],"up":[{"embeddable":true,"href":"http:\/\/ieas-szeged.hu\/downtherabbithole\/wp-json\/wp\/v2\/pages\/734"}],"wp:attachment":[{"href":"http:\/\/ieas-szeged.hu\/downtherabbithole\/wp-json\/wp\/v2\/media?parent=760"}],"curies":[{"name":"wp","href":"https:\/\/api.w.org\/{rel}","templated":true}]}}