{"id":736,"date":"2017-06-20T18:43:59","date_gmt":"2017-06-20T18:43:59","guid":{"rendered":"http:\/\/ieas-szeged.hu\/downtherabbithole\/?page_id=736"},"modified":"2017-09-28T19:05:20","modified_gmt":"2017-09-28T19:05:20","slug":"how-doth-the-little-crocodile","status":"publish","type":"page","link":"http:\/\/ieas-szeged.hu\/downtherabbithole\/sample-page\/versbetetek\/how-doth-the-little-crocodile\/","title":{"rendered":"How doth the little crocodile"},"content":{"rendered":"<h5>Az eredeti: a szorgalom er\u00e9ny\u00e9re int\u0151, vall\u00e1sos, didaktikus, moraliz\u00e1l\u00f3 k\u00f6ltem\u00e9ny<\/h5>\n<p>ISAAC WATTS: AGAINST IDELENESS AND MISCHIEF (1715)<\/p>\n<p>How doth the little busy bee<br \/>\nImprove each shining hour,<br \/>\nAnd gather honey all the day<br \/>\nFrom every opening flower.<\/p>\n<p>How skilfully she builds her cell!<br \/>\nHow neat she spreads the wax!<br \/>\nAnd labours hard to store it well<br \/>\nWith the sweet food she makes.<\/p>\n<p>In works of labour or of skill,<br \/>\nI would be busy too;<br \/>\nFor Satan finds some mischief still<br \/>\nFor idle hands to do.<\/p>\n<p>In books, or work, or healthful play,<br \/>\nLet my first years be passed,<br \/>\nThat I may give for every day<br \/>\nSome good account at last.<\/p>\n<h5>Carroll parodisztikus \u00e1tirata a <em>Csodaorsz\u00e1g<\/em> 2. fejezet\u00e9ben<\/h5>\n<dl>\n<dd>How doth the little crocodile<\/dd>\n<dd>Improve his shining tail<\/dd>\n<dd>And pour the waters of the Nile<\/dd>\n<dd>On every golden scale!<\/dd>\n<\/dl>\n<dl>\n<dd>How cheerfully he seems to grin<\/dd>\n<dd>How neatly spreads his claws<\/dd>\n<dd>And welcomes little fishes in<\/dd>\n<dd>With gently smiling jaws!<\/dd>\n<\/dl>\n<h5>Altay Margit ford\u00edt\u00e1s\u00e1ban (1927) nem szerepel<\/h5>\n<h5>Juh\u00e1sz Andor ford\u00edt\u00e1sa (1929)<\/h5>\n<p>Este van, este van, az eperfa hallgat,<br \/>\nBallag egy kis cica, nekimegy a falnak.<br \/>\nAjt\u00f3n\u00e1l egy zsir\u00e1f bogar\u00e1szni restel,<br \/>\n\u00d3vakodva l\u00e9pked, hosszan elny\u00falt testtel.<\/p>\n<p>Udvaron feh\u00e9rlik sz\u0151re egy tev\u00e9nek,<br \/>\nA gazdasszony \u00e9ppen az im\u00e9nt fej\u00e9 meg.<br \/>\nSzeg\u00e9ny krokodilus, m\u00e1r-m\u00e1r az is \u00e9hes,<br \/>\nH\u00edvj\u00e1k a gyerekek, &#8221; jer k\u00f6zel\u00e9bb, \u00e9des!&#8221;<\/p>\n<h5>Kosztol\u00e1nyi Dezs\u0151 ford\u00edt\u00e1sa (1935)<\/h5>\n<p>Krokodil f\u00fcrdik,<br \/>\nFekete t\u00f3ba,<br \/>\nAnyj\u00e1hoz k\u00e9sz\u00fcl<br \/>\nN\u00e9gerorsz\u00e1gba.<\/p>\n<p>G\u00f6rcs\u00f6s a b\u0151re,<br \/>\nG\u00f6rbe a l\u00e1ba,<br \/>\nFordulj ki, fordulj,<br \/>\nVasorr\u00fa b\u00e1ba.<\/p>\n<h5>Szobotka Tibor ford\u00edt\u00e1sa (1958)<\/h5>\n<p>Ni, test\u00e9t csinos\u00edtja \u00e9pp<br \/>\na krokodilgyerek,<br \/>\nsik\u00e1lja arany pikkely\u00e9t,<br \/>\n\u00f6nt r\u00e1 N\u00edlus-vizet.<\/p>\n<p align=\"justify\">Ni, sz\u00e9p karma hogy sz\u00e9tmered,<br \/>\nbe v\u00edgan somolyog!<br \/>\nSz\u00e1j\u00e1t t\u00e1tja, \u00e9s \u00edgy rebeg:<br \/>\n&#8220;Kis hal, isten hozott!&#8221;<i> <\/i><\/p>\n<h5>Varr\u00f3 D\u00e1niel ford\u00edt\u00e1sa (2009)<\/h5>\n<p>Ni, a szorgos kis alig\u00e1tor<br \/>\nFark\u00e1t f\u00fcr\u00f6szti sz\u00e9pen,<br \/>\nMentesen minden galib\u00e1t\u00f3l<br \/>\nA N\u00edlus k\u00e9k viz\u00e9ben.<\/p>\n<p align=\"justify\">Ni, sz\u00e1j\u00e1t nagy mosolyra h\u00fazza,<br \/>\nA kedves alig\u00e1tor,<br \/>\nS megv\u00e1lik sok hal ott be\u00faszva<br \/>\nA sok kis hal-ig\u00e1t\u00f3l.<i> <\/i><\/p>\n<h5>Szil\u00e1gyi Anik\u00f3 ford\u00edt\u00e1sa (2013)<\/h5>\n<p>N\u00e9zd, a kicsi alig\u00e1tor<br \/>\nA N\u00edlus viz\u00e9ben<br \/>\nHogy tiszt\u00edtja port\u00f3l, s\u00e1rt\u00f3l<br \/>\nSok pikkely\u00e9t sz\u00e9pen.<\/p>\n<p align=\"justify\">Nagyra t\u00e1tja sz\u00e9les sz\u00e1j\u00e1t,<br \/>\n\u00dcgyel a karm\u00e1ra,<br \/>\nApr\u00f3 halak iskol\u00e1j\u00e1t,<br \/>\nV\u00e1rja vacsor\u00e1ra.<i> <\/i><\/p>\n","protected":false},"excerpt":{"rendered":"<p>Az eredeti: a szorgalom er\u00e9ny\u00e9re int\u0151, vall\u00e1sos, didaktikus, moraliz\u00e1l\u00f3 k\u00f6ltem\u00e9ny ISAAC WATTS: AGAINST IDELENESS AND MISCHIEF (1715) How doth the little busy bee Improve each shining hour, And gather honey all the day From every opening flower. How skilfully she builds her cell! How neat she spreads the wax! And labours hard to store it [&hellip;]<\/p>\n","protected":false},"author":3,"featured_media":0,"parent":734,"menu_order":0,"comment_status":"closed","ping_status":"closed","template":"","meta":{"footnotes":""},"class_list":["post-736","page","type-page","status-publish","hentry"],"_links":{"self":[{"href":"http:\/\/ieas-szeged.hu\/downtherabbithole\/wp-json\/wp\/v2\/pages\/736","targetHints":{"allow":["GET"]}}],"collection":[{"href":"http:\/\/ieas-szeged.hu\/downtherabbithole\/wp-json\/wp\/v2\/pages"}],"about":[{"href":"http:\/\/ieas-szeged.hu\/downtherabbithole\/wp-json\/wp\/v2\/types\/page"}],"author":[{"embeddable":true,"href":"http:\/\/ieas-szeged.hu\/downtherabbithole\/wp-json\/wp\/v2\/users\/3"}],"replies":[{"embeddable":true,"href":"http:\/\/ieas-szeged.hu\/downtherabbithole\/wp-json\/wp\/v2\/comments?post=736"}],"version-history":[{"count":8,"href":"http:\/\/ieas-szeged.hu\/downtherabbithole\/wp-json\/wp\/v2\/pages\/736\/revisions"}],"predecessor-version":[{"id":1014,"href":"http:\/\/ieas-szeged.hu\/downtherabbithole\/wp-json\/wp\/v2\/pages\/736\/revisions\/1014"}],"up":[{"embeddable":true,"href":"http:\/\/ieas-szeged.hu\/downtherabbithole\/wp-json\/wp\/v2\/pages\/734"}],"wp:attachment":[{"href":"http:\/\/ieas-szeged.hu\/downtherabbithole\/wp-json\/wp\/v2\/media?parent=736"}],"curies":[{"name":"wp","href":"https:\/\/api.w.org\/{rel}","templated":true}]}}