{"id":73,"date":"2017-05-10T19:50:04","date_gmt":"2017-05-10T19:50:04","guid":{"rendered":"http:\/\/ieas-szeged.hu\/downtherabbithole\/?page_id=73"},"modified":"2017-09-15T15:42:15","modified_gmt":"2017-09-15T15:42:15","slug":"mad-tea-party","status":"publish","type":"page","link":"http:\/\/ieas-szeged.hu\/downtherabbithole\/sample-page\/mad-tea-party\/","title":{"rendered":"Mad Tea Party"},"content":{"rendered":"<p>&#8220;<a href=\"http:\/\/ieas-szeged.hu\/downtherabbithole\/wp-content\/uploads\/2017\/05\/A-Mad-tea-party-CHAPTER-VII.pdf\">A Mad Tea-Party.&#8221;<\/a> Lewis Carroll.\u00a0 <a href=\"https:\/\/www.adobe.com\/be_en\/active-use\/pdf\/Alice_in_Wonderland.pdf\"><em>Alice\u2019s Adventures in Wonderland<\/em><\/a>. London: Macmillan, 1865.<\/p>\n<p><a href=\"http:\/\/ieas-szeged.hu\/downtherabbithole\/sample-page\/mad-tea-party\/1927-altay\/\">&#8220;Az eszeveszett teat\u00e1rsas\u00e1g.&#8221;<\/a> in<em> Alice a Csod\u00e1k orsz\u00e1g\u00e1ban.<\/em> Ford. Altay Margit. Budapest: Pallas, 1927.<\/p>\n<p>&#8220;<a href=\"http:\/\/ieas-szeged.hu\/downtherabbithole\/sample-page\/mad-tea-party\/1929-juhasz-andor\/\">A bolond-uzsonna.&#8221;<\/a> in<em> Alisz kalandjai Csodaorsz\u00e1gban. <\/em>Ford. Juh\u00e1sz Andor. Budapest: B\u00e9ta Irodalmi R\u00e9szv\u00e9nyt\u00e1rsas\u00e1g, 1929.<\/p>\n<p><a href=\"http:\/\/ieas-szeged.hu\/downtherabbithole\/sample-page\/mad-tea-party\/kosztolanyi-1936\/\">&#8220;\u00c1prilis Bolondja meg a R\u00e9szeg Kefek\u00f6t\u0151.&#8221;<\/a> in<em> \u00c9vike T\u00fcnd\u00e9rorsz\u00e1gban. <\/em>Ford. Kosztol\u00e1nyi Dezs\u0151. Budapest: Gergely R, 1935.<\/p>\n<p><a href=\"http:\/\/ieas-szeged.hu\/downtherabbithole\/sample-page\/mad-tea-party\/kosztolanyi-szobotka-1958\/\">&#8220;Bolondok uzsonn\u00e1ja.&#8221;<\/a> in<em> Alice Csodaorsz\u00e1gban. <\/em>Ford. Kosztol\u00e1nyi Dezs\u0151 \u00e9s Szobotka Tibor. Budapest: M\u00f3ra, 1958.<\/p>\n<p><a href=\"http:\/\/ieas-szeged.hu\/downtherabbithole\/sample-page\/mad-tea-party\/2009-varro-zsuzsa-es-daniel\/\">&#8220;Bolondos tead\u00e9lut\u00e1n.&#8221;<\/a> in<em> Aliz kalandjai Csodaorsz\u00e1gban \u00e9s a t\u00fck\u00f6r m\u00e1sik oldal\u00e1n. <\/em>Ford. Varr\u00f3 Zsuzsa \u00e9s D\u00e1niel. Budapest: Sziget, 2009.<\/p>\n<p><a href=\"http:\/\/ieas-szeged.hu\/downtherabbithole\/sample-page\/mad-tea-party\/2013-szilagyi\/\">&#8220;Egy bolondos tead\u00e9lut\u00e1n.&#8221;<\/a> in<em> Aliz Csodaorsz\u00e1gban<\/em>. Ford. Szil\u00e1gyi Anik\u00f3. Cathair na Mart: Everytype, 2013.<\/p>\n<p><a href=\"http:\/\/ieas-szeged.hu\/downtherabbithole\/sample-page\/mad-tea-party\/2017-laszlo-noemi\/\">&#8220;Dilid\u00e9lut\u00e1n.&#8221;<\/a> in <em>Alice Csodaorsz\u00e1gban<\/em>. Lesley Sims r\u00f6vid\u00edtett \u00e1tirata. Ford. L\u00e1szl\u00f3 No\u00e9mi. Budapest: Holnap, 2017.<\/p>\n","protected":false},"excerpt":{"rendered":"<p>&#8220;A Mad Tea-Party.&#8221; Lewis Carroll.\u00a0 Alice\u2019s Adventures in Wonderland. London: Macmillan, 1865. &#8220;Az eszeveszett teat\u00e1rsas\u00e1g.&#8221; in Alice a Csod\u00e1k orsz\u00e1g\u00e1ban. Ford. Altay Margit. Budapest: Pallas, 1927. &#8220;A bolond-uzsonna.&#8221; in Alisz kalandjai Csodaorsz\u00e1gban. Ford. Juh\u00e1sz Andor. Budapest: B\u00e9ta Irodalmi R\u00e9szv\u00e9nyt\u00e1rsas\u00e1g, 1929. &#8220;\u00c1prilis Bolondja meg a R\u00e9szeg Kefek\u00f6t\u0151.&#8221; in \u00c9vike T\u00fcnd\u00e9rorsz\u00e1gban. Ford. Kosztol\u00e1nyi Dezs\u0151. Budapest: Gergely R, [&hellip;]<\/p>\n","protected":false},"author":3,"featured_media":0,"parent":2,"menu_order":0,"comment_status":"closed","ping_status":"closed","template":"","meta":{"footnotes":""},"class_list":["post-73","page","type-page","status-publish","hentry"],"_links":{"self":[{"href":"http:\/\/ieas-szeged.hu\/downtherabbithole\/wp-json\/wp\/v2\/pages\/73","targetHints":{"allow":["GET"]}}],"collection":[{"href":"http:\/\/ieas-szeged.hu\/downtherabbithole\/wp-json\/wp\/v2\/pages"}],"about":[{"href":"http:\/\/ieas-szeged.hu\/downtherabbithole\/wp-json\/wp\/v2\/types\/page"}],"author":[{"embeddable":true,"href":"http:\/\/ieas-szeged.hu\/downtherabbithole\/wp-json\/wp\/v2\/users\/3"}],"replies":[{"embeddable":true,"href":"http:\/\/ieas-szeged.hu\/downtherabbithole\/wp-json\/wp\/v2\/comments?post=73"}],"version-history":[{"count":6,"href":"http:\/\/ieas-szeged.hu\/downtherabbithole\/wp-json\/wp\/v2\/pages\/73\/revisions"}],"predecessor-version":[{"id":925,"href":"http:\/\/ieas-szeged.hu\/downtherabbithole\/wp-json\/wp\/v2\/pages\/73\/revisions\/925"}],"up":[{"embeddable":true,"href":"http:\/\/ieas-szeged.hu\/downtherabbithole\/wp-json\/wp\/v2\/pages\/2"}],"wp:attachment":[{"href":"http:\/\/ieas-szeged.hu\/downtherabbithole\/wp-json\/wp\/v2\/media?parent=73"}],"curies":[{"name":"wp","href":"https:\/\/api.w.org\/{rel}","templated":true}]}}