{"id":655,"date":"2017-06-11T11:48:23","date_gmt":"2017-06-11T11:48:23","guid":{"rendered":"http:\/\/ieas-szeged.hu\/downtherabbithole\/?page_id=655"},"modified":"2017-06-11T11:48:30","modified_gmt":"2017-06-11T11:48:30","slug":"szepirodalom","status":"publish","type":"page","link":"http:\/\/ieas-szeged.hu\/downtherabbithole\/lewis-carroll\/szepirodalom\/","title":{"rendered":"Sz\u00e9pirodalom"},"content":{"rendered":"<p><strong>Alice\u2019s Adventures in Wonderland<\/strong><\/p>\n<p>Carroll, Lewis. <em>Alice a Csod\u00e1k orsz\u00e1g\u00e1ban.<\/em> Ford. Altay Margit. Budapest: Pallas, 1927.<\/p>\n<p>Carroll, Lewis. <em>Alisz kalandjai Csodaorsz\u00e1gban. <\/em>Ford. Juh\u00e1sz Andor. Budapest: B\u00e9ta Irodalmi R\u00e9szv\u00e9nyt\u00e1rsas\u00e1g, 1929.<\/p>\n<p>Carroll, Lewis. <em>\u00c9vike T\u00fcnd\u00e9rorsz\u00e1gban. <\/em>Ford. Kosztol\u00e1nyi Dezs\u0151. Budapest: Gergely R, 1935.<\/p>\n<p>Carroll, Lewis. <em><a href=\"http:\/\/mek.oszk.hu\/00300\/00348\/html\/\">Alice Csodaorsz\u00e1gban<\/a>. <\/em>Ford. Kosztol\u00e1nyi Dezs\u0151 \u00e9s Szobotka Tibor. Budapest: M\u00f3ra, 1958.<\/p>\n<p>Carroll, Lewis. <em>Aliz Csodaorsz\u00e1gban<\/em>. Ford. Szil\u00e1gyi Anik\u00f3. Cathair na Mart: Everytype, 2013.<\/p>\n<p>Carroll, Lewis. <em>Aliz kalandjai Csodaorsz\u00e1gban \u00e9s a t\u00fck\u00f6r m\u00e1sik oldal\u00e1n. <\/em>Ford. Varr\u00f3 Zsuzsa \u00e9s D\u00e1niel. Budapest: Sziget, 2009.<\/p>\n<p><strong>Through the Looking Glass and What Alice Found There<\/strong><\/p>\n<p>Carroll, Lewis. <a href=\"http:\/\/mek.oszk.hu\/02900\/02914\/02914.htm\"><em>Alice T\u00fck\u00f6rorsz\u00e1gban<\/em><\/a>. Ford. R\u00e9vb\u00edr\u00f3 Tam\u00e1s \u00e9s T\u00f3tfalusi Istv\u00e1n. Budapest: M\u00f3ra, 1980.<\/p>\n<p>Carroll, Lewis. <em>Aliz kalandjai Csodaorsz\u00e1gban \u00e9s a t\u00fck\u00f6r m\u00e1sik oldal\u00e1n. <\/em>Ford. Varr\u00f3 Zsuzsa \u00e9s D\u00e1niel. Budapest: Sziget, 2009.<\/p>\n<p><strong>The Hunting of the Snark<\/strong><\/p>\n<p>J\u00f3nai Zs Bal\u00e1zs, ford. <a href=\"http:\/\/mek.oszk.hu\/10200\/10242\/10242.htm\"><em>A Szn\u00e1rk vad\u00e1szat<\/em><\/a>. MEK.OSZK.<\/p>\n<p>Mann Lajos, ford. <a href=\"http:\/\/docplayer.hu\/4672654-.html\"><em>A Sny\u00e1rk vad\u00e1szat<\/em><\/a>. <em>Irodalmi Jelen<\/em>. 2006. Szept. VI\/59. 7-9.<\/p>\n<p><strong>A Tangled Tale<\/strong><\/p>\n<p>Lewis Carroll. <em>Gubancmese<\/em>. Csaba Ferenc, ford. Arthur B Frost \u00e9s Mall\u00e1r Gabriella illusztr\u00e1ci\u00f3val. Budapest: Typotext, 2011.<\/p>\n<p><strong>Sylvie and Bruno<\/strong><\/p>\n<p>Lewis Carroll, <em>Sylvie \u00e9s Bruno<\/em>. Harry Furniss illusztr\u00e1ci\u00f3ival. Ford. R\u00e9t Vikt\u00f3ria \u00e9s Varr\u00f3 D\u00e1niel. Budapest: Noran, 2008.<\/p>\n<p>Lewis Carroll, <em>Sylvie \u00e9s Bruno. A T\u00f6rt\u00e9net v\u00e9ge<\/em>. Harry Furniss illusztr\u00e1ci\u00f3ival. Ford. Gergely Zsuzsa. Vers ford. N Kiss Zuszsa. Budapest, Noran, 2010.<\/p>\n","protected":false},"excerpt":{"rendered":"<p>Alice\u2019s Adventures in Wonderland Carroll, Lewis. Alice a Csod\u00e1k orsz\u00e1g\u00e1ban. Ford. Altay Margit. Budapest: Pallas, 1927. Carroll, Lewis. Alisz kalandjai Csodaorsz\u00e1gban. Ford. Juh\u00e1sz Andor. Budapest: B\u00e9ta Irodalmi R\u00e9szv\u00e9nyt\u00e1rsas\u00e1g, 1929. Carroll, Lewis. \u00c9vike T\u00fcnd\u00e9rorsz\u00e1gban. Ford. Kosztol\u00e1nyi Dezs\u0151. Budapest: Gergely R, 1935. Carroll, Lewis. Alice Csodaorsz\u00e1gban. Ford. Kosztol\u00e1nyi Dezs\u0151 \u00e9s Szobotka Tibor. Budapest: M\u00f3ra, 1958. Carroll, Lewis. [&hellip;]<\/p>\n","protected":false},"author":3,"featured_media":0,"parent":187,"menu_order":0,"comment_status":"closed","ping_status":"closed","template":"","meta":{"footnotes":""},"class_list":["post-655","page","type-page","status-publish","hentry"],"_links":{"self":[{"href":"http:\/\/ieas-szeged.hu\/downtherabbithole\/wp-json\/wp\/v2\/pages\/655","targetHints":{"allow":["GET"]}}],"collection":[{"href":"http:\/\/ieas-szeged.hu\/downtherabbithole\/wp-json\/wp\/v2\/pages"}],"about":[{"href":"http:\/\/ieas-szeged.hu\/downtherabbithole\/wp-json\/wp\/v2\/types\/page"}],"author":[{"embeddable":true,"href":"http:\/\/ieas-szeged.hu\/downtherabbithole\/wp-json\/wp\/v2\/users\/3"}],"replies":[{"embeddable":true,"href":"http:\/\/ieas-szeged.hu\/downtherabbithole\/wp-json\/wp\/v2\/comments?post=655"}],"version-history":[{"count":1,"href":"http:\/\/ieas-szeged.hu\/downtherabbithole\/wp-json\/wp\/v2\/pages\/655\/revisions"}],"predecessor-version":[{"id":656,"href":"http:\/\/ieas-szeged.hu\/downtherabbithole\/wp-json\/wp\/v2\/pages\/655\/revisions\/656"}],"up":[{"embeddable":true,"href":"http:\/\/ieas-szeged.hu\/downtherabbithole\/wp-json\/wp\/v2\/pages\/187"}],"wp:attachment":[{"href":"http:\/\/ieas-szeged.hu\/downtherabbithole\/wp-json\/wp\/v2\/media?parent=655"}],"curies":[{"name":"wp","href":"https:\/\/api.w.org\/{rel}","templated":true}]}}