{"id":640,"date":"2017-06-10T22:21:48","date_gmt":"2017-06-10T22:21:48","guid":{"rendered":"http:\/\/ieas-szeged.hu\/downtherabbithole\/?page_id=640"},"modified":"2017-06-10T22:23:45","modified_gmt":"2017-06-10T22:23:45","slug":"1927-hungarian-anonymous","status":"publish","type":"page","link":"http:\/\/ieas-szeged.hu\/downtherabbithole\/keptelensegek\/1927-hungarian-anonymous\/","title":{"rendered":"1927, Hungarian Anonymous"},"content":{"rendered":"<div>Alice a Csod\u00e1k orsz\u00e1g\u00e1ban. Budapest: Pallas, 1927. Ford. Altay Margit. A T\u00fcnd\u00e9rv\u00e1s\u00e1r gyereklap mell\u00e9klete. Hat tollrajz Arthur Rackham illusztr\u00e1ci\u00f3inak st\u00edlus\u00e1ban.<\/div>\n<div><\/div>\n<div><a href=\"http:\/\/ieas-szeged.hu\/downtherabbithole\/wp-content\/uploads\/2017\/06\/1251_27_0001.jpg\"><img loading=\"lazy\" decoding=\"async\" class=\"alignnone size-full wp-image-641\" src=\"http:\/\/ieas-szeged.hu\/downtherabbithole\/wp-content\/uploads\/2017\/06\/1251_27_0001.jpg\" alt=\"\" width=\"1415\" height=\"852\" srcset=\"http:\/\/ieas-szeged.hu\/downtherabbithole\/wp-content\/uploads\/2017\/06\/1251_27_0001.jpg 1415w, http:\/\/ieas-szeged.hu\/downtherabbithole\/wp-content\/uploads\/2017\/06\/1251_27_0001-300x181.jpg 300w, http:\/\/ieas-szeged.hu\/downtherabbithole\/wp-content\/uploads\/2017\/06\/1251_27_0001-768x462.jpg 768w, http:\/\/ieas-szeged.hu\/downtherabbithole\/wp-content\/uploads\/2017\/06\/1251_27_0001-1024x617.jpg 1024w, http:\/\/ieas-szeged.hu\/downtherabbithole\/wp-content\/uploads\/2017\/06\/1251_27_0001-900x542.jpg 900w, http:\/\/ieas-szeged.hu\/downtherabbithole\/wp-content\/uploads\/2017\/06\/1251_27_0001-1280x771.jpg 1280w\" sizes=\"auto, (max-width: 1415px) 100vw, 1415px\" \/><\/a><a href=\"http:\/\/ieas-szeged.hu\/downtherabbithole\/wp-content\/uploads\/2017\/05\/Altay-Margit.png\"><img loading=\"lazy\" decoding=\"async\" class=\"alignnone size-full wp-image-481\" src=\"http:\/\/ieas-szeged.hu\/downtherabbithole\/wp-content\/uploads\/2017\/05\/Altay-Margit.png\" alt=\"\" width=\"650\" height=\"645\" srcset=\"http:\/\/ieas-szeged.hu\/downtherabbithole\/wp-content\/uploads\/2017\/05\/Altay-Margit.png 650w, http:\/\/ieas-szeged.hu\/downtherabbithole\/wp-content\/uploads\/2017\/05\/Altay-Margit-150x150.png 150w, http:\/\/ieas-szeged.hu\/downtherabbithole\/wp-content\/uploads\/2017\/05\/Altay-Margit-300x298.png 300w, http:\/\/ieas-szeged.hu\/downtherabbithole\/wp-content\/uploads\/2017\/05\/Altay-Margit-88x88.png 88w\" sizes=\"auto, (max-width: 650px) 100vw, 650px\" \/><\/a><a href=\"http:\/\/ieas-szeged.hu\/downtherabbithole\/wp-content\/uploads\/2017\/06\/1251_27_0009-2.jpg\"><img loading=\"lazy\" decoding=\"async\" class=\"alignnone size-full wp-image-642\" src=\"http:\/\/ieas-szeged.hu\/downtherabbithole\/wp-content\/uploads\/2017\/06\/1251_27_0009-2.jpg\" alt=\"\" width=\"577\" height=\"764\" srcset=\"http:\/\/ieas-szeged.hu\/downtherabbithole\/wp-content\/uploads\/2017\/06\/1251_27_0009-2.jpg 577w, http:\/\/ieas-szeged.hu\/downtherabbithole\/wp-content\/uploads\/2017\/06\/1251_27_0009-2-227x300.jpg 227w\" sizes=\"auto, (max-width: 577px) 100vw, 577px\" \/><\/a><a href=\"http:\/\/ieas-szeged.hu\/downtherabbithole\/wp-content\/uploads\/2017\/06\/1251_27_0012-2.jpg\"><img loading=\"lazy\" decoding=\"async\" class=\"alignnone size-full wp-image-643\" src=\"http:\/\/ieas-szeged.hu\/downtherabbithole\/wp-content\/uploads\/2017\/06\/1251_27_0012-2.jpg\" alt=\"\" width=\"537\" height=\"766\" srcset=\"http:\/\/ieas-szeged.hu\/downtherabbithole\/wp-content\/uploads\/2017\/06\/1251_27_0012-2.jpg 537w, http:\/\/ieas-szeged.hu\/downtherabbithole\/wp-content\/uploads\/2017\/06\/1251_27_0012-2-210x300.jpg 210w\" sizes=\"auto, (max-width: 537px) 100vw, 537px\" \/><\/a><a href=\"http:\/\/ieas-szeged.hu\/downtherabbithole\/wp-content\/uploads\/2017\/06\/1251_27_0024-2.jpg\"><img loading=\"lazy\" decoding=\"async\" class=\"alignnone size-full wp-image-644\" src=\"http:\/\/ieas-szeged.hu\/downtherabbithole\/wp-content\/uploads\/2017\/06\/1251_27_0024-2.jpg\" alt=\"\" width=\"539\" height=\"758\" srcset=\"http:\/\/ieas-szeged.hu\/downtherabbithole\/wp-content\/uploads\/2017\/06\/1251_27_0024-2.jpg 539w, http:\/\/ieas-szeged.hu\/downtherabbithole\/wp-content\/uploads\/2017\/06\/1251_27_0024-2-213x300.jpg 213w\" sizes=\"auto, (max-width: 539px) 100vw, 539px\" \/><\/a><a href=\"http:\/\/ieas-szeged.hu\/downtherabbithole\/wp-content\/uploads\/2017\/06\/1251_27_0026-2.jpg\"><img loading=\"lazy\" decoding=\"async\" class=\"alignnone size-full wp-image-645\" src=\"http:\/\/ieas-szeged.hu\/downtherabbithole\/wp-content\/uploads\/2017\/06\/1251_27_0026-2.jpg\" alt=\"\" width=\"520\" height=\"707\" srcset=\"http:\/\/ieas-szeged.hu\/downtherabbithole\/wp-content\/uploads\/2017\/06\/1251_27_0026-2.jpg 520w, http:\/\/ieas-szeged.hu\/downtherabbithole\/wp-content\/uploads\/2017\/06\/1251_27_0026-2-221x300.jpg 221w\" sizes=\"auto, (max-width: 520px) 100vw, 520px\" \/><\/a><\/div>\n<div><a href=\"http:\/\/ieas-szeged.hu\/downtherabbithole\/wp-content\/uploads\/2017\/06\/1251_27_0032-2.jpg\"><img loading=\"lazy\" decoding=\"async\" class=\"alignnone size-full wp-image-646\" src=\"http:\/\/ieas-szeged.hu\/downtherabbithole\/wp-content\/uploads\/2017\/06\/1251_27_0032-2.jpg\" alt=\"\" width=\"512\" height=\"726\" srcset=\"http:\/\/ieas-szeged.hu\/downtherabbithole\/wp-content\/uploads\/2017\/06\/1251_27_0032-2.jpg 512w, http:\/\/ieas-szeged.hu\/downtherabbithole\/wp-content\/uploads\/2017\/06\/1251_27_0032-2-212x300.jpg 212w\" sizes=\"auto, (max-width: 512px) 100vw, 512px\" \/><\/a><a href=\"http:\/\/ieas-szeged.hu\/downtherabbithole\/wp-content\/uploads\/2017\/06\/1251_27_0049-2.jpg\"><img loading=\"lazy\" decoding=\"async\" class=\"alignnone size-full wp-image-647\" src=\"http:\/\/ieas-szeged.hu\/downtherabbithole\/wp-content\/uploads\/2017\/06\/1251_27_0049-2.jpg\" alt=\"\" width=\"542\" height=\"715\" srcset=\"http:\/\/ieas-szeged.hu\/downtherabbithole\/wp-content\/uploads\/2017\/06\/1251_27_0049-2.jpg 542w, http:\/\/ieas-szeged.hu\/downtherabbithole\/wp-content\/uploads\/2017\/06\/1251_27_0049-2-227x300.jpg 227w\" sizes=\"auto, (max-width: 542px) 100vw, 542px\" \/><\/a><\/div>\n<p>&nbsp;<\/p>\n","protected":false},"excerpt":{"rendered":"<p>Alice a Csod\u00e1k orsz\u00e1g\u00e1ban. Budapest: Pallas, 1927. Ford. Altay Margit. A T\u00fcnd\u00e9rv\u00e1s\u00e1r gyereklap mell\u00e9klete. Hat tollrajz Arthur Rackham illusztr\u00e1ci\u00f3inak st\u00edlus\u00e1ban. &nbsp;<\/p>\n","protected":false},"author":3,"featured_media":0,"parent":83,"menu_order":0,"comment_status":"closed","ping_status":"closed","template":"","meta":{"footnotes":""},"class_list":["post-640","page","type-page","status-publish","hentry"],"_links":{"self":[{"href":"http:\/\/ieas-szeged.hu\/downtherabbithole\/wp-json\/wp\/v2\/pages\/640","targetHints":{"allow":["GET"]}}],"collection":[{"href":"http:\/\/ieas-szeged.hu\/downtherabbithole\/wp-json\/wp\/v2\/pages"}],"about":[{"href":"http:\/\/ieas-szeged.hu\/downtherabbithole\/wp-json\/wp\/v2\/types\/page"}],"author":[{"embeddable":true,"href":"http:\/\/ieas-szeged.hu\/downtherabbithole\/wp-json\/wp\/v2\/users\/3"}],"replies":[{"embeddable":true,"href":"http:\/\/ieas-szeged.hu\/downtherabbithole\/wp-json\/wp\/v2\/comments?post=640"}],"version-history":[{"count":1,"href":"http:\/\/ieas-szeged.hu\/downtherabbithole\/wp-json\/wp\/v2\/pages\/640\/revisions"}],"predecessor-version":[{"id":649,"href":"http:\/\/ieas-szeged.hu\/downtherabbithole\/wp-json\/wp\/v2\/pages\/640\/revisions\/649"}],"up":[{"embeddable":true,"href":"http:\/\/ieas-szeged.hu\/downtherabbithole\/wp-json\/wp\/v2\/pages\/83"}],"wp:attachment":[{"href":"http:\/\/ieas-szeged.hu\/downtherabbithole\/wp-json\/wp\/v2\/media?parent=640"}],"curies":[{"name":"wp","href":"https:\/\/api.w.org\/{rel}","templated":true}]}}