{"id":404,"date":"2017-05-29T18:32:11","date_gmt":"2017-05-29T18:32:11","guid":{"rendered":"http:\/\/ieas-szeged.hu\/downtherabbithole\/?page_id=404"},"modified":"2017-06-09T21:23:17","modified_gmt":"2017-06-09T21:23:17","slug":"2009-varro-zsuzsa-es-daniel","status":"publish","type":"page","link":"http:\/\/ieas-szeged.hu\/downtherabbithole\/sample-page\/mad-tea-party\/2009-varro-zsuzsa-es-daniel\/","title":{"rendered":"2009, Varr\u00f3 Zsuzsa \u00e9s D\u00e1niel"},"content":{"rendered":"<p>Bolondos Tead\u00e9lut\u00e1n<\/p>\n<p>A h\u00e1z el\u0151tt ter\u00edtett asztal \u00e1llt egy fa alatt, ott te\u00e1zott a P\u00fcnk\u00f6sdi Ny\u00fal meg az Eszel\u0151s Kalapos; egy Vombat \u00fclt k\u00f6z\u00f6tt\u00fck, aki m\u00e9lyen aludt, a m\u00e1sik kett\u0151 pedig p\u00e1rn\u00e1nak haszn\u00e1lta, a h\u00e1t\u00e1ra t\u00e1maszkodtak, \u00e9s a feje f\u00f6l\u00f6tt besz\u00e9lgettek.<\/p>\n<p>&#8212; El\u00e9g k\u00e9nyelmetlen lehet a Vombatnak &#8211;gondolta Aliz &#8211;, de mivel alszik, val\u00f3sz\u00edn\u0171leg nem zavarja.<\/p>\n<p>Nagy asztal volt, ezek h\u00e1rman m\u00e9gis az egyik sark\u00e1n\u00e1l szorongtak: &#8212; Nincs hely! Nincs hely! &#8212; kiab\u00e1lt\u00e1k, mikor megl\u00e1tt\u00e1k Alizt k\u00f6zeledni.<\/p>\n<p>&#8212; Rengeteg hely van! &#8212; mondta Aliz m\u00e9ltatlankodva, \u00e9s le\u00fclt egy nagy karossz\u00e9kbe az asztal v\u00e9g\u00e9ben.<\/p>\n<p>&#8212; Igy\u00e1l egy kis bort! &#8212; biztatta a P\u00fcnk\u00f6sdi Ny\u00fal.<\/p>\n<p>Aliz sz\u00e9tn\u00e9zett az asztalon, de csak tea volt kirakva. &#8212; Nem l\u00e1tok bort &#8212; jegyezte meg.<\/p>\n<p>&#8211;Nincs bor &#8212; mondta a P\u00fcnk\u00f6sdi Ny\u00fal.<\/p>\n<p>&#8212; Akkor nem illik azzal k\u00edn\u00e1lni &#8212; mondta Aliz m\u00e9rgesen.<\/p>\n<p>&#8212; Nem illik invit\u00e1l\u00e1s n\u00e9lk\u00fcl le\u00fclni az asztalhoz &#8212; mondta a P\u00fcnk\u00f6sdi Ny\u00fal.<\/p>\n<p>&#8212; Nem tudtam, hogy z\u00e1rtk\u00f6r\u0171 tead\u00e9lut\u00e1n &#8212; mondta Aliz &#8211;, h\u00e1romn\u00e1l sokkal t\u00f6bb szem\u00e9lyre van megter\u00edtve.<\/p>\n<p>&#8212; R\u00e1d f\u00e9rne egy hajv\u00e1g\u00e1s &#8212; mondta a Kalapos. Egy ideje m\u00e1r nagy nagy \u00e9rdekl\u0151d\u00e9ssel szeml\u00e9lte Alizt, \u00e9s ez volt az els\u0151 megjegyz\u00e9se.<\/p>\n<p>&#8212; Nem val\u00f3 szem\u00e9lyeskedni &#8212; mondta Aliz kiss\u00e9 szigor\u00faan &#8211;, borzaszt\u00f3 tapintatlans\u00e1g.<\/p>\n<p>A Kalaposnak erre nagyon elkerekedett a szeme, de mondani csak ennyit mondott: &#8212; Mi a k\u00f6z\u00f6s a holl\u00f3ban \u00e9s az \u00edr\u00f3asztalban?<\/p>\n<p>&#8212; Ez j\u00f3 mulats\u00e1g lesz &#8212; gondolta Aliz. &#8212; \u00d6r\u00fcl\u00f6k, hogy elkezdtek tal\u00e1l\u00f3s k\u00e9rd\u00e9seket feladni. Azt hiszem, ezt meg tudom fejteni &#8211;tette hozz\u00e1 hangosan.<\/p>\n<p>&#8212; Azaz \u00fagy gondolod, hogy ki tudod tal\u00e1lni a v\u00e1laszt? &#8212; k\u00e9rdezte a P\u00fcnk\u00f6sdi Ny\u00fal.<\/p>\n<p>&#8212; Pontosan &#8212;\u00a0 mondta Aliz.<\/p>\n<p>&#8212; Akkor \u00fagy mondd, ahogy gondolod &#8212; folytatta a P\u00fcnk\u00f6sdi Ny\u00fal.<\/p>\n<p>&#8212; Azt csin\u00e1lom &#8211;felelte gyorsan Aliz. &#8212; Legal\u00e1bbis&#8230; legal\u00e1bbis \u00fagy gondolom, ahogy mondom&#8230; \u00e9s az ugyanaz.<\/p>\n<p>&#8212; Egy\u00e1ltal\u00e1n nem ugyanaz! &#8211;mondta a Kalapos. &#8212; Akkor ak\u00e1r azt is mondhatn\u00e1d, hogy a &#8220;l\u00e1tom, amit eszem&#8221; ugyanaz, mint az &#8220;eszem, amit l\u00e1tok&#8221;!<\/p>\n<p>&#8212; Vagy ak\u00e1r azt is mondhatn\u00e1d &#8211;tette hozz\u00e1 a P\u00fcnk\u00f6sdi Ny\u00fal &#8212; hogy a &#8220;tetszik, amit kapok&#8221; ugyanaz, mint a &#8220;kapok, amit tetszik&#8221;.<\/p>\n<p>&#8212; Akkor m\u00e1r azt is mondhatn\u00e1d &#8212; sz\u00f3lalt meg a Vombat, aki mintha \u00e1lm\u00e1ban besz\u00e9lt volna, hogy a &#8220;l\u00e9legzem, mik\u00f6zben alzsom&#8221; ugyanaz, mint az &#8220;alszom, mik\u00f6zben l\u00e9legzem&#8221;.<\/p>\n<p>&#8212; N\u00e1lad ugyanaz is &#8212; mondta a Kalapos &#8212; \u00e9s itt a besz\u00e9lget\u00e9s elakadt, a t\u00e1rsas\u00e1g n\u00e9m\u00e1n \u00fclt egy percig, mik\u00f6zben Aliz mindent v\u00e9giggondolt, amit csak tudott a holl\u00f3kr\u00f3l \u00e9s az \u00edr\u00f3asztalokr\u00f3l, ami nem volt valami sok.<\/p>\n<p>A Kalapos t\u00f6rte meg els\u0151k\u00e9nt a csendet.<\/p>\n<p>&#8212; H\u00e1nyadika van ma? &#8212; k\u00e9rdezte Alizhoz fordulva: el\u0151vette az \u00f3r\u00e1j\u00e1t\u00a0 zseb\u00e9b\u0151l, idegesen megn\u00e9zte, megr\u00e1zogatta, \u00e9s a f\u00fcl\u00e9hez emelte.<\/p>\n<p>Aliz gondolkozott egy kicsit, azt\u00e1n azt mondta: &#8212; Negyedike.<\/p>\n<p>&#8212; K\u00e9t napot k\u00e9sik! &#8211;s\u00f3hajtott a Kalapos. &#8212; Mondtam, hogy nem tesz j\u00f3t az \u00f3raszerkezetnek a vaj &#8212; tette hozz\u00e1, m\u00e9rgesen a P\u00fcnk\u00f6sdi Ny\u00falra pillantva.<\/p>\n<p>&#8212; Els\u0151 oszt\u00e1ly\u00fa vaj volt &#8212; felelte j\u00e1mboran a P\u00fcnk\u00f6sdi Ny\u00fal.<\/p>\n<p>&#8212; Igen, de biztos belement egy kis morzsa is &#8212; m\u00e9rgel\u0151d\u00f6tt a Kalapos. &#8212; Nem a keny\u00e9rv\u00e1g\u00f3 k\u00e9ssel kellett volna r\u00e1kenni.<\/p>\n<p>A P\u00fcnk\u00f6sdi Ny\u00fal elvette a zseb\u00f3r\u00e1t, s\u00f6t\u00e9t pillant\u00e1st vetett r\u00e1, azt\u00e1n belem\u00e1rtotta a te\u00e1j\u00e1ba, \u00e9s megint megn\u00e9zte, de az els\u0151 megjegyz\u00e9sn\u00e9l nem jutott jobb esz\u00e9be: &#8212; Els\u0151 oszt\u00e1ly\u00fa vaj volt pedig.<\/p>\n<p>Aliz k\u00edv\u00e1ncsian lesett \u00e1t a v\u00e1lla f\u00f6l\u00f6tt.<\/p>\n<p>&#8212; Milyen muris \u00f3ra! &#8212; jegyezte meg. &#8212; Mutatja, hogy h\u00e1nyadika van, de azt nem, hogy h\u00e1ny \u00f3ra!<\/p>\n<p>&#8212; Mi\u00e9rt mutatn\u00e1? &#8212; morgott a Kalapos. &#8212; A te \u00f3r\u00e1d mutatja, milyen \u00e9v van?<\/p>\n<p>&#8212; Term\u00e9szetesen nem &#8211;felelte k\u00e9szs\u00e9gesen Aliz &#8212; de az\u00e9rt nem, mert olyan sok\u00e1ig van ugyanaz az \u00e9v.<\/p>\n<p>&#8212; Pontosan ez a helyzet az eny\u00e9mmel is &#8212; mondta a Kalapos.<\/p>\n<p>Aliz teljesen \u00f6sszezavarodott. A Kalapos megjegyz\u00e9s\u00e9nek mintha egy\u00e1ltal\u00e1n semmi \u00e9rtelme se lett volna, b\u00e1r nyelvtanilag k\u00e9ts\u00e9gk\u00edv\u00fcl helyes volt.<\/p>\n<p>&#8212; Nem igaz\u00e1n \u00e9rtem &#8212; mondta Aliz olyan udvariasan, ahogy csak tudta.<\/p>\n<p>&#8212; A Vombat m\u00e1r megint alszik &#8212; mondta a Kalapos, \u00e9s egy kis forr\u00f3 te\u00e1t csorgatott az orr\u00e1ra.<\/p>\n<p>A Vombat inger\u00fclten megr\u00e1zta a fej\u00e9t, \u00e9s an\u00e9lk\u00fcl, hogy a szem\u00e9t kinyitotta volna, azt mondta: &#8212; Hogyne, hogyne, magam is \u00e9pp ezt akartam mondani.<\/p>\n<p>&#8212; Megfejtetted m\u00e1r a tal\u00e1l\u00f3s k\u00e9rd\u00e9st? &#8212; k\u00e9rdezte a Kalapos, ism\u00e9t Alizhoz fordulva.<\/p>\n<p>&#8212; Nem, szabad a gazda &#8212; mondta Aliz. &#8212; Mi a v\u00e1lasz?<\/p>\n<p>&#8212; Halv\u00e1ny fogalmam sincs &#8211;mondta a Kalapos.<\/p>\n<p>&#8212; Nekem se &#8211;mondta a P\u00fcnk\u00f6sdi Ny\u00fal.<\/p>\n<p>Aliz f\u00e1radtan s\u00f3hajtott.<\/p>\n<p>&#8212; Szerintem k\u00e1r olyan tal\u00e1l\u00f3s k\u00e9rd\u00e9sekre vesztegetni az id\u0151t &#8212; mondta &#8211;, amelyeknek nincs megfejt\u00e9se.<\/p>\n<p>&#8212; Ha te is olyan j\u00f3l ismern\u00e9d az Id\u0151t, mint \u00e9n &#8212; mondta a Kalapos &#8211;, tudn\u00e1d, hogy n\u00e1la veszteget\u00e9sr\u0151l sz\u00f3 sem lehet.<\/p>\n<p>&#8212; Ezt nem \u00e9rtem\u00a0 &#8211;mondta Aliz.<\/p>\n<p>&#8212; H\u00e1t persze, hogy nem! &#8212; mondta a Kalapos, megvet\u0151en megr\u00e1zva a fej\u00e9t. &#8212; Biztos soha nem is besz\u00e9lt\u00e9l az Id\u0151vel!<\/p>\n<p>&#8212; Az lehet &#8212; v\u00e1laszolta \u00f3vatosan Aliz &#8211;, de nagyon j\u00f3l tudom h\u00fazni az id\u0151t.<\/p>\n<p>&#8212; \u00c1, ez sok mindent megmagyar\u00e1z &#8212; mondta a Kalapos. &#8212; Nem b\u00edrja, ha h\u00fazz\u00e1k. Nos, ha j\u00f3ban len\u00e9l vele, szinte b\u00e1rmit megcsin\u00e1lna neked az \u00f3r\u00e1val, amit csak akarsz. Mondjuk, nyolc \u00f3ra van, kezd\u0151dik az iskola: csak odas\u00fagsz egy apr\u00f3cska c\u00e9lz\u00e1st az Id\u0151nek, \u00e9s m\u00e1r forog is k\u00f6rbe az \u00f3ramutat\u00f3, egy szempillant\u00e1s alatt! F\u00e9l kett\u0151, ideje eb\u00e9delni!<\/p>\n<p>(&#8211; B\u00e1r \u00fagy lenne &#8212; d\u00fcnny\u00f6gte maga el\u00e9 a P\u00fcnk\u00f6sdi Ny\u00fal.)<\/p>\n<p>&#8212; Az biztosan pomp\u00e1s lenne &#8211;mondta Aliz elgondolkozva &#8211;, viszont ugye&#8230; akkor m\u00e9g nem lenn\u00e9k \u00e9hes.<\/p>\n<p>&#8212; Az elej\u00e9n tal\u00e1n nem &#8211;mondta a Kalapos &#8211;, de olyan sok\u00e1ig maradhatna f\u00e9l kett\u0151, ameddig csak akarod.<\/p>\n<p>&#8212; Itt is \u00edgy megy? &#8212; k\u00e9rdezte Aliz.<\/p>\n<p>A Kalapos gy\u00e1szosan megr\u00e1zta a fej\u00e9t.<\/p>\n<p>&#8212; M\u00e1r nem! &#8212; felelte. &#8212; Tavaly p\u00fcnk\u00f6sdk\u00f6r \u00f6sszeveszt\u00fcnk &#8212; tudod, pont miel\u0151tt \u0151 megkerg\u00fclt volna&#8230; &#8212; a te\u00e1skanal\u00e1val a P\u00fcnk\u00f6sdi Ny\u00falra mutatott &#8212; &#8230; a nagy koncerten, amelyet a Kir\u00e1lyn\u00e9 rendezett, \u00e9s nekem \u00e9nekelnem kellett:<\/p>\n<p><em>T\u00e1ncolj, t\u00e1ncolj, b\u0151reg\u00e9r!<\/em><\/p>\n<p><em>\u00c9sszel senki f\u00f6l nem \u00e9r!<\/em><\/p>\n<p>&#8212; Tal\u00e1n ismered is ezt a dalt?<\/p>\n<p>&#8211;Hallottam m\u00e1r valami hasonl\u00f3t &#8212; mondta Aliz.<\/p>\n<p>&#8212; Van tov\u00e1bb is &#8211;folytatta a Kalapos &#8211;, \u00edgy sz\u00f3l:<\/p>\n<p><em>M\u00edg suhanva sz\u00e1llsz az \u00e9gen<\/em><\/p>\n<p><em>Sz\u00e9p uzsonnat\u00e1lcak\u00e9ppen,<\/em><\/p>\n<p><em>T\u00e1ncolj, t\u00e1ncolj&#8230;<\/em><\/p>\n<p>Itt a Vombat megr\u00e1zta mag\u00e1t, \u00e9s \u00e1lm\u00e1ban \u00e9nekelni kezdte, hogy &#8220;T\u00e1ncolj, t\u00e1ncolj, t\u00e1ncolj, t\u00e1ncolj&#8230;&#8221;, \u00e9s ezt olyan sok\u00e1ig folytatta, hogy bele kellett cs\u00edpni\u00fck, hogy v\u00e9gre abbahagyja.<\/p>\n<p>&#8212; Nos, alig \u00e9rtem az els\u0151 versszak v\u00e9g\u00e9re &#8212; mondta a Kalapos &#8211;, amikor a Kir\u00e1lyn\u00e9 felugrott \u00e9s azt kiab\u00e1lta: &#8212; Ezzel agyon\u00fcti az id\u0151t! Csapj\u00e1k le a fej\u00e9t!<\/p>\n<p>&#8212; Micsoda sz\u00f6rny\u0171 kegyetlens\u00e9g! &#8212; ki\u00e1ltott fel Aliz.<\/p>\n<p>&#8212; \u00c9s az\u00f3ta &#8212; folytatta gy\u00e1szos hangon a Kalapos &#8212; az Id\u0151 semmit nem tesz meg, amit k\u00e9rek t\u0151le! Most m\u00e1r mindig hat \u00f3ra van.<\/p>\n<p>Aliznak vil\u00e1goss\u00e1g gy\u00falt az agy\u00e1ban. &#8212; Az\u00e9rt van itt ilyen sok ter\u00edt\u00e9k? &#8212; k\u00e9rdezte.<\/p>\n<p>&#8212; Pontosan &#8211;mondta a Kalapos &#8211;, amint elhaszn\u00e1l\u00f3dnak a dolgok.<\/p>\n<p>&#8212; De mi lesz, ha megint el\u00f6lr\u0151l kell kezdeni az eg\u00e9szet? &#8212; k\u00edv\u00e1ncsiskodott Aliz.<\/p>\n<p>&#8212; Mi lenne, ha t\u00e9m\u00e1t v\u00e1ltan\u00e1nk? &#8212; sz\u00f3\u00e9t k\u00f6zbe \u00e1s\u00edtozva a P\u00fcnk\u00f6sdi Ny\u00fal. &#8212; Kezdem unni ezt. Ind\u00edtv\u00e1nyozom, hogy az ifj\u00fa h\u00f6lgy mondjon nek\u00fcnk egy mes\u00e9t.<\/p>\n<p>&#8212; Att\u00f3l tartok, nem tudok mes\u00e9ket &#8212; mondta Aliz kiss\u00e9 megijedve ett\u0151l a felvet\u00e9st\u0151l.<\/p>\n<p>&#8212; Akkor majd a Vombat! &#8212; ki\u00e1ltott\u00e1k mindketten. &#8212; \u00c9breszt\u0151 Vombatk\u00e1m! &#8212; \u00c9s egyszerre k\u00e9tfel\u0151l is belecs\u00edptek.<\/p>\n<p>A Vombat lassan kinyitotta a szem\u00e9t.<\/p>\n<p>&#8212; Nem aludtam &#8211;mondta k\u00e1s\u00e1s hangon. &#8212; Hallottam minden szavatokat, bar\u00e1taim.<\/p>\n<p>&#8212; Mondj nek\u00fcnk egy mes\u00e9t! &#8211;mondta a P\u00fcnk\u00f6sdi Ny\u00fal.<\/p>\n<p>&#8212; Igen, ha lehetne &#8212; k\u00e9rlelte Aliz is.<\/p>\n<p>&#8212; \u00c9s szapor\u00e1n &#8212; tette hozz\u00e1 a Kalapos &#8211;, k\u00fcl\u00f6nben \u00fajra elalszol, miel\u0151tt v\u00e9ge.<\/p>\n<p>&#8212; Egyszer volt, hol nem volt, volt egyszer h\u00e1rom n\u0151v\u00e9r &#8212; kezdte sebesen a Vombat &#8211;, \u00fagy h\u00edvt\u00e1k \u0151ket, hogy Elza, Liza, \u00e9s Tilda, \u00e9s egy k\u00fat fenek\u00e9n \u00e9ltek&#8230;<\/p>\n<p>&#8212; Mit ettek? &#8212; k\u00e9rdezte Aliz, akit mindig nagyon \u00e9rdekeltek az ev\u00e9ssel \u00e9s iv\u00e1ssal kapcsolatos k\u00e9rd\u00e9sek.<\/p>\n<p>&#8212; Melaszt &#8212; felelte a Vombat, miut\u00e1n n\u00e9h\u00e1ny percig gondolkodott.<\/p>\n<p>&#8212; Az nem lehet &#8212; kegyezte meg szel\u00edden Aliz &#8211;, att\u00f3l betegek lettek volna.<\/p>\n<p>&#8212; Azok is voltak &#8212; mondta a Vombat &#8211;, <em>nagyon<\/em> betegek.<\/p>\n<p>Aliz pr\u00f3b\u00e1lta elk\u00e9pzelni, milyen lehet ilyen k\u00fcl\u00f6n\u00f6s m\u00f3don \u00e9lni, de nem nagyon siker\u00fclt neki, \u00fagyhogy ink\u00e1bb folytatta:<\/p>\n<p>&#8212; De mi\u00e9rt \u00e9ltek egy k\u00fat fenek\u00e9n?<\/p>\n<p>&#8212; Igy\u00e1l m\u00e9g egy kis te\u00e1t &#8212; mondta a P\u00fcnk\u00f6sdi Ny\u00fal Aliznak nagyon komolyan.<\/p>\n<p>&#8212; Eddig semennyit sem ittam &#8212; v\u00e1laszolta Aliz s\u00e9rtett hangon &#8211;, \u00fagyhogy nem ihatok m\u00e9g t\u00f6bbet.<\/p>\n<p>&#8212; \u00dagy \u00e9rted, nem ihatsz <em>kevesebbet<\/em> &#8212; mondta a Kalapos. &#8212; A semmin\u00e9l nagyon k\u00f6nny\u0171 <em>t\u00f6bbet<\/em> inni, szer\u00e9ny v\u00e9lem\u00e9nyem szerint.<\/p>\n<p>&#8212; Azt senki sem k\u00e9rdezte &#8212; mondta Aliz.<\/p>\n<p>&#8212; Most ki szem\u00e9lyeskedik? &#8212; k\u00e9rdezte diadalmasan a Kalapos.<\/p>\n<p>Aliz nem igaz\u00e1n tudta, mit mondjon erre, \u00fagyhogy t\u00f6lt\u00f6tt mag\u00e1nak egy kis te\u00e1t \u00e9s vett egy szelet vajaskenyeret, azut\u00e1n a Vombathoz fordult, \u00e9s megism\u00e9telte a k\u00e9rd\u00e9st.<\/p>\n<p>&#8212; Mi\u00e9rt \u00e9ltek egy k\u00fat fenek\u00e9n?<\/p>\n<p>A Vombat megint gondolkozott egy-k\u00e9t percig, azt\u00e1n azt mondta:<\/p>\n<p>&#8212; Ez egy melaszk\u00fat volt.<\/p>\n<p>&#8212; Olyan nincs is! &#8211;kezdte Aliz nagyon m\u00e9rgesen, de a Kalapos meg a P\u00fcnk\u00f6sdi Ny\u00fal lepisszegt\u00e9k, a Vombat pedig duzzogva megjegyezte:<\/p>\n<p>&#8212; Ha nem tudsz civiliz\u00e1ltan viselkedni, fejezd be a mes\u00e9t magad.<\/p>\n<p>&#8212; Nem, bocs\u00e1natot k\u00e9rek &#8212; mondta Aliz megszeppenve &#8211;, nem fogok m\u00e9g egyszer k\u00f6zbesz\u00f3lni. V\u00e9g\u00fclis lehet, hogy van <em>egy. <\/em><\/p>\n<p>&#8212; M\u00e9g hogy egy! &#8212; dohogott a Vombat. De beleegyezett, hogy folytassa.<\/p>\n<p>&#8212; \u00c9s ez a h\u00e1rom kisl\u00e1ny&#8230; ebb\u0151l mer\u00edtett a rajzol\u00e1shoz&#8230;<\/p>\n<p>&#8212; Mib\u0151l mer\u00edtettek? &#8212; k\u00e9rdezte Aliz, megfeledkezve az \u00edg\u00e9ret\u00e9r\u0151l.<\/p>\n<p>&#8212; A melaszb\u00f3l &#8212; v\u00e1gta r\u00e1 a Vombat, ez\u00fattal gondolkod\u00e1s n\u00e9lk\u00fcl.<\/p>\n<p>&#8212; Tiszta cs\u00e9sze kell &#8212; sz\u00f3lt k\u00f6zbe a Kalapos &#8211;, mindenki menjen eggyel arr\u00e9bb.<\/p>\n<p>K\u00f6zben \u0151 arr\u00e9bb is ment, \u00e9s a Vombat k\u00f6vette; a P\u00fcnk\u00f6sdi Ny\u00fal \u00e1t\u00fclt a Vombat sz\u00e9k\u00e9re, Aliz pedig, meglehet\u0151sen kelletlen\u00fcl, elfoglalta a P\u00fcnk\u00f6sdi Ny\u00fal hely\u00e9t. A Kalapos volt az egyetlen, akinek el\u0151nye sz\u00e1rmazott a helycser\u00e9b\u0151l, Aliz pedig sokkal rosszabbul j\u00e1rt, mivel a P\u00fcnk\u00f6sdi Ny\u00fal az im\u00e9nt bor\u00edtotta ki a tejescsuprot a t\u00e1ny\u00e9rj\u00e1ba.<\/p>\n<p>Aliz nem akarta megs\u00e9rteni a Vombatot, \u00fagyhogy nagyon \u00f3vatosan kezdte:<\/p>\n<p>&#8211;De nem \u00e9rtem. Hogyan mer\u00edtettek a melaszb\u00f3l?<\/p>\n<p>&#8212; Ahogy vizet lehet mer\u00edteni egy v\u00edzk\u00fatb\u00f3l &#8212; mondta a Kalapos &#8211;, feltehet\u0151leg ugyan\u00fagy lehet melaszt mer\u00edteni a melaszk\u00fatb\u00f3l is, nem, okoska?<\/p>\n<p>&#8212; De benne voltak a k\u00fatban &#8212; mondta Aliz a Vombatnak, \u00fagy d\u00f6ntve, elengedi a f\u00fcle mellett ezt a megjegyz\u00e9st.<\/p>\n<p>&#8212; H\u00e1t persze &#8212; mondta a Vombat &#8211;, k\u00fatba estek.<\/p>\n<p>Ez a v\u00e1lasz annyira megkavarta szeg\u00e9ny Alizt, hogy egy ideig hagyta, hogy a Vombat folytassa an\u00e9lk\u00fcl, hogy f\u00e9lbeszak\u00edtotta volna.<\/p>\n<p>Ebb\u0151l mer\u00edtettek a rajzol\u00e1shoz ihletet &#8212; folytatta a Vombat \u00e1s\u00edtozva \u00e9s a szem\u00e9t d\u00f6rg\u00f6lve, mert kezdett nagyon el\u00e1lmosodni &#8211;, \u00e9s mindenf\u00e9l\u00e9ket rajzoltak&#8230; mindenf\u00e9le m-mel kezd\u0151d\u0151 dolgokat&#8230;<\/p>\n<p>&#8212; Mi\u00e9rt pont m-mel? &#8212; k\u00e9rdezte Aliz.<\/p>\n<p>&#8212; Mi\u00e9rt ne? &#8212; k\u00e9rdezte a P\u00fcnk\u00f6sdi Ny\u00fal.<\/p>\n<p>Aliz elhallgatott.<\/p>\n<p>A Vombat addigra becsukta a szem\u00e9t, \u00e9s kezdett elszund\u00edtani, de miut\u00e1n a Kalapos belecs\u00edpett, egy kis vis\u00edt\u00e1ssal ism\u00e9t felriadt, \u00e9s folytatta: &#8212; &#8230;m-mel kezd\u0151d\u0151 dolgokat, p\u00e9ld\u00e1ul mormot\u00e1t meg minyont, meg m\u00e1rciust, meg majdnemet&#8230; Tudod, mint hogy &#8220;majdnem minden&#8221;&#8230;\u00a0 l\u00e1tt\u00e1l m\u00e1r valaha majdnemet lerajzolva?<\/p>\n<p>&#8212; T\u00e9nyleg, most, hogy \u00edgy belegondolok &#8212; mondta Aliz er\u0151sen zavarban &#8211;, nem hiszem, hogy&#8230;<\/p>\n<p>&#8212; Akkor nem k\u00e9ne j\u00e1rtatnod a sz\u00e1d &#8211;mondta a Kalapos.<\/p>\n<p>Ez a gorombas\u00e1g m\u00e1r sok volt Aliznak; m\u00e9lys\u00e9gesen felh\u00e1borodva fel\u00e1llt \u00e9s otthagyta \u0151ket &#8212;\u00a0 a Vombat azonban nyomban elaludt, a m\u00e1sik kett\u0151 meg \u00fcgyet sem vetett r\u00e1, hogy elmegy, pedig Aliz egyszer-k\u00e9tszer visszan\u00e9zett, f\u00e9lig azt rem\u00e9lve, hogy ut\u00e1nakiab\u00e1lnak; amikor utolj\u00e1ra l\u00e1tta \u0151ket, \u00e9pp pr\u00f3b\u00e1lt\u00e1k beletuszkolni a Vombatot egy te\u00e1skann\u00e1ba.<\/p>\n<p>&#8212; H\u00e1t, ide biztosan nem j\u00f6v\u00f6k t\u00f6bbet! &#8212; mondta Aliz, mik\u00f6zben \u00e1tv\u00e1gott az erd\u0151n. &#8211;Ez volt a legbolondabb tead\u00e9lut\u00e1n, amin \u00e9letemben j\u00e1rtam!<\/p>\n<p>Mikor ezt kimondta, \u00e9szrevette, hogy az egyik f\u00e1n van egy ajt\u00f3, ami egyenesen a belsej\u00e9be vezet.<\/p>\n<p>&#8212; Ez nagyon furcsa! &#8212; gondolta Aliz. &#8212; B\u00e1r minden nagyon furcsa m\u00e1ma.Azt hiszem, ak\u00e1r r\u00f6gt\u00f6n be is mehetek.<\/p>\n<p>\u00c9s r\u00f6gt\u00f6n be is ment.<\/p>\n<p>Megint a hossz\u00fa csarnokban tal\u00e1lta mag\u00e1t, az \u00fcvegasztalka mellett.<\/p>\n<p>&#8212; Most \u00fcgyesebb leszek &#8212; mondta mag\u00e1ban; el\u0151sz\u00f6r is fogta a kicsi aranykulcsot, \u00e9s kinyitotta a kertbe vezet\u0151 ajt\u00f3t. Azt\u00e1n eszegetni kezdett a gomb\u00e1b\u00f3l (tartott a zseb\u00e9ben egy darabk\u00e1t), am\u00edg k\u00f6r\u00fclbel\u00fcl harminc centi nem lett, azut\u00e1n v\u00e9gigment a kis folyos\u00f3n, \u00e9s azt\u00e1n &#8212; v\u00e9gre a sz\u00e9ps\u00e9ges kertben tal\u00e1lta mag\u00e1t, a sz\u00ednes vir\u00e1gok \u00e9s a h\u0171s\u00edt\u0151 sz\u00f6k\u0151kutak k\u00f6z\u00f6tt.<\/p>\n<p>&nbsp;<\/p>\n<p>&nbsp;<\/p>\n<p>&nbsp;<\/p>\n<p>&nbsp;<\/p>\n<p>&nbsp;<\/p>\n<p>&nbsp;<\/p>\n<p>&nbsp;<\/p>\n<p>&nbsp;<\/p>\n<p>&nbsp;<\/p>\n<p>&nbsp;<\/p>\n<p>&nbsp;<\/p>\n","protected":false},"excerpt":{"rendered":"<p>Bolondos Tead\u00e9lut\u00e1n A h\u00e1z el\u0151tt ter\u00edtett asztal \u00e1llt egy fa alatt, ott te\u00e1zott a P\u00fcnk\u00f6sdi Ny\u00fal meg az Eszel\u0151s Kalapos; egy Vombat \u00fclt k\u00f6z\u00f6tt\u00fck, aki m\u00e9lyen aludt, a m\u00e1sik kett\u0151 pedig p\u00e1rn\u00e1nak haszn\u00e1lta, a h\u00e1t\u00e1ra t\u00e1maszkodtak, \u00e9s a feje f\u00f6l\u00f6tt besz\u00e9lgettek. &#8212; El\u00e9g k\u00e9nyelmetlen lehet a Vombatnak &#8211;gondolta Aliz &#8211;, de mivel alszik, val\u00f3sz\u00edn\u0171leg nem [&hellip;]<\/p>\n","protected":false},"author":3,"featured_media":0,"parent":73,"menu_order":0,"comment_status":"closed","ping_status":"closed","template":"","meta":{"footnotes":""},"class_list":["post-404","page","type-page","status-publish","hentry"],"_links":{"self":[{"href":"http:\/\/ieas-szeged.hu\/downtherabbithole\/wp-json\/wp\/v2\/pages\/404","targetHints":{"allow":["GET"]}}],"collection":[{"href":"http:\/\/ieas-szeged.hu\/downtherabbithole\/wp-json\/wp\/v2\/pages"}],"about":[{"href":"http:\/\/ieas-szeged.hu\/downtherabbithole\/wp-json\/wp\/v2\/types\/page"}],"author":[{"embeddable":true,"href":"http:\/\/ieas-szeged.hu\/downtherabbithole\/wp-json\/wp\/v2\/users\/3"}],"replies":[{"embeddable":true,"href":"http:\/\/ieas-szeged.hu\/downtherabbithole\/wp-json\/wp\/v2\/comments?post=404"}],"version-history":[{"count":19,"href":"http:\/\/ieas-szeged.hu\/downtherabbithole\/wp-json\/wp\/v2\/pages\/404\/revisions"}],"predecessor-version":[{"id":600,"href":"http:\/\/ieas-szeged.hu\/downtherabbithole\/wp-json\/wp\/v2\/pages\/404\/revisions\/600"}],"up":[{"embeddable":true,"href":"http:\/\/ieas-szeged.hu\/downtherabbithole\/wp-json\/wp\/v2\/pages\/73"}],"wp:attachment":[{"href":"http:\/\/ieas-szeged.hu\/downtherabbithole\/wp-json\/wp\/v2\/media?parent=404"}],"curies":[{"name":"wp","href":"https:\/\/api.w.org\/{rel}","templated":true}]}}