{"id":333,"date":"2017-05-26T23:22:47","date_gmt":"2017-05-26T23:22:47","guid":{"rendered":"http:\/\/ieas-szeged.hu\/downtherabbithole\/?page_id=333"},"modified":"2017-06-12T16:19:25","modified_gmt":"2017-06-12T16:19:25","slug":"1927-altay","status":"publish","type":"page","link":"http:\/\/ieas-szeged.hu\/downtherabbithole\/sample-page\/mad-tea-party\/1927-altay\/","title":{"rendered":"1927, Altay Margit"},"content":{"rendered":"<h3>Az eszeveszett teat\u00e1rsas\u00e1g<\/h3>\n<p><a href=\"http:\/\/ieas-szeged.hu\/downtherabbithole\/wp-content\/uploads\/2017\/06\/1251_27_0032-2.jpg\"><img loading=\"lazy\" decoding=\"async\" class=\"alignnone size-full wp-image-646\" src=\"http:\/\/ieas-szeged.hu\/downtherabbithole\/wp-content\/uploads\/2017\/06\/1251_27_0032-2.jpg\" alt=\"\" width=\"512\" height=\"726\" srcset=\"http:\/\/ieas-szeged.hu\/downtherabbithole\/wp-content\/uploads\/2017\/06\/1251_27_0032-2.jpg 512w, http:\/\/ieas-szeged.hu\/downtherabbithole\/wp-content\/uploads\/2017\/06\/1251_27_0032-2-212x300.jpg 212w\" sizes=\"auto, (max-width: 512px) 100vw, 512px\" \/><\/a><\/p>\n<p>Ter\u00edtett asztal \u00e1llott a h\u00e1z el\u0151tt, melyn\u00e9l a csacsog\u00f3 ny\u00fal \u00e9s a kalapos \u00fcltek. K\u00f6z\u00f6tt\u00fck \u00fclt egy mormota, m\u00e9ly \u00e1lomban s a m\u00e1sik kett\u0151nek p\u00e1rn\u00e1ul szolg\u00e1lva, kik k\u00f6ny\u00f6k\u00fcket r\u00e1t\u00e1masztott\u00e1k \u00e9s \u00fagy besz\u00e9lgettek a feje f\u00f6l\u00f6tt.<\/p>\n<p>&#8212; Nagyon k\u00e9nyelmetlen lehet a mormot\u00e1nak, &#8212; gondolta Alice &#8212; de miut\u00e1n alszik, nem igen t\u00f6r\u0151dik vele.<\/p>\n<p>Az asztal nagy volt s m\u00e9gis mindh\u00e1rman egy sarokban szorongtak:<\/p>\n<p>&#8212; Nincs hely! Nincs hely! &#8212; ki\u00e1ltott\u00e1k, mid\u0151n Alic\u00e9t j\u00f6nni l\u00e1tt\u00e1k.<\/p>\n<p>&#8212; Untig el\u00e9g itt a hely! &#8212; mondotta bossz\u00fasan Alice \u00e9s minden k\u00e9rdez\u00e9s n\u00e9lk\u00fcl bele\u00fclt a nagy karos-sz\u00e9kbe, mely az asztal v\u00e9g\u00e9n\u00e9l \u00e1llott.<\/p>\n<p>&#8212; Parancsolsz bort? &#8212; k\u00e9rdezte a csacsog\u00f3 ny\u00fal.<\/p>\n<p>Alice k\u00f6r\u00fcln\u00e9zett s l\u00e1tta, hogy az asztalon nincs m\u00e1s mint tea.<\/p>\n<p>&#8212; Nem is l\u00e1tok itt bort. &#8212; mondta feleletk\u00e9ppen.<\/p>\n<p>&#8212; Nem, itt nincs is bor.<\/p>\n<p>&#8212; Akkor nagyon udvariatlan dolog t\u0151led, hogy azzal k\u00edn\u00e1lsz &#8212; mondta Alice haragosan.<\/p>\n<p>&#8212; T\u0151led sem udvarias dolog, hogy h\u00edvatlanul ide\u00fclt\u00e9l, &#8212; felelte vissza a csacsog\u00f3 ny\u00fal.<\/p>\n<p>&#8212; Nem tudtam, hogy ez a te asztalod; hiszen t\u00f6bbre, mint h\u00e1rom szem\u00e9lyre van megter\u00edtve.<\/p>\n<p>Most a kalapos ezzel a k\u00e9rd\u00e9ssel fordult Alicehoz:<\/p>\n<p>&#8212; H\u00e1nyadika van ma? &#8212; s kivette az \u00f3r\u00e1j\u00e1t, nyugtalanul n\u00e9zte, majd ide-oda r\u00e1zta \u00e9s a f\u00fcl\u00e9hez tartotta.<\/p>\n<p>Alice gondolkodott kiss\u00e9, majd felelt:<\/p>\n<p>&#8212; Negyedike.<\/p>\n<p>&#8212; K\u00e9t nappal t\u00e9vedt\u00e9l! &#8212; s\u00f3hajtott a kalapos. &#8212; Mindj\u00e1rt mondtam, hogy a vaj elrontja majd a szerkezet\u00e9t, &#8212; folytatta haragosan a ny\u00fal fel\u00e9 fordulva.<\/p>\n<p>&#8212; Pedig a legjobb teavaj volt, &#8212; mondta al\u00e1zatosan a ny\u00fal.<\/p>\n<p>&#8212; Igen, de valami morzsa ker\u00fclhetett bele, &#8212; morogta a kalapos, &#8212; nem kellett volna a keny\u00e9rk\u00e9ssel beletenned.<\/p>\n<p>A csacsog\u00f3 ny\u00fal kez\u00e9be vette az \u00f3r\u00e1t \u00e9s komoran n\u00e9zte, majd bem\u00e1rtotta egy cs\u00e9sze forr\u00f3 te\u00e1ba s \u00fajb\u00f3l megn\u00e9zte, de nem tudott egyebet, mint hogy megism\u00e9telte el\u0151bbi kijelent\u00e9s\u00e9t:<\/p>\n<p>&#8212; Pedig igaz\u00e1n a legfinomabb vaj volt!<\/p>\n<p>Alice k\u00edv\u00e1ncsian n\u00e9zett v\u00e1ll\u00e1n kereszt\u00fcl az \u00f3r\u00e1ra:<\/p>\n<p>&#8212; Milyen k\u00fcl\u00f6n\u00f6s \u00f3ra! A napot jelzi s nem az \u00f3r\u00e1t!<\/p>\n<p>&#8212; Mi\u00e9rt ne? &#8212; morogta a ny\u00fal. &#8212; Mutatja a te \u00f3r\u00e1d, hogy melyik \u00e9vben vagyunk?<\/p>\n<p>&#8212; Term\u00e9szetesen nem! &#8212; volt Alice gyors v\u00e1lasza, &#8212; hiszen oly sok\u00e1ig egym\u00e1sut\u00e1n mindig egy \u00e9s ugyanabban az \u00e9vben vagyunk.<\/p>\n<p>&#8212; Noh\u00e1t, ez az eny\u00e9mn\u00e9l is \u00edgy van! &#8212; mondta a kalapos.<\/p>\n<p>Alice megzavarodott. A kalapos magyar\u00e1zat\u00e1t \u00e9rtelmetlennek tal\u00e1lta \u00e9s m\u00e9gis \u00e9rthet\u0151, \u00f6sszef\u00fcgg\u0151 szavak voltak.<\/p>\n<p>&#8212; Nem \u00e9rtelek eg\u00e9szen &#8212; mondta nagyon udvariasan.<\/p>\n<p>&#8212; A mormota \u00fajra elaludt &#8212; mondta a kalapos \u00e9s forr\u00f3 te\u00e1t \u00f6nt\u00f6tt az orr\u00e1ra.<\/p>\n<p>A mormota t\u00fcrelmetlen\u00fcl r\u00e1zta a fej\u00e9t s a szemeit ki se nyitva, mormogta:<\/p>\n<p>&#8212; Term\u00e9szetes, term\u00e9szetes, \u00e9ppen azt akartam mondani.<\/p>\n<p>&#8212; Megfejtetted m\u00e1r a tal\u00e1nyt? &#8212; fordulta\u00a0 a kalapos Alicehoz.<\/p>\n<p>&#8212; Nem, megadom magam. K\u00e9rlek, mondd meg nekem a megfejt\u00e9s\u00e9t.<\/p>\n<p>&#8212; Arr\u00f3l fogalmam sincs, &#8212; mondta a kalapos.<\/p>\n<p>&#8212; Nekem sincs &#8211;mondta a csacsog\u00f3 ny\u00fal.<\/p>\n<p>Alice kedvetlen\u00fcl s\u00f3hajtott: &#8212; Azt hiszem, jobban is elt\u00f6lthetn\u00e9tek az id\u0151t, mint oly tal\u00e1nyokkal, melyeknek nincs megfejt\u00e9s\u00fck.<\/p>\n<p>&#8212; Ha az id\u0151t oly j\u00f3l ismern\u00e9d, mint \u00e9n, &#8212; mondta a kalapos &#8212; nem besz\u00e9ln\u00e9l arr\u00f3l, hogy mi hogyan haszn\u00e1ljuk az id\u0151t, hanem, hogy az hogyan haszn\u00e1l minket.<\/p>\n<p>&#8212; Nem \u00e9rtem, hogy \u00e9rted ezt, &#8212; mondta Alice.<\/p>\n<p>&#8212; Term\u00e9szetesen ezt nem tudhatod, &#8212; mondta a kalapos, mialatt megvet\u0151en vetette fel a fej\u00e9t. &#8212; Te val\u00f3sz\u00edn\u0171leg m\u00e9g sohasem besz\u00e9lt\u00e9l az id\u0151vel.<\/p>\n<p>&#8212; Alig hiszem, &#8212; felelte Alice el\u0151vigy\u00e1zatosan, &#8212; ugyan a mama mondta tegnap, hogy kis hugom meg \u00e9n j\u00e1t\u00e9kkal \u0171zz\u00fck el az id\u0151t.<\/p>\n<p>&#8212; \u00dagy? no azt ugyan zokon vette volna az id\u0151, az nem sz\u00edvesen \u00fczeti el mag\u00e1t. De ha j\u00f3 l\u00e1bon vagy vele, \u00fagy sz\u00edvess\u00e9geket is tesz neked az \u00f3r\u00e1t illet\u0151leg. Vegy\u00fck az esetet, p\u00e9ld\u00e1ul, hogy reggel 9 \u00f3ra van, \u00e9pen az az id\u0151, mikor leck\u00e9id megkezd\u0151dnek, egy int\u00e9sedre, rrrrrr lej\u00e1r az \u00f3ra \u00e9s m\u00edg \u00e9szreveszed, f\u00e9lkett\u0151 van, eb\u00e9did\u0151!<\/p>\n<p>&#8212; B\u00e1rcsak \u00edgy lenne, &#8212; mondta a csacsog\u00f3 ny\u00fal.<\/p>\n<p>&#8212; Az igaz\u00e1n nagyszer\u0171 lenne, &#8212; mondta gondolkozva Alice &#8212; de akkor tal\u00e1n m\u00e9g nem lenn\u00e9k el\u00e9gg\u00e9 \u00e9hes, \u00fagy-e?<\/p>\n<p>&#8212; El\u0151bb tal\u00e1n nem, &#8212; felelte a kalapos, &#8212; de azt\u00e1n oly sok\u00e1 maradna az id\u0151 f\u00e9lkett\u0151n, am\u00edg neked tetszik.<\/p>\n<p>&#8212; Ugyeb\u00e1r, itt \u00fagy tesztek? &#8212; k\u00e9rdezte Alice.<\/p>\n<p>A kalapos szomor\u00faan r\u00e1zta a fej\u00e9t. &#8212; \u00c9n nem! &#8212; mondotta. &#8212; Mult husv\u00e9tkor \u00f6sszek\u00fcl\u00f6nb\u00f6zt\u00fcnk, &#8212; kev\u00e9ssel el\u0151bb, mint a megveszett, hiszen tudod &#8212; (\u00e9s te\u00e1skan\u00e1llal a ny\u00falra mutatott) &#8212; a nagy hangversenyen volt, a mit a sz\u00edv-kir\u00e1lyn\u00e9 rendezett; nekem kellett \u00e9nekelnem:<\/p>\n<p><em>\u00d3h papag\u00e1ly, \u00f3h papag\u00e1ly<\/em><\/p>\n<p><em>Mily z\u00f6ldek a tollaid!<\/em><\/p>\n<p>&#8212; Tal\u00e1n ismered ezt a dalt?<\/p>\n<p>&#8212; Valami hasonl\u00f3t m\u00e1r hallottam.<\/p>\n<p>&#8212; Tov\u00e1bb is van; &#8212; folytatta a kalapos.<\/p>\n<p><em>Z\u00f6ldelsz te nem csak b\u00e9k\u00e9ben,<\/em><\/p>\n<p><em>Hanem t\u00e9l, s havas es\u0151ben<\/em><\/p>\n<p><em>\u00d3h papag\u00e1ly, \u00f3h papag\u00e1ly.<\/em><\/p>\n<p>Itt megr\u00e1zk\u00f3dott a mormota \u00e9s \u00e1lm\u00e1ban kezdte \u00e9nekelni: &#8212; \u00d3h papag\u00e1ly, \u00f3h papag\u00e1ly, \u00f3h papag\u00e1ly&#8230; &#8212; egyfolyt\u00e1ban, \u00fagy, hogy a m\u00e1sik kett\u0151 k\u00e9nytelen volt \u0151t megcsapni, hogy abbahagyja.<\/p>\n<p>&#8212; K\u00e9pzeld, alig \u00e9nekeltem az els\u0151 els\u0151 szakaszt, &#8212; mondta a kalapos, &#8212; id\u0151n a kir\u00e1lyn\u00e9 f\u00f6lki\u00e1ltott? &#8212; Ut\u00e1latos! Ez az ember val\u00f3s\u00e1ggal agyon\u00fcti az id\u0151t s\u00e1p\u00edtoz\u00e1s\u00e1val. Fel kell akasztani!<\/p>\n<p>&#8212; Milyen borzalmasan kegyetlen! &#8212; ki\u00e1lt\u00e1 Alice.<\/p>\n<p>&#8212; \u00c9s az\u00f3ta, &#8212; folytatta szomor\u00faan a kalapos, &#8212; sohasem akar m\u00e1r sz\u00edvess\u00e9get tenni neke az id\u0151! Mindig csak f\u00e9lhat \u00f3ra van!<\/p>\n<p>Ez Alicet egy b\u00f6lcs gondolatra vezette.<\/p>\n<p>&#8212; Az\u00e9rt van itt annyi cs\u00e9sze az asztalon? &#8212; k\u00e9rdezte.<\/p>\n<p>&#8212; Igen az\u00e9rt! &#8212; mondta s\u00f3hajtva a kalapos, &#8212; mindig ozsonnaid\u0151 van, s nincs id\u0151nk, hogy id\u0151k\u00f6zben elmossuk a\u00a0 cs\u00e9sz\u00e9ket.<\/p>\n<p>&#8212; Sz\u00f3val, k\u00f6zben mindig egy hellyel el\u0151bbre \u00fclt\u00f6k? &#8212; mondta Alice.<\/p>\n<p>&#8212; \u00dagy van, &#8212; hagyta helybem a kalapos, &#8212; ha elhaszn\u00e1lunk egy cs\u00e9sz\u00e9t, egy hellyel el\u0151bbre \u00fcl\u00fcnk!<\/p>\n<p>&#8212; \u00c9s hogyha k\u00f6r\u00fcl\u00e9rtetek s \u00fajb\u00f3l ott vagytok, ahol kezdt\u00e9tek? &#8212; b\u00e1torkodott k\u00e9rdezni Alice.<\/p>\n<p>&#8212; Besz\u00e9lj\u00fcnk most valami m\u00e1sr\u00f3l, &#8212; mondta \u00e1s\u00edtva a csavarg\u00f3 ny\u00fal, &#8212; ez a t\u00e1rgy m\u00e1r igaz\u00e1n unalmas. Azt aj\u00e1nlom, hogy a fiatal h\u00f6lgy mes\u00e9ljen valamit.<\/p>\n<p>&#8212; \u00d3h, de \u00e9n sajnos nem tudok, &#8212; tiltakozott Alice ijedten e k\u00edv\u00e1ns\u00e1g hallat\u00e1ra.<\/p>\n<p>&#8212; Akkor a mormota mes\u00e9ljen! &#8212; ki\u00e1ltott\u00e1k mindketten, &#8212; \u00e9bredj mormota! &#8212; \u00e9s csipkedt\u00e9k mind a k\u00e9t oldalr\u00f3l egyszerre.<\/p>\n<p>A mormota lassan kinyitotta szemeit. &#8212; \u00c9n nem aludtam &#8212; mondta rekedt, gyenge hangon, &#8212; minden sz\u00f3t hallottam, amit ti, fiatalok besz\u00e9ltetek.<\/p>\n<p>&#8212; Mes\u00e9lj nek\u00fcnk egy mes\u00e9t, &#8212; mondta a ny\u00fal.<\/p>\n<p>&#8212; \u00d3h k\u00e9rlek, l\u00e9gy sz\u00edves! &#8212; k\u00e9rte Alice is.<\/p>\n<p>&#8212; Gyorsan, gyorsan, &#8212; tett hozz\u00e1 a kalapos, &#8212; k\u00fcl\u00f6nben elalszol miel\u0151tt m\u00e9g a v\u00e9g\u00e9re jutsz!<\/p>\n<p>&#8212; Hol volt, hol nem volt, volt egyszer h\u00e1rom n\u0151v\u00e9r, &#8212; kezdte gyorsan a mormota, &#8212; n\u00e9v szerint: Ella, Mella, \u00e9s Bella, akik m\u00e9lyen egy k\u00fat fenek\u00e9n laktak.<\/p>\n<p>&#8212; Mib\u0151l \u00e9ltek? &#8212; k\u00e9rdezte Alice, aki az \u00e9tel-ital ir\u00e1nt mindig nagyon \u00e9rdekl\u0151d\u00f6tt.<\/p>\n<p>&#8212; Sz\u00f6rpb\u0151l \u00e9ltek, &#8212; v\u00e1laszolt a mormota percnyi gondolkod\u00e1s ut\u00e1n.<\/p>\n<p>&#8212; De hiszen az lehetetlen, &#8212; jegyezte meg szer\u00e9nyen Alice, &#8212; hiszen att\u00f3l betegek lettek volna.<\/p>\n<p>&#8212; Azok is lettek, &#8212; mondta a mormota, &#8212; nagyon betegek.<\/p>\n<p>Alice iparkodott tiszt\u00e1n elk\u00e9pzelni, milyen lehetettt vajjon ez a rendkiv\u00fcli \u00e9let: de az annyira k\u00fcl\u00f6n\u00f6snek tetszett, hogy \u00fajb\u00f3l k\u00e9rdezte:<\/p>\n<p>&#8212; De mi\u00e9rt laktak lent a k\u00fatban?<\/p>\n<p>&#8212; Nem akarsz m\u00e9g egy kev\u00e9s te\u00e1t? &#8212; k\u00e9rdezte a csacsog\u00f3 ny\u00fal komolyan Alicet\u00f3l.<\/p>\n<p>&#8212; M\u00e9g egy keveset? Hiszen egy\u00e1ltal\u00e1ban m\u00e9g semmit sem kaptam, &#8212; mondta s\u00e9rt\u0151d\u00f6tten Alice &#8212; teh\u00e1t nem kiv\u00e1nhatok t\u00f6bbet.<\/p>\n<p>&#8212; Azt hiszed, kevesebbet nem tudsz inni &#8212; mondta a kalapos: &#8212; k\u00f6nny\u0171 t\u00f6bbet, mint kevesebbet inni.<\/p>\n<p>&#8212; Senki sem k\u00e9rte a tan\u00e1csodat, &#8212; mondta Alice.<\/p>\n<p>&#8212; Ki kezdte a szem\u00e9lyesked\u00e9st? &#8212; k\u00e9rdezte diadalmasan a kalapos.<\/p>\n<p>Alice nem igen tudta, mit feleljen; vett mag\u00e1nak egy kis te\u00e1t \u00e9s vajaskenyeret \u00e9s a mormota fel\u00e9 fordulva \u00fajb\u00f3l k\u00e9rdezte:<\/p>\n<p>&#8212; Mi\u00e9rt lakott a h\u00e1rom n\u0151v\u00e9r a k\u00fatban?<\/p>\n<p>A mormota gondolkozott egy pillanatig, majd \u00edgy felelt:<\/p>\n<p>&#8212; Az egy sz\u00f6rp-k\u00fat volt.<\/p>\n<p>&#8212; Olyan nincsen &#8212; mondta haragosan Alice; de a kalapos \u00e9s a csacsog\u00f3 ny\u00fal mindketten mondt\u00e1k: pszt, pszt \u00e9s a mormota d\u00f6rm\u00f6gve sz\u00f3lalt meg: &#8212; Ha udvariatlanul viselkedsz, \u00fagy folytasd magad.<\/p>\n<p>&#8212; Nem, k\u00e9rlek mes\u00e9ld tov\u00e1bb! &#8212; k\u00e9rte Alice nagyon szer\u00e9nyen, &#8212; nem foglak f\u00e9lbeszak\u00edtani t\u00f6bb\u00e9. Val\u00f3sz\u00edn\u0171leg m\u00e9g van a\u00a0 vil\u00e1gon olyan k\u00fat!<\/p>\n<p>&#8212; Van, igaz\u00e1n? &#8212; mondta megbotr\u00e1nkozva a mormota. De az\u00e9rt folytatta:<\/p>\n<p>&#8212; Teh\u00e1t\u00a0 h\u00e1rom kis n\u0151v\u00e9r, tudnotok kell, hogy rajzolni tanulni.<\/p>\n<p>&#8212; Mit rajzoltak? &#8212; k\u00e9rdezte Alice, megfeledkezve ig\u00e9ret\u00e9r\u0151l.<\/p>\n<p>&#8212; Sz\u00f6rp\u00f6t,&#8211; mondta meggondolatlanul a\u00a0 mormota.<\/p>\n<p>&#8212; Tiszta cs\u00e9sz\u00e9re van sz\u00fcks\u00e9gem, &#8212; szak\u00edtotta f\u00e9lbe a kalapos az elbesz\u00e9l\u00e9st, &#8212; \u00fclj\u00fcnk egy hellyel feljebb mindannyian.<\/p>\n<p>A k\u00f6vetkez\u0151 helyre \u00fclt \u00e9s a mormota k\u00f6vette; a ny\u00fal a mormota hely\u00e9re \u00fclt \u00e9s Alice &#8212; b\u00e1r nem sz\u00edvesen &#8212; a ny\u00fal hely\u00e9re. A kalapos volt az egyetlen, akire el\u0151ny\u00f6s volt ez a v\u00e1ltoz\u00e1s.\u00a0 Alice rosszul j\u00e1rt, mert a\u00a0 ny\u00fal a tejesk\u00f6cs\u00f6g\u00f6t bor\u00edtotta r\u00e1 cs\u00e9sz\u00e9j\u00e9re.<\/p>\n<p>Alice nem akarta a mormot\u00e1t \u00fajb\u00f3l megs\u00e9rteni, az\u00e9rt nagyon udvariasan k\u00e9rdezte:<\/p>\n<p>&#8212; Igaz\u00e1n nem \u00e9rtem, hogyan lehet sz\u00f6rp\u00f6t rajzolni?<\/p>\n<p>&#8212; Mintha nem minden sz\u00f6rp rajzolt lenne, amit a keresked\u0151t\u0151l vesznek, &#8212; mondta\u00a0 a kalapos: &#8212; nem l\u00e1ttad mindig rajta: &#8220;finom min\u0151s\u00e9g&#8221;, &#8220;legfinomabb min\u0151s\u00e9g&#8221;, &#8220;els\u0151rend\u0171 min\u0151s\u00e9g&#8221;. \u00d3h, te kis but\u00e1cska.<\/p>\n<p>&#8212; Amint mondtam &#8212; folytatta tov\u00e1bb a mormota &#8212; rajzolni tanultak. &#8212; Itt \u00e1s\u00edtott, d\u00f6rzs\u00f6lte a szemeit, \u00e9s nagyon el\u00e1lmosodott: &#8212; \u00e9s rajzoltak mindenf\u00e9l\u00e9t, mindenf\u00e9l\u00e9t, ami M-mel kezd\u0151dik&#8230;<\/p>\n<p>&#8212; Mi\u00e9rt \u00e9ppen M-mel? &#8212; szak\u00edtotta f\u00e9lbe Alice.<\/p>\n<p>&#8212; Mi\u00e9rt? &#8212; mondta a csacsog\u00f3 ny\u00fal is.<\/p>\n<p>A mormota id\u0151k\u00f6zben beh\u00fanyta a szemeit \u00e9s f\u00e9lig-meddig m\u00e1r el is aludt; de a kalapos cs\u00edpkedte, mire halk sikollyal fel\u00e9bredt \u00e9s folytatta: &#8212; Mindent, ami M-mel kezd\u0151dik: Macska, M\u00e1k, Marad\u00e9k, Mos\u00e1s, M\u00e1rt\u00e1s, Mindig, Mikor&#8230; hiszen tudj\u00e1tok, hogy sokszor mondjuk: mindig, mikor&#8230; de l\u00e1tt\u00e1tok m\u00e1r ezt valaha lerajzolva?<\/p>\n<p>&#8212; Csakugyan miut\u00e1n magad k\u00e9rded &#8212; mondta eg\u00e9szen zavartan Alice &#8212; aligha hiszem&#8230;<\/p>\n<p>&#8212; Akkor nem is kellene besz\u00e9lned &#8212; vet\u00e9 ellen a kalapos.<\/p>\n<p>Ezt a gorombas\u00e1got m\u00e1r nem t\u0171rhette tov\u00e1bb Alice, mi\u00e9rt is fel\u00e1llt \u00e9s s\u00e9rt\u0151d\u00f6tten t\u00e1vozott; a mormota azonnal \u00fajb\u00f3l elaludt, a m\u00e1sik kett\u0151 \u00fcgyet sem vetett r\u00e1, \u00e1mb\u00e1r \u0151 t\u00f6bbsz\u00f6r is h\u00e1trafordult, f\u00e9lig-meddig abban a rem\u00e9nyben, hogy visszah\u00edvj\u00e1k.<\/p>\n<p>Amid\u0151n utolj\u00e1ra fordult vissza, elsz\u00f6rny\u0171lk\u00f6dve l\u00e1tta, hogy a m\u00e1sik kett\u0151 egy te\u00e1skann\u00e1ba iparkodik bedugni a mormot\u00e1t.<\/p>\n<p>&#8212; Semmi esetre sem akarok oda visszat\u00e9rni! &#8212; mondta Alice mialatt \u00fatj\u00e1t az erd\u0151n kereszt\u00fcl vette. &#8212; Ez a legbut\u00e1bb tea-t\u00e1rsas\u00e1g, melyben valaha megfordultam!<\/p>\n<p>Mialatt \u00edgy besz\u00e9lt, \u00e9szrevette, hogy az egyik fat\u00f6rzsben ajt\u00f3 van. &#8212; Ez igaz\u00e1n k\u00fcl\u00f6n\u00f6s! De ma minden olyan k\u00f6z\u00f6mb\u00f6s! Ink\u00e1bb mindj\u00e1rt bemegyek.<\/p>\n<p>Amint mondta, \u00fagy is tett: s \u00fajb\u00f3l abban a hossz\u00fa folyos\u00f3ban volt, a kis \u00fcvegasztalka k\u00f6zvetlen k\u00f6zel\u00e9ben.\u00a0 &#8220;Ez\u00fattal b\u00f6lcsebb akarok lenni.&#8221; gondolta. Vette az arany kulcsot s \u00fajb\u00f3l leharapott egy darabk\u00e1t a gomb\u00e1b\u00f3l (egy kis darabot a zseb\u00e9ben tartott), m\u00edg v\u00e9gre egy l\u00e1b magas lett. Ekkor v\u00e9gigment egy kis folyos\u00f3n &#8212; \u00e9s v\u00e9gre ott volt a csodasz\u00e9p kertben, \u00e9kes vir\u00e1g\u00e1gyak \u00e9s h\u0171s sz\u00f6k\u0151kutak k\u00f6z\u00f6tt.<\/p>\n<p>&nbsp;<\/p>\n<p>&nbsp;<\/p>\n<p>&nbsp;<\/p>\n<p>&nbsp;<\/p>\n<p>&nbsp;<\/p>\n<p>&nbsp;<\/p>\n","protected":false},"excerpt":{"rendered":"<p>Az eszeveszett teat\u00e1rsas\u00e1g Ter\u00edtett asztal \u00e1llott a h\u00e1z el\u0151tt, melyn\u00e9l a csacsog\u00f3 ny\u00fal \u00e9s a kalapos \u00fcltek. K\u00f6z\u00f6tt\u00fck \u00fclt egy mormota, m\u00e9ly \u00e1lomban s a m\u00e1sik kett\u0151nek p\u00e1rn\u00e1ul szolg\u00e1lva, kik k\u00f6ny\u00f6k\u00fcket r\u00e1t\u00e1masztott\u00e1k \u00e9s \u00fagy besz\u00e9lgettek a feje f\u00f6l\u00f6tt. &#8212; Nagyon k\u00e9nyelmetlen lehet a mormot\u00e1nak, &#8212; gondolta Alice &#8212; de miut\u00e1n alszik, nem igen t\u00f6r\u0151dik vele. [&hellip;]<\/p>\n","protected":false},"author":3,"featured_media":0,"parent":73,"menu_order":0,"comment_status":"closed","ping_status":"closed","template":"","meta":{"footnotes":""},"class_list":["post-333","page","type-page","status-publish","hentry"],"_links":{"self":[{"href":"http:\/\/ieas-szeged.hu\/downtherabbithole\/wp-json\/wp\/v2\/pages\/333","targetHints":{"allow":["GET"]}}],"collection":[{"href":"http:\/\/ieas-szeged.hu\/downtherabbithole\/wp-json\/wp\/v2\/pages"}],"about":[{"href":"http:\/\/ieas-szeged.hu\/downtherabbithole\/wp-json\/wp\/v2\/types\/page"}],"author":[{"embeddable":true,"href":"http:\/\/ieas-szeged.hu\/downtherabbithole\/wp-json\/wp\/v2\/users\/3"}],"replies":[{"embeddable":true,"href":"http:\/\/ieas-szeged.hu\/downtherabbithole\/wp-json\/wp\/v2\/comments?post=333"}],"version-history":[{"count":14,"href":"http:\/\/ieas-szeged.hu\/downtherabbithole\/wp-json\/wp\/v2\/pages\/333\/revisions"}],"predecessor-version":[{"id":672,"href":"http:\/\/ieas-szeged.hu\/downtherabbithole\/wp-json\/wp\/v2\/pages\/333\/revisions\/672"}],"up":[{"embeddable":true,"href":"http:\/\/ieas-szeged.hu\/downtherabbithole\/wp-json\/wp\/v2\/pages\/73"}],"wp:attachment":[{"href":"http:\/\/ieas-szeged.hu\/downtherabbithole\/wp-json\/wp\/v2\/media?parent=333"}],"curies":[{"name":"wp","href":"https:\/\/api.w.org\/{rel}","templated":true}]}}