{"id":235,"date":"2017-05-25T12:02:54","date_gmt":"2017-05-25T12:02:54","guid":{"rendered":"http:\/\/ieas-szeged.hu\/downtherabbithole\/?page_id=235"},"modified":"2021-09-05T19:59:02","modified_gmt":"2021-09-05T19:59:02","slug":"mat","status":"publish","type":"page","link":"http:\/\/ieas-szeged.hu\/downtherabbithole\/rolam\/oktatas\/temavezetes\/mat\/","title":{"rendered":"MAT"},"content":{"rendered":"<h5><strong>MA SZAKDOLGOZAT T\u00c9MAVEZET\u00c9S \/MA THESIS SUPERVISION<br \/>\n<\/strong><\/h5>\n<p>SZTE Angol-Amerikai Int\u00e9zet<\/p>\n<p>T\u00f3th Zsolt.<em>\u00a0Oozing Body-Text(ure)s: Posthuman Enfreakment in and through David Cronenberg\u2019s The Fly<\/em><\/p>\n<p>Jankovics N\u00f3ra.\u00a0<em>Disciplining the girl child\u2019s body in children\u2019s literature:<\/em> <em>Corporeal taboos in Lewis Carroll\u2019s <\/em>Alice\u2019s Adventures in Wonderland<em> and in its contemporary adaptations <\/em><\/p>\n<p>Osoliova Vikt\u00f3ria.\u00a0<em>Haunting Gender: The Representation of Female Gothic Anxieties in Daphne du Maurier\u2019s<\/em> <em>Rebecca<\/em><\/p>\n<p>Seb\u0151k Alexandra.<a name=\"_Toc39945703\"><\/a><em>Queering Peter Pan: Transgender Identity in Austin Chant\u2019s <\/em><em>Peter Darling. <\/em>2020.<\/p>\n<p>Pat\u00f3 Di\u00e1na. <em>Taboos in Children\u2019s Literature: <\/em><em>Dread, Diversity and Disability, <\/em>2019.<em><br \/>\n<\/em><\/p>\n<p>Sz\u0171cs Edit. <em>Challenging the boundaries of the \u201cnormal\u201d in Steven Universe: Queering the Landscape in American Children\u2019s Cartoons,<\/em> 2018.<\/p>\n<p>Szarvas R\u00e9ka. <em>Mad Housewives and Cool Girls. Reading Gillian Flynn\u2019s Novels as Feminist Metafictio<\/em>n, 2018.<\/p>\n<p>Mikola Anita. <em>Romanticizing the Horror Genre: Fairy-Tale Motifs in Stephenie Meyer\u2019s Twilight Saga, <\/em>2018.<em><br \/>\n<\/em><\/p>\n<p>Csipe Szilvia. <em>An intraracial conflict between the black male and the black female in Toni Morrison\u2019s Paradise<\/em><em>,<\/em> 2018.<\/p>\n<p>\u00c1d\u00e1m Andrea. <em>The Beautiful, The Happy, and the Starving. Everyday Stories of Female Anorexia Nervosa and Margaret Atwood\u2019s The Edible Woman, <\/em>2016.<\/p>\n<p>Dr Borosn\u00e9 Moln\u00e1r Anik\u00f3. <em>Bipolarity as a Creative Force in Virginia Woolf\u2019s Life and Literary Achievements<\/em>, 2015.<\/p>\n<p>Gorz\u00e1s Zs\u00f3fia M\u00e1ria. <em>Tattooing as an Embodied Mode of Female Self-Expression, <\/em>2013.<\/p>\n<p>Czifra Zolt\u00e1n.<em> Fictionalizing the Anxieties of Girls\u2019 Coming-of-Age in Lewis Carroll\u2019s Alice\u2019s Adventures in Wonderland, <\/em>2012.<\/p>\n<p>Barcal No\u00e9mi. <em>Beauty, Don\u2019t Bet on the Beast! Women\u2019s Subordination in Three Versions of an Animal-Groom Fairy Tale Classic<\/em>, 2012<\/p>\n<p>Kokovay J\u00e1nos Dezs\u0151. <em>Empowerment Through \u2019Feminist-Monstrous\u2019 Presence in Horror Cinema<\/em>, 2012<\/p>\n<p>Kunji Szuzanna. <em>Uncanny<\/em> <em>Female Empowerment in Coraline. Freud Meets Neil Gaiman<\/em>, 2012<\/p>\n<p>Gy\u00f6ngy\u00f6si Nikolett: <em>Genre, Representation, and the Female Subject: Rewriting the Myths of Femininity in Emma Tennant\u2019s Sisters and Strangers<\/em>, 2012<\/p>\n<p>Nagy Bogl\u00e1rka. <em>The Transformations of Dorian Gray<\/em>, 2011<\/p>\n<p>Medve Tamara. <em>Prostitution and Cross-dressing as Performance in Sarah Waters\u2019 Tipping the Velvet,<\/em> 2011<\/p>\n<p>Mankovics Kitti. <em>The Representations of the Fictionalized Figure of Sylvia Plath Through Life Writing,<\/em> 2011<\/p>\n<p>Harmath Csilla. <em>The Problematic Role of Language in Lewis Carroll\u2019s Alice Tales, <\/em>2011<\/p>\n<p>H\u00e1gelmann Henriett: <em>\u201cReader, I betrayed him.\u201d Revisioning (Retro)Victorian Sexual Matters in Charlotte Bronte\u2019s Jane Eyre and D.M. Thomas\u2019s Charlotte, <\/em>2010<\/p>\n<p>Kiss Szilvia.<em> Dorian Gray, the Dandy as the Fictional Self-Portrait of Oscar Wilde. <\/em>2010<\/p>\n<p>Pap Marianna. <em>Tim Burton, Fairy-Tale Auteur<\/em>. 2010.<\/p>\n<p>Valtner Vivien. <em>A Comparative Analysis of Symbols of Passion in Emily Bronte\u2019s Wuthering Heights and Maryse Cond\u00e9\u2019s Winward Heights. <\/em><\/p>\n<p>V\u00e9gh Annam\u00e1ria. <em>Physical and Spiritual Evolution in George MacDonald\u2019s The Princess and the Goblin. <\/em><\/p>\n<p>Csontos No\u00e9mi. <em>(Im)possibilities of Feminine Revolt in Louisa May Alcott\u2019s Little Women. <\/em><\/p>\n<p>Balog Hermina, <em>The Sublime of the Pathological in Joel-Peter Witkin\u2019s Photography. 2010.<\/em><\/p>\n<p>Cserh\u00e1ti \u00c1gnes: <em>Fictional Revisitings of Western Attitudes to Death in J.K. Rowling\u2019s Harry Potter Series. 2010.<\/em><\/p>\n<p>Csontos Rita. <em>Deviant Female Characters in the Victorian and the Postmodern Era. A Comparison of Charles Dickens\u2019s and Alfonso Cuar\u00f3n\u2019s<\/em> <em>Great Expectations. 2010.<\/em><\/p>\n<p>T\u00f3thova Andrea. <em>(Im)possibility of Transgression for the Becoming-Woman: Salman Rushdie\u2019s The Ground Beneath her Feet. <\/em><\/p>\n<p>Udvari T\u00fcnde. <em>Fanfiction Writer. The Impertinent Admirer<\/em>. 2009.<\/p>\n<p>Kunst\u00e1r Kata Anna. <em>Unity and hidden meanings in C.S. Lewis\u2019s Chronicles of Narnia. 2009.<\/em><\/p>\n<p>K\u00f3nya Be\u00e1ta. <em>The Abjectification of the Subjectivity in Sylvia Plath\u2019s The Bell Jar<\/em>. 2009.<\/p>\n<p>M\u00e9sz\u00e1ros Linda. <em>A Body of One\u2019s Own. A Comparative Analysis of Corseting and Anorexia Nervosa. 2009.<\/em><\/p>\n<p>Sz\u00e9kesi D\u00f3ra. <em>Between Referentiality and Fiction. A Double Reading of Sylvia Plath\u2019s Autobiographical Novel The Bell Jar. <\/em><\/p>\n<p>Vir\u00e1gh Anna. <em>A Female Quijote? Neopicaresque as an Authorial Narrative Strategy in Angela Carter\u2019s Nights at the Circus. <\/em><\/p>\n<p>Bal\u00e1zs Katalin. <em>Subversion in Visuality and Language in Sarah Kane\u2019s Blasted and Cleansed. <\/em><\/p>\n<p>Kreidlmayer M\u00e1rta. <em>From Grotesque Monstrosity to Extraordinary Success in Fay Weldon\u2019s<\/em> <em>The Life and Loves of a She Devil<\/em>. 2007.<\/p>\n<p>Kiss Borb\u00e1la. <em>Ethical Critique in an Ironic Voice. Bridget Jones\u2019s Diary as a Rewriting of Pride and Prejudice. <\/em><\/p>\n<p>Tari Erika. <em>A Comparative Analysis of Jane Austen\u2019s Pride and Prejudice and Helen Fielding\u2019s Bridget Jones\u2019s Diary. <\/em><\/p>\n<p>T\u00f3th Andrea. <em>The Representations of Femininity in Katherine Mansfield\u2019s Short Stories<\/em>. 2006.<\/p>\n<p>Vilman Am\u00e1lia. <em>Women\u2019s Reproductive Rights in 20<sup>th<\/sup> Century Women\u2019s Literature in English<\/em>. 2006.<\/p>\n<p>M\u00e1t\u00e9 Annam\u00e1ria. <em>Intertextuality in<\/em> <em>Woolf\u2019s Mrs Dalloway and Cunningham\u2019s Hours<\/em>. 2005.<\/p>\n<p>B\u00e1r\u00e1cz \u00c1gnes. <em>Gothic Themes in<\/em> <em>Interview with the Vampire. 2005.<br \/>\n<\/em><\/p>\n<p>Heged\u0171s Zolt\u00e1n. <em>Transgressions: Body, Love, Desire in Jeanette Winterson\u2019s The Passion. 2005.<\/em><\/p>\n<p>Gyaraky M\u00e1rta. <em>Haunting Women in Toni Morrison\u2019s Beloved<\/em> 2005.<\/p>\n<p>&nbsp;<\/p>\n","protected":false},"excerpt":{"rendered":"<p>MA SZAKDOLGOZAT T\u00c9MAVEZET\u00c9S \/MA THESIS SUPERVISION SZTE Angol-Amerikai Int\u00e9zet T\u00f3th Zsolt.\u00a0Oozing Body-Text(ure)s: Posthuman Enfreakment in and through David Cronenberg\u2019s The Fly Jankovics N\u00f3ra.\u00a0Disciplining the girl child\u2019s body in children\u2019s literature: Corporeal taboos in Lewis Carroll\u2019s Alice\u2019s Adventures in Wonderland and in its contemporary adaptations Osoliova Vikt\u00f3ria.\u00a0Haunting Gender: The Representation of Female Gothic Anxieties in Daphne [&hellip;]<\/p>\n","protected":false},"author":3,"featured_media":0,"parent":213,"menu_order":0,"comment_status":"closed","ping_status":"closed","template":"","meta":{"footnotes":""},"class_list":["post-235","page","type-page","status-publish","hentry"],"_links":{"self":[{"href":"http:\/\/ieas-szeged.hu\/downtherabbithole\/wp-json\/wp\/v2\/pages\/235","targetHints":{"allow":["GET"]}}],"collection":[{"href":"http:\/\/ieas-szeged.hu\/downtherabbithole\/wp-json\/wp\/v2\/pages"}],"about":[{"href":"http:\/\/ieas-szeged.hu\/downtherabbithole\/wp-json\/wp\/v2\/types\/page"}],"author":[{"embeddable":true,"href":"http:\/\/ieas-szeged.hu\/downtherabbithole\/wp-json\/wp\/v2\/users\/3"}],"replies":[{"embeddable":true,"href":"http:\/\/ieas-szeged.hu\/downtherabbithole\/wp-json\/wp\/v2\/comments?post=235"}],"version-history":[{"count":6,"href":"http:\/\/ieas-szeged.hu\/downtherabbithole\/wp-json\/wp\/v2\/pages\/235\/revisions"}],"predecessor-version":[{"id":1744,"href":"http:\/\/ieas-szeged.hu\/downtherabbithole\/wp-json\/wp\/v2\/pages\/235\/revisions\/1744"}],"up":[{"embeddable":true,"href":"http:\/\/ieas-szeged.hu\/downtherabbithole\/wp-json\/wp\/v2\/pages\/213"}],"wp:attachment":[{"href":"http:\/\/ieas-szeged.hu\/downtherabbithole\/wp-json\/wp\/v2\/media?parent=235"}],"curies":[{"name":"wp","href":"https:\/\/api.w.org\/{rel}","templated":true}]}}