{"id":216,"date":"2017-05-24T20:25:12","date_gmt":"2017-05-24T20:25:12","guid":{"rendered":"http:\/\/ieas-szeged.hu\/downtherabbithole\/?page_id=216"},"modified":"2021-09-05T20:14:28","modified_gmt":"2021-09-05T20:14:28","slug":"phd","status":"publish","type":"page","link":"http:\/\/ieas-szeged.hu\/downtherabbithole\/rolam\/oktatas\/temavezetes\/phd\/","title":{"rendered":"PhD"},"content":{"rendered":"<p>Jelenleg 6 megv\u00e9dett \u00e9s 10 k\u00e9sz\u00fcl\u0151 PhD disszert\u00e1ci\u00f3 t\u00e1rs-t\u00e9mavezet\u0151je (az SZTE Irodalomtudom\u00e1nyi Doktori Iskola Angol Nyelv\u0171 Irodalmak \u00e9s Kult\u00far\u00e1k Programban)<\/p>\n<p>MEGV\u00c9DETT<\/p>\n<p>Cset\u00e9nyi Korinna. <em>The Metafictional Narrativization of the Traumatized Body and Monstrous Femininity in Stephen King\u2019s Horror Fiction <\/em>(v\u00e9d\u00e9s: 2015 Augusztus<em>)<\/em><\/p>\n<p>Makai P\u00e9ter Krist\u00f3f. <em>Bridging the Empathy Gap: Representing Neurological Difference in Contemporary Autism Novels<\/em> (v\u00e9d\u00e9s: 2016 \u00c1prilis)<\/p>\n<p>T\u00f3th Andrea. <em>Elmozdul\u00f3 jelent\u00e9sek. A feminizmus fogalmainak \u00fajragondol\u00e1sa az \u00c9jszakai \u00e1llatkert \u00e9s a Szomjas o\u00e1zis recepci\u00f3j\u00e1nak t\u00fckr\u00e9ben<\/em> (v\u00e9d\u00e9s: 2017 November)<\/p>\n<p>Daniel Nyikos. <em>Colonizing Cynicism: The Hypocrisy of Empire and the Literary Work of Rudyard Kipling<\/em> (v\u00e9d\u00e9s: 2019 Okt\u00f3ber)<\/p>\n<p>T\u00f3th Zsuzsanna.\u00a0<em>Holistic Principles and Motives of Reunion. (Re)enchantment in Philip Pullman\u2019s Religious Fantasy, His Dark Materials <\/em>(v\u00e9d\u00e9s: 2020 j\u00fanius)<\/p>\n<p>Sz\u0151ke D\u00e1vid S\u00e1ndor.\u00a0<em>German Exile Literature and the Early Novels of Iris Murdoch<\/em> (v\u00e9d\u00e9s: 2021)<\/p>\n<p>FOLYAMATBAN<\/p>\n<p>B\u00e1lint Emma. <em>New Media Adaptations of Fairy Tales, and Digital Red Riding Hood<\/em><\/p>\n<p>Szarvas R\u00e9ka. <em>Reading contemporary women\u2019s crime novels as feminist corporeagraphic metafiction<\/em><\/p>\n<p>Moln\u00e1r Andr\u00e1s. <em>Az irodalom \u00e9s a jog kapcsolata, a poszt-lovecrafti\u00e1nus new weird fikci\u00f3 lehets\u00e9ges olvasatai<\/em><\/p>\n<p>Fodor Andr\u00e1s<em>. Contemporary Fantasy and Theories of Space<\/em><\/p>\n<p>Rusvai M\u00f3nika. <em>Plant fantasies in Robert Holdstock<\/em><\/p>\n<p>Elahe Mousavian. <em>The politics of children\u2019s literature. Samad Beranghi\u2019s Little Black Fish<\/em><\/p>\n<p>T\u00f3th Zsolt.\u00a0<em>Posthumanist Re-readings of Theories of Subjectivity: Monstrous Body-texts<\/em><\/p>\n<p>Osoliova Vikt\u00f3ria.\u00a0<em>Female Gothic, Corporeal Narratology, Feminist Hauntology<\/em><\/p>\n<p>Bagi D\u00e1niel.\u00a0<em>Re-enchantment and Eco-criticism in Algernon Blackwood\u2019s Weird fiction<\/em><\/p>\n<p>M\u00f3cza Attila. <em>The Rhetorics of Power in Immediately Contemporary Online Gothic Short Fiction<\/em><\/p>\n<h5><strong>Doktori opponencia<\/strong><\/h5>\n<p>PhD disszert\u00e1ci\u00f3 opponenci\u00e1k:<\/p>\n<p>2011 Szab\u00f3 Andrea: <em>Alice Munro neo-g\u00f3tikus \u00edr\u00e1sm\u0171v\u00e9szete. <\/em>Debreceni Tudom\u00e1nyegyetem. Irodalomtudom\u00e1nyi Doktori Program<\/p>\n<p>2012 Nagy Gergely: <em>&#8216;Ye olde authour&#8217;: Tolkien&#8217;s Anatomy of Tradition in the Silmarillion<\/em>. munkahelyi v\u00e9d\u00e9s. Szegedi Tudom\u00e1nyegyetem. Irodalomtudom\u00e1nyi Doktori Program<\/p>\n<p>2015 Kiss Bogl\u00e1rka: <em>Integrity, Monstrosity and the Female Body in Sylvia Plath\u2019s and Anne Sexton\u2019s Poetry. <\/em>munkahelyi v\u00e9d\u00e9s.<em>\u00a0<\/em>Debreceni Tudom\u00e1nyegyetem, Irodalomtudom\u00e1nyi Doktori Program<\/p>\n<p>2017 Ureczky Eszter: <em>Cultures of Pollution. Epidemic Disease and Biopolitics of Contagion in Contemporary Anglophone Fiction<\/em>, Debreceni Tudom\u00e1nyegyetem, Irodalomtudom\u00e1nyi Doktori Program<\/p>\n<p>2017 P\u00e1l-Kov\u00e1cs Ram\u00f3na. <em>Cartographie de la M\u00e9moire: Pour une Lecture G\u00e9ocritique de l\u2019Autobiographie de Michel Tremblay<\/em>, SZTE, Irodalomtudom\u00e1nyi Doktori Iskola<\/p>\n<p>2017 Kendra Reynolds. <em>Space, Time and Bodies: The Feminist Architecture of Postmodern Anti-Tales<\/em>. University of Ulster, Northern Ireland.<\/p>\n<p>2018. Lipt\u00e1k-Pik\u00f3 Judit <em>Fantom \u00e9s fikci\u00f3 Marie Darrieussecq reg\u00e9nyeiben \u00e9s elm\u00e9leti \u00edr\u00e1saiban,<\/em> SZTE, Irodalomtudom\u00e1nyi Doktori Iskola, Francia tansz\u00e9k<\/p>\n<p>2018. Maja Pan. The Enchantment of Reality: The Philosophy of Gender and Queer Feminist Pedagogical Practices. University of Ljubljana, Humanities and Social Sciences Study Programme, Slovenia<\/p>\n<p>2021. Marosiova Ren\u00e1ta.\u00a0<em>Great Mothers in the Banks Family. The Victorian Influence on the Archetypal Mother Images in the Mary Poppins Novels, <\/em>ELTE, Budapest. Munkahelyi vita.<\/p>\n<p>&nbsp;<\/p>\n","protected":false},"excerpt":{"rendered":"<p>Jelenleg 6 megv\u00e9dett \u00e9s 10 k\u00e9sz\u00fcl\u0151 PhD disszert\u00e1ci\u00f3 t\u00e1rs-t\u00e9mavezet\u0151je (az SZTE Irodalomtudom\u00e1nyi Doktori Iskola Angol Nyelv\u0171 Irodalmak \u00e9s Kult\u00far\u00e1k Programban) MEGV\u00c9DETT Cset\u00e9nyi Korinna. The Metafictional Narrativization of the Traumatized Body and Monstrous Femininity in Stephen King\u2019s Horror Fiction (v\u00e9d\u00e9s: 2015 Augusztus) Makai P\u00e9ter Krist\u00f3f. Bridging the Empathy Gap: Representing Neurological Difference in Contemporary Autism Novels [&hellip;]<\/p>\n","protected":false},"author":3,"featured_media":0,"parent":213,"menu_order":0,"comment_status":"closed","ping_status":"closed","template":"","meta":{"footnotes":""},"class_list":["post-216","page","type-page","status-publish","hentry"],"_links":{"self":[{"href":"http:\/\/ieas-szeged.hu\/downtherabbithole\/wp-json\/wp\/v2\/pages\/216","targetHints":{"allow":["GET"]}}],"collection":[{"href":"http:\/\/ieas-szeged.hu\/downtherabbithole\/wp-json\/wp\/v2\/pages"}],"about":[{"href":"http:\/\/ieas-szeged.hu\/downtherabbithole\/wp-json\/wp\/v2\/types\/page"}],"author":[{"embeddable":true,"href":"http:\/\/ieas-szeged.hu\/downtherabbithole\/wp-json\/wp\/v2\/users\/3"}],"replies":[{"embeddable":true,"href":"http:\/\/ieas-szeged.hu\/downtherabbithole\/wp-json\/wp\/v2\/comments?post=216"}],"version-history":[{"count":13,"href":"http:\/\/ieas-szeged.hu\/downtherabbithole\/wp-json\/wp\/v2\/pages\/216\/revisions"}],"predecessor-version":[{"id":1745,"href":"http:\/\/ieas-szeged.hu\/downtherabbithole\/wp-json\/wp\/v2\/pages\/216\/revisions\/1745"}],"up":[{"embeddable":true,"href":"http:\/\/ieas-szeged.hu\/downtherabbithole\/wp-json\/wp\/v2\/pages\/213"}],"wp:attachment":[{"href":"http:\/\/ieas-szeged.hu\/downtherabbithole\/wp-json\/wp\/v2\/media?parent=216"}],"curies":[{"name":"wp","href":"https:\/\/api.w.org\/{rel}","templated":true}]}}