{"id":210,"date":"2017-05-24T20:04:34","date_gmt":"2017-05-24T20:04:34","guid":{"rendered":"http:\/\/ieas-szeged.hu\/downtherabbithole\/?page_id=210"},"modified":"2019-05-05T06:12:33","modified_gmt":"2019-05-05T06:12:33","slug":"kulfoldi-tanitas","status":"publish","type":"page","link":"http:\/\/ieas-szeged.hu\/downtherabbithole\/rolam\/oktatas\/kulfoldi-tanitas\/","title":{"rendered":"K\u00fclf\u00f6ldi tan\u00edt\u00e1s"},"content":{"rendered":"<h5><strong>K\u00fclf\u00f6ldi tan\u00edt\u00e1si tapasztalat<\/strong><\/h5>\n<ol start=\"2010\">\n<li>J\u00falius, West Virginia University, Angol tansz\u00e9k, Ny\u00e1ri egyetemi intenz\u00edv kurzus mesterk\u00e9pz\u00e9s hallgat\u00f3knak, <em>The Feminist Grotesque <\/em>szemin\u00e1rium. kontakt: Dr Donald E Hall<\/li>\n<li>J\u00falius 6-20. Erasmus Nemzetk\u00f6zi Intenz\u00edv Ny\u00e1ri Egyetem, Velence, Olaszorsz\u00e1g. <em>Walking, Watching, and A-Wakening in Venice.<\/em> Kurzusom c\u00edme: <em>Psychogeography and the Embodied Experience of Space.\u00a0\u00a0\u00a0 <\/em>kontakt: Dr Margaret Rose<em><br \/>\n<\/em><\/li>\n<li>J\u00falius 5-19. Erasmus Nemzetk\u00f6zi Intenz\u00edv Ny\u00e1ri Egyetem, Velence, Olaszorsz\u00e1g. <em>Teaching, Touring, Translating in Venice<\/em>. Kurzusom c\u00edme: <em>Translation as a means of Cross-Cultural Encounters and Language Philosophical Investigations\u00a0\u00a0 <\/em>kontakt: Dr Margaret Rose<em><br \/>\n<\/em><\/li>\n<li>Okt\u00f3ber 20. Universidad Huelva, Spanyolorsz\u00e1g. Vend\u00e9gkurzus a \u201cLiterature and Culture\u201d kurzuson a Cultural Management BA programban. \u201cAlice for the iPad. Postmillenial new media adaptations of fantasy literature.\u201d\u00a0 kontakt: Dr Pilar Cuder Dominguez<\/li>\n<li>04.18. University of Antwerpen, Belgium. Fairy Tale Rewritings in English kurzus vend\u00e9gkurzus. &#8220;Girls transformed into animals. Feral embodiments, humanimal subjectivities, posthumanist feminist identity politics&#8221;\u00a0 kontakt: Dr Vanessa Joosen<\/li>\n<li>\u00a0<strong>2019.<\/strong> 04.01-04.06. Universit\u00e9 Bordeaux Montaigne, Erasmus + Guest Lecturer.\u00a0 BA seminar sessions on &#8220;The Acoustics of Nonsense Literature: the Case of Jabberwocky&#8221; &amp; MA lecture &#8220;The\u00a0 Victorian Myth of the Child and the Iconic Figure of Lewis Carroll and\u00a0 his Alice in Wonderland&#8221;\u00a0\u00a0\u00a0 kontakt: Dr B\u00e9atrice Laurent<\/li>\n<\/ol>\n","protected":false},"excerpt":{"rendered":"<p>K\u00fclf\u00f6ldi tan\u00edt\u00e1si tapasztalat J\u00falius, West Virginia University, Angol tansz\u00e9k, Ny\u00e1ri egyetemi intenz\u00edv kurzus mesterk\u00e9pz\u00e9s hallgat\u00f3knak, The Feminist Grotesque szemin\u00e1rium. kontakt: Dr Donald E Hall J\u00falius 6-20. Erasmus Nemzetk\u00f6zi Intenz\u00edv Ny\u00e1ri Egyetem, Velence, Olaszorsz\u00e1g. Walking, Watching, and A-Wakening in Venice. Kurzusom c\u00edme: Psychogeography and the Embodied Experience of Space.\u00a0\u00a0\u00a0 kontakt: Dr Margaret Rose J\u00falius 5-19. Erasmus [&hellip;]<\/p>\n","protected":false},"author":3,"featured_media":0,"parent":202,"menu_order":0,"comment_status":"closed","ping_status":"closed","template":"","meta":{"footnotes":""},"class_list":["post-210","page","type-page","status-publish","hentry"],"_links":{"self":[{"href":"http:\/\/ieas-szeged.hu\/downtherabbithole\/wp-json\/wp\/v2\/pages\/210","targetHints":{"allow":["GET"]}}],"collection":[{"href":"http:\/\/ieas-szeged.hu\/downtherabbithole\/wp-json\/wp\/v2\/pages"}],"about":[{"href":"http:\/\/ieas-szeged.hu\/downtherabbithole\/wp-json\/wp\/v2\/types\/page"}],"author":[{"embeddable":true,"href":"http:\/\/ieas-szeged.hu\/downtherabbithole\/wp-json\/wp\/v2\/users\/3"}],"replies":[{"embeddable":true,"href":"http:\/\/ieas-szeged.hu\/downtherabbithole\/wp-json\/wp\/v2\/comments?post=210"}],"version-history":[{"count":3,"href":"http:\/\/ieas-szeged.hu\/downtherabbithole\/wp-json\/wp\/v2\/pages\/210\/revisions"}],"predecessor-version":[{"id":1400,"href":"http:\/\/ieas-szeged.hu\/downtherabbithole\/wp-json\/wp\/v2\/pages\/210\/revisions\/1400"}],"up":[{"embeddable":true,"href":"http:\/\/ieas-szeged.hu\/downtherabbithole\/wp-json\/wp\/v2\/pages\/202"}],"wp:attachment":[{"href":"http:\/\/ieas-szeged.hu\/downtherabbithole\/wp-json\/wp\/v2\/media?parent=210"}],"curies":[{"name":"wp","href":"https:\/\/api.w.org\/{rel}","templated":true}]}}