{"id":205,"date":"2017-05-24T19:51:20","date_gmt":"2017-05-24T19:51:20","guid":{"rendered":"http:\/\/ieas-szeged.hu\/downtherabbithole\/?page_id=205"},"modified":"2020-03-13T21:00:18","modified_gmt":"2020-03-13T21:00:18","slug":"eloadasaim","status":"publish","type":"page","link":"http:\/\/ieas-szeged.hu\/downtherabbithole\/rolam\/oktatas\/eloadasaim\/","title":{"rendered":"El\u0151ad\u00e1saim"},"content":{"rendered":"<h5><strong>SZTE, BTK, Angol-Amerikai int\u00e9zet (2001-t\u0151l)<\/strong><\/h5>\n<p><strong>K\u00f6telez\u0151 \u00e9vfolyam el\u0151ad\u00e1sok irodalom\/kult\u00fara t\u00e9mak\u00f6rben<\/strong><\/p>\n<p><a href=\"http:\/\/ieas-szeged.hu\/downtherabbithole\/rolam\/oktatas\/eloadasaim\/romanticism-and-victorianism-in-english-literature\/\"><em> Romanticism and Victorianism in English Literature (BA Literature Survey Lecture)<\/em><\/a><\/p>\n<p><a href=\"http:\/\/ieas-szeged.hu\/downtherabbithole\/rolam\/oktatas\/eloadasaim\/the-literary-fantastic-ba\/\"><em> The Literary Fantastic (BA Literature Survey Lecture)<\/em><\/a><\/p>\n<p><em> The Multimediality of Culture\u00a0 (MA Culture Survey Lecture \u2013 Prof Dr Sz\u0151nyi Gy\u00f6rgy Endr\u00e9vel v\u00e1lt\u00e1sban)<\/em><\/p>\n<p><a href=\"http:\/\/ieas-szeged.hu\/downtherabbithole\/rolam\/oktatas\/eloadasaim\/subjectivity-and-the-gendered-body-ma-gender-survey-lecture\/\"><em> Subjectivity and the Gendered Body (MA Gender Survey Lecture)<\/em><\/a><\/p>\n<p><a href=\"http:\/\/ieas-szeged.hu\/downtherabbithole\/rolam\/oktatas\/eloadasaim\/womens-life-writing\/\"><em> Women\u2019s Life Writing: Histories of Women\u2019s Writing in English (MA Gender Survey Lecture)<\/em><\/a><\/p>\n<p><em> Madwomen in the Attic. Women, Writing and Madness (MA Gender Survey Lecture &#8212; <\/em>alkalmank\u00e9nt<em>)<\/em><\/p>\n<p><em>+\u00a0 Introduction to Gender Studies (team teaching, BA Culture Elective Lecture)<\/em><\/p>\n<p>&nbsp;<\/p>\n","protected":false},"excerpt":{"rendered":"<p>SZTE, BTK, Angol-Amerikai int\u00e9zet (2001-t\u0151l) K\u00f6telez\u0151 \u00e9vfolyam el\u0151ad\u00e1sok irodalom\/kult\u00fara t\u00e9mak\u00f6rben Romanticism and Victorianism in English Literature (BA Literature Survey Lecture) The Literary Fantastic (BA Literature Survey Lecture) The Multimediality of Culture\u00a0 (MA Culture Survey Lecture \u2013 Prof Dr Sz\u0151nyi Gy\u00f6rgy Endr\u00e9vel v\u00e1lt\u00e1sban) Subjectivity and the Gendered Body (MA Gender Survey Lecture) Women\u2019s Life Writing: Histories [&hellip;]<\/p>\n","protected":false},"author":3,"featured_media":0,"parent":202,"menu_order":0,"comment_status":"closed","ping_status":"closed","template":"","meta":{"footnotes":""},"class_list":["post-205","page","type-page","status-publish","hentry"],"_links":{"self":[{"href":"http:\/\/ieas-szeged.hu\/downtherabbithole\/wp-json\/wp\/v2\/pages\/205","targetHints":{"allow":["GET"]}}],"collection":[{"href":"http:\/\/ieas-szeged.hu\/downtherabbithole\/wp-json\/wp\/v2\/pages"}],"about":[{"href":"http:\/\/ieas-szeged.hu\/downtherabbithole\/wp-json\/wp\/v2\/types\/page"}],"author":[{"embeddable":true,"href":"http:\/\/ieas-szeged.hu\/downtherabbithole\/wp-json\/wp\/v2\/users\/3"}],"replies":[{"embeddable":true,"href":"http:\/\/ieas-szeged.hu\/downtherabbithole\/wp-json\/wp\/v2\/comments?post=205"}],"version-history":[{"count":5,"href":"http:\/\/ieas-szeged.hu\/downtherabbithole\/wp-json\/wp\/v2\/pages\/205\/revisions"}],"predecessor-version":[{"id":1680,"href":"http:\/\/ieas-szeged.hu\/downtherabbithole\/wp-json\/wp\/v2\/pages\/205\/revisions\/1680"}],"up":[{"embeddable":true,"href":"http:\/\/ieas-szeged.hu\/downtherabbithole\/wp-json\/wp\/v2\/pages\/202"}],"wp:attachment":[{"href":"http:\/\/ieas-szeged.hu\/downtherabbithole\/wp-json\/wp\/v2\/media?parent=205"}],"curies":[{"name":"wp","href":"https:\/\/api.w.org\/{rel}","templated":true}]}}