{"id":202,"date":"2017-05-24T19:47:35","date_gmt":"2017-05-24T19:47:35","guid":{"rendered":"http:\/\/ieas-szeged.hu\/downtherabbithole\/?page_id=202"},"modified":"2020-02-18T17:55:27","modified_gmt":"2020-02-18T17:55:27","slug":"oktatas","status":"publish","type":"page","link":"http:\/\/ieas-szeged.hu\/downtherabbithole\/rolam\/oktatas\/","title":{"rendered":"Oktat\u00e1s"},"content":{"rendered":"<h5><strong>\u00a0TAN\u00cdT\u00c1SI GYAKORLAT<\/strong><\/h5>\n<p>Tant\u00e1rgyfelel\u0151s az SZTE Angol tsz. Anglisztika BA, Angol tan\u00e1rk\u00e9pz\u00e9s BA, T\u00e1rsadalmi Nemek Tudom\u00e1nya MA programjaiban. Oktat az SZTE BTK Angol-Amerikai Int\u00e9zet Anglisztika BA, \u00e9s ugyanitt a Gender Studies \u00e9s az Interdisciplinary Cultural Studies MA programokban<\/p>\n<p><strong><a href=\"http:\/\/ieas-szeged.hu\/downtherabbithole\/rolam\/oktatas\/eloadasaim\/\">EL\u0150AD\u00c1SAIM<\/a><\/strong><\/p>\n<p><a href=\"http:\/\/ieas-szeged.hu\/downtherabbithole\/rolam\/oktatas\/eloadasaim\/romanticism-and-victorianism-in-english-literature\/\">Romanticism and Victorianism in English Literature\u00a0<\/a><\/p>\n<p><a href=\"http:\/\/ieas-szeged.hu\/downtherabbithole\/rolam\/oktatas\/eloadasaim\/subjectivity-and-the-gendered-body-ma-gender-survey-lecture\/\">Subjectivity of the Gendered Body<\/a><\/p>\n<p><a href=\"http:\/\/ieas-szeged.hu\/downtherabbithole\/rolam\/oktatas\/eloadasaim\/the-literary-fantastic-ba\/\">The Literary Fantastic<\/a><\/p>\n<p><a href=\"http:\/\/ieas-szeged.hu\/downtherabbithole\/rolam\/oktatas\/eloadasaim\/womens-life-writing\/\">Women&#8217;s Life Writing<\/a><\/p>\n<p><strong><a href=\"http:\/\/ieas-szeged.hu\/downtherabbithole\/rolam\/oktatas\/szeminariumaim\/\">SZEMIN\u00c1RIUMAIM<\/a><\/strong><\/p>\n<p><a href=\"http:\/\/ieas-szeged.hu\/downtherabbithole\/rolam\/oktatas\/szeminariumaim\/heffalumps-twinkling-bats-mome-raths-reading-and-translating-nonsense-literature\/\">Reading and Translating Nonsense Literature<\/a><\/p>\n<p><a href=\"http:\/\/ieas-szeged.hu\/downtherabbithole\/rolam\/oktatas\/szeminariumaim\/who-is-afraid-of-the-big-bad-wolf-fairy-tales-for-adults\/\">Who&#8217;s Afraid of the Big bad Wolf? Fairy tales for Adults<\/a><\/p>\n<p><strong><a href=\"http:\/\/ieas-szeged.hu\/downtherabbithole\/rolam\/oktatas\/kulfoldi-tanitas\/\">K\u00dcLF\u00d6LDI TAN\u00cdT\u00c1S<\/a><\/strong><\/p>\n<p><a href=\"http:\/\/ieas-szeged.hu\/downtherabbithole\/rolam\/oktatas\/temakiirasok\/\"><strong>T\u00c9MAKI\u00cdR\u00c1SOK<\/strong><\/a><\/p>\n<p><a href=\"http:\/\/ieas-szeged.hu\/downtherabbithole\/rolam\/oktatas\/temavezetes\/\"><strong>T\u00c9MAVEZET\u00c9S<\/strong><\/a><\/p>\n<p><a href=\"http:\/\/ieas-szeged.hu\/downtherabbithole\/rolam\/oktatas\/temavezetes\/bat\/\">BA Thesis<\/a><\/p>\n<p><a href=\"http:\/\/ieas-szeged.hu\/downtherabbithole\/rolam\/oktatas\/temavezetes\/mat\/\">MA Thesis<\/a><\/p>\n<p><a href=\"http:\/\/ieas-szeged.hu\/downtherabbithole\/rolam\/oktatas\/temavezetes\/otdk\/\">OTDK<\/a><\/p>\n<p><a href=\"http:\/\/ieas-szeged.hu\/downtherabbithole\/rolam\/oktatas\/temavezetes\/phd\/\">PhD<\/a><\/p>\n","protected":false},"excerpt":{"rendered":"<p>\u00a0TAN\u00cdT\u00c1SI GYAKORLAT Tant\u00e1rgyfelel\u0151s az SZTE Angol tsz. Anglisztika BA, Angol tan\u00e1rk\u00e9pz\u00e9s BA, T\u00e1rsadalmi Nemek Tudom\u00e1nya MA programjaiban. Oktat az SZTE BTK Angol-Amerikai Int\u00e9zet Anglisztika BA, \u00e9s ugyanitt a Gender Studies \u00e9s az Interdisciplinary Cultural Studies MA programokban EL\u0150AD\u00c1SAIM Romanticism and Victorianism in English Literature\u00a0 Subjectivity of the Gendered Body The Literary Fantastic Women&#8217;s Life Writing [&hellip;]<\/p>\n","protected":false},"author":3,"featured_media":0,"parent":77,"menu_order":0,"comment_status":"closed","ping_status":"closed","template":"","meta":{"footnotes":""},"class_list":["post-202","page","type-page","status-publish","hentry"],"_links":{"self":[{"href":"http:\/\/ieas-szeged.hu\/downtherabbithole\/wp-json\/wp\/v2\/pages\/202","targetHints":{"allow":["GET"]}}],"collection":[{"href":"http:\/\/ieas-szeged.hu\/downtherabbithole\/wp-json\/wp\/v2\/pages"}],"about":[{"href":"http:\/\/ieas-szeged.hu\/downtherabbithole\/wp-json\/wp\/v2\/types\/page"}],"author":[{"embeddable":true,"href":"http:\/\/ieas-szeged.hu\/downtherabbithole\/wp-json\/wp\/v2\/users\/3"}],"replies":[{"embeddable":true,"href":"http:\/\/ieas-szeged.hu\/downtherabbithole\/wp-json\/wp\/v2\/comments?post=202"}],"version-history":[{"count":6,"href":"http:\/\/ieas-szeged.hu\/downtherabbithole\/wp-json\/wp\/v2\/pages\/202\/revisions"}],"predecessor-version":[{"id":1651,"href":"http:\/\/ieas-szeged.hu\/downtherabbithole\/wp-json\/wp\/v2\/pages\/202\/revisions\/1651"}],"up":[{"embeddable":true,"href":"http:\/\/ieas-szeged.hu\/downtherabbithole\/wp-json\/wp\/v2\/pages\/77"}],"wp:attachment":[{"href":"http:\/\/ieas-szeged.hu\/downtherabbithole\/wp-json\/wp\/v2\/media?parent=202"}],"curies":[{"name":"wp","href":"https:\/\/api.w.org\/{rel}","templated":true}]}}