{"id":172,"date":"2017-05-19T06:38:23","date_gmt":"2017-05-19T06:38:23","guid":{"rendered":"http:\/\/ieas-szeged.hu\/downtherabbithole\/?page_id=172"},"modified":"2021-01-25T17:49:44","modified_gmt":"2021-01-25T17:49:44","slug":"egyeni","status":"publish","type":"page","link":"http:\/\/ieas-szeged.hu\/downtherabbithole\/rolam\/tudomanyos\/tudomanyos-palyazatok-osztondijak\/egyeni\/","title":{"rendered":"Egy\u00e9ni"},"content":{"rendered":"<p><strong>Tudom\u00e1nyos p\u00e1ly\u00e1zatok, kutat\u00f3i \u00f6szt\u00f6nd\u00edjak<\/strong><\/p>\n<p><strong>Egy\u00e9ni d\u00edjak, \u00f6szt\u00f6nd\u00edjak<\/strong><\/p>\n<p>2020 MTA KGYNK (Kisgyermeket Nevel\u0151 Kutat\u00f3 N\u0151k Tudom\u00e1nyos El\u0151menetel\u00e9nek El\u0151seg\u00edt\u00e9se)<\/p>\n<p>2019. International Research Society for the Study of Children\u2019s Literature. Travel Grant. Tanulm\u00e1ny\u00fat \u00f6szt\u00f6nd\u00edj. IRSCL Kongresszus. <em>Silence and Silencing in Children\u2019s Literature<\/em>. Stockholm Aug 14-18. El\u0151ad\u00e1s: \u201cAcoustics of nonsense in Lewis Carroll\u2019s Alice tales.\u201d<\/p>\n<p>2019 \u0151sz Erasmus+ Teacher Mobility Exchange. Universit\u00e9 d\u2019Angers, Franciaorsz\u00e1g<\/p>\n<p>2019 tavasz Erasmus+ Teacher Mobility Exchange. Universit\u00e9 Bordeaux Montaigne.<\/p>\n<p>2014-2017. MTA Bolyai J\u00e1nos Kutat\u00e1si \u00d6szt\u00f6nd\u00edj. <em>A Viktori\u00e1nus Fant\u00e1zia Posztmodern Konfigur\u00e1ci\u00f3i<\/em>.<\/p>\n<p>2017. HUSSE Senior Book Award. A Magyar Anglisztikai T\u00e1rsas\u00e1g Senior K\u00f6nyvd\u00edja az <em>Alice in Transmedia Wonderland<\/em> c\u00edm\u0171 k\u00f6nyv\u00e9rt<\/p>\n<p>2017. ESSE Book Grant <em>Postmodern Configurations of Victorian Fantasy <\/em>\u00e9s<em> Kaleidoscopic Nonsense in the Oeuvre of Lewis Carroll <\/em>c\u00edm\u0171 k\u00f6nyvprojektekre<\/p>\n<p>2015. <em>Apert\u00fara<\/em>.<em> Film. Vizualit\u00e1s. Elm\u00e9let. E-foly\u00f3irat <\/em>10. \u00e9vfordul\u00f3ja. A legolvasottabb tanulm\u00e1ny d\u00edja. <a href=\"http:\/\/apertura.hu\/2009\/tel\/kerchy\">\u201cTapogat\u00f3z\u00e1sok\u201d<\/a> (34 f\u00fcggetlen hivatkoz\u00e1s az MTMTn)<\/p>\n<p>2015 dec. az <em>Exploring the Cultural History of Continental European Freak Shows and Enfreakment<\/em>\u00a0 t\u00e1rsszerkesztett k\u00f6tet a Cambridge Scholars Publishing House bestseller list\u00e1j\u00e1ra ker\u00fcl<\/p>\n<p>2012 Szept. 22. <em>Wonder Woman<\/em> k\u00f6z\u00f6ns\u00e9gd\u00edj a legjobb el\u0151ad\u00e1snak: \u201cA \u2019f\u00e9rfias\u2019 fogyat\u00e9k fikci\u00f3ja. Alternat\u00edv maszkulinit\u00e1sok atipikus megtestes\u00fcl\u00e9sei a kort\u00e1rs popul\u00e1ris vizu\u00e1lis kult\u00far\u00e1ban.\u201d <em>Nyelv, Ideol\u00f3gia, M\u00e9dia konferencia. A magyar \u201ef\u00e9rfiuralom\u201d terepei \u00e9s hat\u00e1rai.<\/em> SZTE, BTK, TNT, 2012.<\/p>\n<p>2013. Augusztus. Maastricht, Hollandia. Balassi Int\u00e9zet. Campus Hungary Mobilit\u00e1s P\u00e1ly\u00e1zat. Oktat\u00f3i R\u00f6vidt\u00e1v\u00fa Tanulm\u00e1ny\u00fat \u00d6szt\u00f6nd\u00edj. (B2\/2R\/1063) IRSCL International Research Society for Children\u2019s Literature Congress, <em><a href=\"http:\/\/irscl2013.com\/\">Children\u2019s Literature and Media Cultures konferencia<\/a>. <\/em>Adapting Alice Panel. \u201cAlice\u2019s Adventures through Changing Media\u201d el\u0151ad\u00e1s<\/p>\n<p>2009. SZTE BTK Kari Utaz\u00e1si T\u00e1mogat\u00e1ssal Konferenciar\u00e9szv\u00e9tel:<em> The Fairy Tale After Angela Carter<\/em> <em>Conference<\/em>, University of East Anglia, UK. El\u0151ad\u00e1s c\u00edme: \u2018\u201cCuriouser and curiouser!\u201d Epistemological Crisis and Body-Trouble in Postmodern Alice Tales.\u201d<\/p>\n<p>2013. SZTE IEAS P\u00e1ly\u00e1zati Bizotts\u00e1g T\u00e1mogat\u00e1ssal Konferenciar\u00e9szv\u00e9tel: <em>Lesbian Lives. Lesbian Existence and the Lesbian Continuum Conference. \u201c<\/em>Sexuality and Narrative Section.\u201d Global Irish Institute. University College, Dublin, Ireland, El\u0151ad\u00e1som c\u00edme: \u201cThe limits and potentials of lesbian historiographic metafiction. The Case of Sarah Waters\u2019 <em>Tipping the Velvet\u201d<\/em><\/p>\n<p>2013. \u201cThe Human Body in British Fantastic Literature.\u201d Stiftung Aktion \u00d6sterreich-Ungarn \u00d6szt\u00f6nd\u00edj. Universitat Salzburg (1 h\u00e9t)<\/p>\n<p>2013. Erasmus \u00f6szt\u00f6nd\u00edj. Katholieke Universiteit Leuven, English Dept., Belgium (4 h\u00f3nap)<\/p>\n<p>1999-2000. A Francia Korm\u00e1ny \u00d6szt\u00f6nd\u00edja. DEA predoktori k\u00e9pz\u00e9s. K\u00e9p \u00e9s Sz\u00f6veg Szemiol\u00f3gi\u00e1ja Kutat\u00f3csoport. Universit\u00e9 Paris 7 Denis Diderot, Franciaorsz\u00e1g<\/p>\n<p>1999. OTDK. Angol irodalom 2. helyezett, Francia irodalom 5. helyezett<\/p>\n","protected":false},"excerpt":{"rendered":"<p>Tudom\u00e1nyos p\u00e1ly\u00e1zatok, kutat\u00f3i \u00f6szt\u00f6nd\u00edjak Egy\u00e9ni d\u00edjak, \u00f6szt\u00f6nd\u00edjak 2020 MTA KGYNK (Kisgyermeket Nevel\u0151 Kutat\u00f3 N\u0151k Tudom\u00e1nyos El\u0151menetel\u00e9nek El\u0151seg\u00edt\u00e9se) 2019. International Research Society for the Study of Children\u2019s Literature. Travel Grant. Tanulm\u00e1ny\u00fat \u00f6szt\u00f6nd\u00edj. IRSCL Kongresszus. Silence and Silencing in Children\u2019s Literature. Stockholm Aug 14-18. El\u0151ad\u00e1s: \u201cAcoustics of nonsense in Lewis Carroll\u2019s Alice tales.\u201d 2019 \u0151sz Erasmus+ Teacher [&hellip;]<\/p>\n","protected":false},"author":3,"featured_media":0,"parent":169,"menu_order":0,"comment_status":"closed","ping_status":"closed","template":"","meta":{"footnotes":""},"class_list":["post-172","page","type-page","status-publish","hentry"],"_links":{"self":[{"href":"http:\/\/ieas-szeged.hu\/downtherabbithole\/wp-json\/wp\/v2\/pages\/172","targetHints":{"allow":["GET"]}}],"collection":[{"href":"http:\/\/ieas-szeged.hu\/downtherabbithole\/wp-json\/wp\/v2\/pages"}],"about":[{"href":"http:\/\/ieas-szeged.hu\/downtherabbithole\/wp-json\/wp\/v2\/types\/page"}],"author":[{"embeddable":true,"href":"http:\/\/ieas-szeged.hu\/downtherabbithole\/wp-json\/wp\/v2\/users\/3"}],"replies":[{"embeddable":true,"href":"http:\/\/ieas-szeged.hu\/downtherabbithole\/wp-json\/wp\/v2\/comments?post=172"}],"version-history":[{"count":6,"href":"http:\/\/ieas-szeged.hu\/downtherabbithole\/wp-json\/wp\/v2\/pages\/172\/revisions"}],"predecessor-version":[{"id":1727,"href":"http:\/\/ieas-szeged.hu\/downtherabbithole\/wp-json\/wp\/v2\/pages\/172\/revisions\/1727"}],"up":[{"embeddable":true,"href":"http:\/\/ieas-szeged.hu\/downtherabbithole\/wp-json\/wp\/v2\/pages\/169"}],"wp:attachment":[{"href":"http:\/\/ieas-szeged.hu\/downtherabbithole\/wp-json\/wp\/v2\/media?parent=172"}],"curies":[{"name":"wp","href":"https:\/\/api.w.org\/{rel}","templated":true}]}}