{"id":164,"date":"2017-05-19T06:25:03","date_gmt":"2017-05-19T06:25:03","guid":{"rendered":"http:\/\/ieas-szeged.hu\/downtherabbithole\/?page_id=164"},"modified":"2019-02-23T16:17:39","modified_gmt":"2019-02-23T16:17:39","slug":"tudomanyos-kutatocsoportok","status":"publish","type":"page","link":"http:\/\/ieas-szeged.hu\/downtherabbithole\/rolam\/tudomanyos\/tudomanyos-kutatocsoportok\/","title":{"rendered":"Tudom\u00e1nyos kutat\u00f3csoportok"},"content":{"rendered":"<h5><strong>Tudom\u00e1nyos Kutat\u00f3csoportokban, Hazai \u00e9s Nemzetk\u00f6zi Egy\u00fcttm\u0171k\u00f6d\u00e9sekben r\u00e9szv\u00e9tel<\/strong><\/h5>\n<p><strong>hazai<\/strong><\/p>\n<p>T\u00e1rsadalmi Nemek Tudom\u00e1nya Kutat\u00f3csoport, SZTE, BTK, Angol-Amerikai Int\u00e9zet<\/p>\n<p>HUHI: Hungarian History of English Literature magyar nyelv\u0171, angol irodalomt\u00f6rt\u00e9neti enciklop\u00e9dia projektben r\u00e9szv\u00e9tel. Lewis Carroll Alice-k\u00f6nyveir\u0151l sz\u00f3l\u00f3 fejezet meg\u00edr\u00e1sa.<\/p>\n<p><strong>nemzetk\u00f6zi<\/strong><\/p>\n<p><em>Sounds Victorian: Voices and Noises in 19<sup>th<\/sup> Century Britain, <\/em>ESSE Conference, Brno, 2018. Co-organized w B\u00e9atrice Laurent, Universit\u00e9 de Bordeaux<\/p>\n<p><em>Routledge Companion to Fairy Tale Cultures and Media<\/em> enciklop\u00e9dia projektben r\u00e9szv\u00e9tel (vezeti: Pauline Greenhil, Jill Rudy, Naomi Hamer. Routledge, 2017)<\/p>\n<p><em>Routledge Companion to Transmedia Studies<\/em> enciklop\u00e9dia projektben r\u00e9szv\u00e9tel (vezeti: Renira Rampazzo Gambarato, Matthew Freeman. Routledge, 2018)<\/p>\n<p><em>European Network for Short Fiction Research (<\/em>Edgehill University, Universit\u00e9 d\u2019Angers, Universiteit Leuven kooper\u00e1ci\u00f3) tudom\u00e1nyos ir\u00e1ny\u00edt\u00f3bizotts\u00e1gi tag<\/p>\n<p><em>Alice in Wonderland in 150 Languages<\/em> nemzetk\u00f6zi m\u0171ford\u00edt\u00f3i projekt (vezeti: Jon Lindseth, Lewis Carroll Society) a magyar forr\u00e1skutat\u00e1s, m\u0171ford\u00edt\u00f3i munka felel\u0151se<\/p>\n<p><em>Intermedial Body Politics: Towards a Feminist Analysis of Image\/Text Dynamics. <\/em>ESSE 2014 konferencia szemin\u00e1rium t\u00e1rsszervez\u00e9s \u00e9s EJES foly\u00f3irat 2017es k\u00fcl\u00f6nsz\u00e1ma t\u00e1rsszerkeszt\u00e9s Dr Catriona McAraval (University of Leeds)<\/p>\n<p><em>EU Erasmus Intensive Lifelong Learning Programme: Interdisciplinary Summer Course in Venice<\/em>. ny\u00e1ri egyetemi k\u00e9pz\u00e9s Velencei, Warwicki, Milanoi \u00e9s Szegedi Egyetemek egy\u00fcttm\u0171k\u00f6d\u00e9se), Magyar koordin\u00e1tor<\/p>\n<p>&#8211;2013. J\u00falius 6-20. <a href=\"http:\/\/primus.arts.u-szeged.hu\/ieas\/gender\/venice_module2.html\"><em>Walking, Watching, and A-Wakening in Venice. <\/em><\/a>kurzusom c\u00edme: <em>Psychogeography and the Embodied Experience of Space Module. <\/em><\/p>\n<p>&#8211;2014. J\u00falius 5-19. <em>Teaching, Touring, Translating in Venice<\/em>. kurzusom c\u00edme: <em>Translation as a means of Cross-Cultural Encounters and Language Philosophical Investigations<\/em><\/p>\n<p>2016-t\u00f3l folyamatban <em>The Fairy Tale Vanguard<\/em> k\u00f6nyvprojekt, Dr Stijn Praettel (University of Ghent\/ Stockholm)<\/p>\n<p>2017-t\u0151l folyamatban <em>Translation and Transmedia<\/em> k\u00fcl\u00f6nsz\u00e1m, <em>Bookbird, IBBY, International Journal of Children\u2019s Literature<\/em> (Dr Bj\u00f6rn Sundmarkkal, Malm\u00f6 University)<\/p>\n<p>2011-2012<em> Exploring the Cultural History of Continental European Freak Shows and Enfreakment<\/em> nemzetk\u00f6zi egy\u00fcttm\u0171k\u00f6d\u00e9s, t\u00e1rsszerkeszt\u0151i munka Dr Andrea Zittlauval (Universitat Rostock)<\/p>\n<p>2005-2008 <em>The Literary Fantastic PhD Dissertationsnetwerk<\/em>. Stiftung Aktion \u00d6sterreich-Ungarn. Fantasztikus Irodalom Szeged-Salzburg doktori network<\/p>\n<p><em>Medial Interaction in the Literary Fantastic Workshop<\/em> Salzburg-Szeged szimpozium t\u00e1rs-szervez\u00e9s (SZTE 2008)<\/p>\n","protected":false},"excerpt":{"rendered":"<p>Tudom\u00e1nyos Kutat\u00f3csoportokban, Hazai \u00e9s Nemzetk\u00f6zi Egy\u00fcttm\u0171k\u00f6d\u00e9sekben r\u00e9szv\u00e9tel hazai T\u00e1rsadalmi Nemek Tudom\u00e1nya Kutat\u00f3csoport, SZTE, BTK, Angol-Amerikai Int\u00e9zet HUHI: Hungarian History of English Literature magyar nyelv\u0171, angol irodalomt\u00f6rt\u00e9neti enciklop\u00e9dia projektben r\u00e9szv\u00e9tel. Lewis Carroll Alice-k\u00f6nyveir\u0151l sz\u00f3l\u00f3 fejezet meg\u00edr\u00e1sa. nemzetk\u00f6zi Sounds Victorian: Voices and Noises in 19th Century Britain, ESSE Conference, Brno, 2018. Co-organized w B\u00e9atrice Laurent, Universit\u00e9 de [&hellip;]<\/p>\n","protected":false},"author":3,"featured_media":0,"parent":159,"menu_order":0,"comment_status":"closed","ping_status":"closed","template":"","meta":{"footnotes":""},"class_list":["post-164","page","type-page","status-publish","hentry"],"_links":{"self":[{"href":"http:\/\/ieas-szeged.hu\/downtherabbithole\/wp-json\/wp\/v2\/pages\/164","targetHints":{"allow":["GET"]}}],"collection":[{"href":"http:\/\/ieas-szeged.hu\/downtherabbithole\/wp-json\/wp\/v2\/pages"}],"about":[{"href":"http:\/\/ieas-szeged.hu\/downtherabbithole\/wp-json\/wp\/v2\/types\/page"}],"author":[{"embeddable":true,"href":"http:\/\/ieas-szeged.hu\/downtherabbithole\/wp-json\/wp\/v2\/users\/3"}],"replies":[{"embeddable":true,"href":"http:\/\/ieas-szeged.hu\/downtherabbithole\/wp-json\/wp\/v2\/comments?post=164"}],"version-history":[{"count":5,"href":"http:\/\/ieas-szeged.hu\/downtherabbithole\/wp-json\/wp\/v2\/pages\/164\/revisions"}],"predecessor-version":[{"id":1390,"href":"http:\/\/ieas-szeged.hu\/downtherabbithole\/wp-json\/wp\/v2\/pages\/164\/revisions\/1390"}],"up":[{"embeddable":true,"href":"http:\/\/ieas-szeged.hu\/downtherabbithole\/wp-json\/wp\/v2\/pages\/159"}],"wp:attachment":[{"href":"http:\/\/ieas-szeged.hu\/downtherabbithole\/wp-json\/wp\/v2\/media?parent=164"}],"curies":[{"name":"wp","href":"https:\/\/api.w.org\/{rel}","templated":true}]}}