{"id":162,"date":"2017-05-19T06:21:21","date_gmt":"2017-05-19T06:21:21","guid":{"rendered":"http:\/\/ieas-szeged.hu\/downtherabbithole\/?page_id=162"},"modified":"2021-01-25T17:58:11","modified_gmt":"2021-01-25T17:58:11","slug":"tudomanyos-szervezetekben-tagsag","status":"publish","type":"page","link":"http:\/\/ieas-szeged.hu\/downtherabbithole\/rolam\/tudomanyos\/tudomanyos-szervezetekben-tagsag\/","title":{"rendered":"Tudom\u00e1nyos szervezetekben tags\u00e1g"},"content":{"rendered":"<h5><strong>Tudom\u00e1nyos szervezetekben val\u00f3 tags\u00e1g<\/strong><\/h5>\n<p>MTA N\u0151k a Kutat\u00f3i \u00c9letp\u00e1ly\u00e1n Eln\u00f6ki Bizotts\u00e1g (2020-2023<\/p>\n<p>HUSSE Hungarian Society for the Study of English (2001- ) (eln\u00f6ks\u00e9gi tag: 2011-2012)<\/p>\n<p>ESSE European Society for the Study of English (2001- )<\/p>\n<p>HAAS Hungarian Association for American Studies (2001- )<\/p>\n<p>EAAS European Association for American Studies (2001- )<\/p>\n<p>IRSCL International Research Society for Children\u2019s Literature (2013-2014)<\/p>\n<p>HUBBY (Hungarian Board on Books for Young People) Magyar Gyerekk\u00f6nyv F\u00f3rum (2017-)<\/p>\n<p>ISIS International Society for Intermedial Studies (2013- )<\/p>\n<p>ATHENA European Women\u2019s Studies Network (2013- )<\/p>\n<p>SFEVE Soci\u00e9t\u00e9 Fran\u00e7aise des Etudes Victoriennes et Edouardiennes (2016- )<\/p>\n<p>The Lewis Carroll Society (2013-2015)<\/p>\n<p>The Angela Carter Society (2020-)<\/p>\n<p>ANIMALIA kutat\u00f3csoport (2016- )<\/p>\n<p>MTA K\u00f6ztest\u00fcleti tag (2008- )<\/p>\n<p>SZTE, Irodalomtudom\u00e1nyi Doktori Iskola, t\u00e9mavezet\u0151<\/p>\n","protected":false},"excerpt":{"rendered":"<p>Tudom\u00e1nyos szervezetekben val\u00f3 tags\u00e1g MTA N\u0151k a Kutat\u00f3i \u00c9letp\u00e1ly\u00e1n Eln\u00f6ki Bizotts\u00e1g (2020-2023 HUSSE Hungarian Society for the Study of English (2001- ) (eln\u00f6ks\u00e9gi tag: 2011-2012) ESSE European Society for the Study of English (2001- ) HAAS Hungarian Association for American Studies (2001- ) EAAS European Association for American Studies (2001- ) IRSCL International Research Society [&hellip;]<\/p>\n","protected":false},"author":3,"featured_media":0,"parent":159,"menu_order":0,"comment_status":"closed","ping_status":"closed","template":"","meta":{"footnotes":""},"class_list":["post-162","page","type-page","status-publish","hentry"],"_links":{"self":[{"href":"http:\/\/ieas-szeged.hu\/downtherabbithole\/wp-json\/wp\/v2\/pages\/162","targetHints":{"allow":["GET"]}}],"collection":[{"href":"http:\/\/ieas-szeged.hu\/downtherabbithole\/wp-json\/wp\/v2\/pages"}],"about":[{"href":"http:\/\/ieas-szeged.hu\/downtherabbithole\/wp-json\/wp\/v2\/types\/page"}],"author":[{"embeddable":true,"href":"http:\/\/ieas-szeged.hu\/downtherabbithole\/wp-json\/wp\/v2\/users\/3"}],"replies":[{"embeddable":true,"href":"http:\/\/ieas-szeged.hu\/downtherabbithole\/wp-json\/wp\/v2\/comments?post=162"}],"version-history":[{"count":4,"href":"http:\/\/ieas-szeged.hu\/downtherabbithole\/wp-json\/wp\/v2\/pages\/162\/revisions"}],"predecessor-version":[{"id":1729,"href":"http:\/\/ieas-szeged.hu\/downtherabbithole\/wp-json\/wp\/v2\/pages\/162\/revisions\/1729"}],"up":[{"embeddable":true,"href":"http:\/\/ieas-szeged.hu\/downtherabbithole\/wp-json\/wp\/v2\/pages\/159"}],"wp:attachment":[{"href":"http:\/\/ieas-szeged.hu\/downtherabbithole\/wp-json\/wp\/v2\/media?parent=162"}],"curies":[{"name":"wp","href":"https:\/\/api.w.org\/{rel}","templated":true}]}}