{"id":1609,"date":"2020-02-01T18:47:01","date_gmt":"2020-02-01T18:47:01","guid":{"rendered":"http:\/\/ieas-szeged.hu\/downtherabbithole\/?page_id=1609"},"modified":"2020-03-21T15:34:41","modified_gmt":"2020-03-21T15:34:41","slug":"the-literary-fantastic-ba","status":"publish","type":"page","link":"http:\/\/ieas-szeged.hu\/downtherabbithole\/rolam\/oktatas\/eloadasaim\/the-literary-fantastic-ba\/","title":{"rendered":"The Literary Fantastic (BA)"},"content":{"rendered":"<p><strong>The Literary Fantastic \u2013BA Lit Survey\u00a0\u00a0\u00a0\u00a0\u00a0\u00a0\u00a0\u00a0\u00a0\u00a0<\/strong><strong>\u00a0\u00a0\u00a0\u00a0\u00a0\u00a0\u00a0\u00a0\u00a0\u00a0\u00a0\u00a0\u00a0\u00a0\u00a0\u00a0\u00a0\u00a0\u00a0\u00a0\u00a0\u00a0\u00a0\u00a0\u00a0\u00a0\u00a0\u00a0\u00a0\u00a0\u00a0\u00a0\u00a0\u00a0\u00a0\u00a0\u00a0\u00a0\u00a0\u00a0\u00a0\u00a0\u00a0\u00a0\u00a0\u00a0\u00a0\u00a0\u00a0\u00a0\u00a0\u00a0\u00a0\u00a0\u00a0\u00a0\u00a0 <\/strong>lit., 2-3, core lect, survey, any course lecture, BAEN, BAAM, BAmin\u00a0\u00a0\u00a0\u00a0\u00a0\u00a0\u00a0\u00a0\u00a0\u00a0\u00a0\u00a0\u00a0\u00a0\u00a0\u00a0\u00a0\u00a0\u00a0\u00a0\u00a0 ANGBA31, ANGBA32, ANGBA71, AMEBA71, AMEBA33, AMEMIN111, ANGBAL81, YSE BTK 011-14<\/p>\n<p>The course provides an overview of the literary-historical development and the manifold theoretical problematizations of Fantastic Fiction in English. We shall explore fantasy\u2019s amazing variety of subgenres ranging from Gothic ghost stories to postmodern cyberpunk, discussing on our way Romantic tales, Victorian phantasmagorias, high fantasy legendarium, modernist de\/mythologizations, magic\/al ir\/realism, urban fantasy, dystopia, science fiction, steampunk, dark fantasy, paranormal romance, feminist\/queer revisions, heroic fantasies of history and religion, contemporary young adult and children\u2019s quest fantasies, horror and body genres, and the filmic fantastic. Students will be familiarized with recurrent themes and critical-theoretical concerns of the fantastic mode such as worldmaking, rhetorics, topography, hesitation, subversion, metamorphosis, mirror images, multiplying selves, bodily disintegration, dis\/enchantment, escapism, non-signification, etc. Authors covered include Shelley, Stoker, Stevenson, Wilde, Carroll, MacDonald, Poe, Woolf, Wells, Tolkien, Lewis, Lovecraft, Baum, Le Guin, Bradbury, Herbert, Rushdie, Morrison, Carter, Winterson, Atwood, Burgess, Dick, Adams, King, Rowling, Gaiman, Pratchett, Pullman, Mi\u00e9ville, Martin, Martel, Ness, Burton, Lynch, Miyazaki, etc.\u00a0\u00a0\u00a0\u00a0\u00a0\u00a0\u00a0\u00a0\u00a0\u00a0\u00a0\u00a0\u00a0\u00a0\u00a0\u00a0\u00a0\u00a0\u00a0\u00a0\u00a0\u00a0\u00a0\u00a0\u00a0\u00a0\u00a0\u00a0\u00a0\u00a0\u00a0\u00a0\u00a0\u00a0\u00a0\u00a0\u00a0\u00a0\u00a0\u00a0\u00a0\u00a0\u00a0\u00a0\u00a0\u00a0\u00a0\u00a0\u00a0\u00a0\u00a0\u00a0\u00a0\u00a0\u00a0\u00a0\u00a0\u00a0\u00a0\u00a0\u00a0\u00a0\u00a0\u00a0\u00a0\u00a0\u00a0\u00a0\u00a0\u00a0\u00a0\u00a0\u00a0\u00a0\u00a0\u00a0\u00a0\u00a0\u00a0 <strong>Evaluation: final written exam.<\/strong> <strong>Max 6 absences allowed.<\/strong><\/p>\n<p>by clicking on the lesson titles below you can download the ppt slides\/ summaries<\/p>\n<p>(02.05.) Orientation<\/p>\n<p>(02.12) <a href=\"http:\/\/ieas-szeged.hu\/downtherabbithole\/wp-content\/uploads\/2020\/03\/Intro_The-Literary-Fantastic.pdf\">Introduction to the Literary Fantastic: Historical Origins, Genres, Clusters, Rhetorics, Ways of Reading, Critical, Theoretical Approaches\u00a0 <\/a><\/p>\n<p>(02.19)\u00a0<a href=\"http:\/\/ieas-szeged.hu\/downtherabbithole\/wp-content\/uploads\/2020\/03\/2.-Gothic_.pdf\">The Romantic Fantastic, Gothic Origins_<\/a><\/p>\n<p>(02.26) <a href=\"http:\/\/ieas-szeged.hu\/downtherabbithole\/wp-content\/uploads\/2020\/03\/3.-Victorian-Phantasmagorias.pdf\">Victorian Phantasmagorias<\/a><\/p>\n<p>(03.04) <a href=\"http:\/\/ieas-szeged.hu\/downtherabbithole\/wp-content\/uploads\/2020\/03\/High-Fantasy-Legendarium.pdf\">High Fantasy Legendarium<\/a><\/p>\n<p>(03.11) <a href=\"http:\/\/ieas-szeged.hu\/downtherabbithole\/wp-content\/uploads\/2020\/03\/Modernist-de_mythologizations.pdf\">Modernist (de)mythologizations<\/a><\/p>\n<p>(03.25) <a href=\"http:\/\/ieas-szeged.hu\/downtherabbithole\/wp-content\/uploads\/2020\/03\/Magical-Realism-pdf.pdf\">Magic\/al Ir\/realism<\/a><\/p>\n<p>(04.01.)<a href=\"http:\/\/ieas-szeged.hu\/downtherabbithole\/wp-content\/uploads\/2020\/03\/Utopias-and-Dystopias.pdf\">Utopias, Dystopias, Urban Fantasy<\/a><\/p>\n<p>(04.08) <a href=\"http:\/\/ieas-szeged.hu\/downtherabbithole\/wp-content\/uploads\/2020\/03\/Science-Fiction.pdf\">Science Fiction, Steampunk, Cyberpunk<\/a><\/p>\n<p>(04.22) Dark fantasy, paranormal romance, feminist revisions<\/p>\n<p>(04.29.) Quest narratives, Heroic fantasies of history and religion<\/p>\n<p>(05.06.) Postmodern Young Adult fantasy, Contemporary children\u2019s Gothic<\/p>\n<p>(05.13.) Horror and Body Genres, Filmic adaptations of the fantastic from M\u00e9li\u00e8s to Lynch<\/p>\n<h4><b>List of Compulsory Readings (pick 1 book of each topic)<br \/>\n<\/b><\/h4>\n<p><strong>1. VICTORIAN PHANTASMAGORIA<\/strong><\/p>\n<div>\n<p><a href=\"http:\/\/ieas-szeged.hu\/downtherabbithole\/wp-content\/uploads\/2020\/02\/Stevenson-Robert-Louis-_The-Strange-Case-of-Dr.-Jekyll-and-Mr.-Hyde-1886.pdf\">Robert Louis Stevenson _<\/a><i><a href=\"http:\/\/ieas-szeged.hu\/downtherabbithole\/wp-content\/uploads\/2020\/02\/Stevenson-Robert-Louis-_The-Strange-Case-of-Dr.-Jekyll-and-Mr.-Hyde-1886.pdf\">The Strange Case of Dr. Jekyll and Mr. Hyde (1886)<\/a><\/i><\/p>\n<p>OR<\/p>\n<p><a href=\"http:\/\/ieas-szeged.hu\/downtherabbithole\/wp-content\/uploads\/2020\/02\/Bram-Stoker_Dracula.pdf\">Bram Stoker_<em>Dracula<\/em> (1897)<\/a><\/p>\n<p><strong>2. HIGH FANTASY<\/strong><\/p>\n<\/div>\n<div>\n<p><a href=\"http:\/\/ieas-szeged.hu\/downtherabbithole\/wp-content\/uploads\/2020\/02\/Tolkien-J-R-R-The-Hobbit-.pdf\">J.R.R. Tolkien, <em>The Hobbit, or There and Back Again<\/em> (1937)<\/a><\/p>\n<p>OR<\/p>\n<p><a href=\"http:\/\/ieas-szeged.hu\/downtherabbithole\/wp-content\/uploads\/2020\/02\/C._S._Lewis_The_Lion_the_Witch_and_the_Wardrobe.pdf\">C. S. Lewis<em>. The Lion, the Witch and the Wardrobe<\/em> (1950)<\/a><\/p>\n<p><strong><i>3. <\/i>MAGIC REALISM<\/strong><\/p>\n<\/div>\n<div>\n<p><a href=\"http:\/\/ieas-szeged.hu\/downtherabbithole\/wp-content\/uploads\/2020\/02\/Jeanette_Winterson_The_Passion__1997.pdf\">Jeanette Winterson. <em>The Passion<\/em> (1987)<\/a><\/p>\n<p>OR<i><\/i><\/p>\n<p><a href=\"http:\/\/ieas-szeged.hu\/downtherabbithole\/wp-content\/uploads\/2020\/02\/Angela-Carter_Nights-at-the-Circus_full-text.pdf\">Angela Carter. <em>Nights at the Circus<\/em> (1984)<\/a><\/p>\n<p><strong>4. SCIENCE FICTION<\/strong><\/p>\n<\/div>\n<div>\n<p><a href=\"http:\/\/ieas-szeged.hu\/downtherabbithole\/wp-content\/uploads\/2020\/02\/Philip-K.-Dick-Do-Androids-Dream-of-Electric-Sheep_-S.F.Masterworks-1999.pdf\">Philip K. Dick.<em> Do Androids Dream of Electric Sheep<\/em> (1968)<\/a><\/p>\n<p>OR<i><\/i><\/p>\n<p><a href=\"http:\/\/ieas-szeged.hu\/downtherabbithole\/wp-content\/uploads\/2020\/02\/Ishiguro-Kazuo-Never-Let-Me-Go-2012-Vintage.pdf\">Kazuo Ishiguro. <em>Never Let Me Go<\/em> (2005)<\/a><\/p>\n<p><strong><i>5. <\/i>DYSTOPIA, HISTORIOGRAPHIC METAFICTION<\/strong><\/p>\n<\/div>\n<div>\n<p><a href=\"http:\/\/ieas-szeged.hu\/downtherabbithole\/wp-content\/uploads\/2020\/02\/Margaret-Atwood_-The-Handmaids-Tale-1.pdf\">Margaret Atwood. <em>The Handmaid&#8217;s Tale<\/em> (1985)\u00a0<\/a><\/p>\n<p>OR<\/p>\n<p><a href=\"http:\/\/ieas-szeged.hu\/downtherabbithole\/wp-content\/uploads\/2020\/03\/suzanne_collins_-_the_hunger_games.pdf\">Suzanne_Collins.<em> The_Hunger Games<\/em> (2008)<\/a><\/p>\n<p>OR<\/p>\n<p><a href=\"http:\/\/ieas-szeged.hu\/downtherabbithole\/wp-content\/uploads\/2020\/03\/Anthony_Burgess_A_Clockwork_Orange__1986.pdf\">Anthony_Burgess_<em>A_Clockwork_Orange<\/em>_(1986)<\/a><\/p>\n<p>OR<i><\/i><\/p>\n<p><a href=\"http:\/\/ieas-szeged.hu\/downtherabbithole\/wp-content\/uploads\/2020\/02\/Toni-Morrison.-Beloved.pdf\">Toni Morrison. <em>Beloved<\/em> (1988)<\/a><\/p>\n<p><strong>6. YOUNG ADULT<\/strong><\/p>\n<\/div>\n<div>\n<p><a href=\"http:\/\/ieas-szeged.hu\/downtherabbithole\/wp-content\/uploads\/2020\/02\/Patrick-Ness-A-Monster-Calls_-Inspired-by-an-Idea-from-Siobhan-Dowd.pdf\">Patrick Ness. <em>A Monster Calls<\/em> (2018)<\/a><\/p>\n<p><i>\u00a0<\/i>OR<i><\/i><\/p>\n<p><a href=\"http:\/\/ieas-szeged.hu\/downtherabbithole\/wp-content\/uploads\/2020\/02\/Neil-Gaiman_Coraline.pdf\">Neil Gaiman.<em> Coraline<\/em> (2002)<\/a><\/p>\n<\/div>\n<div>\n<p><strong>7. MIXED-MEDIA PICTUREBOOK<\/strong><\/p>\n<\/div>\n<div>\n<p><a href=\"http:\/\/ieas-szeged.hu\/downtherabbithole\/wp-content\/uploads\/2020\/02\/Neil_Gaiman_Dave_McKean_The_Wolves_in_the_Walls__2005.pdf\">Neil Gaiman &amp; Dave McKean. <em>The Wolves in the Walls<\/em> (2003)<\/a><\/p>\n<p><strong>+ read these SHORT STORIES<\/strong><\/p>\n<\/div>\n<div>\n<p><a href=\"http:\/\/ieas-szeged.hu\/downtherabbithole\/wp-content\/uploads\/2020\/02\/The-Sandman.docx\">E.T.A. Hoffmann. &#8220;The Sandman&#8221; (1816)<\/a><\/p>\n<p><a href=\"http:\/\/ieas-szeged.hu\/downtherabbithole\/wp-content\/uploads\/2020\/02\/EA-Poe_The-Fall-of-the-House-of-Usher.pdf\">E. A. Poe_&#8221;The Fall of the House of Usher&#8221; (1839)<\/a><\/p>\n<p><a href=\"http:\/\/ieas-szeged.hu\/downtherabbithole\/wp-content\/uploads\/2020\/02\/Angela-Carters-The-Company-of-Wolves-Story.pdf\">Angela Carter &#8220;The Company of Wolves&#8221; (1984)<\/a><\/p>\n<\/div>\n<p>&nbsp;<\/p>\n<p><strong>Recommended Secondary Literature<br \/>\n<\/strong><\/p>\n<p><a href=\"http:\/\/ieas-szeged.hu\/downtherabbithole\/wp-content\/uploads\/2020\/02\/Tolkien-On-Fairy-Stories.pdf\">Tolkien. &#8220;On Fairy Stories&#8221;<\/a><\/p>\n<p><a href=\"http:\/\/ieas-szeged.hu\/downtherabbithole\/wp-content\/uploads\/2020\/02\/CS-LEwis-3ways.pdf\">CS Lewis. &#8220;Three ways of writing for children&#8221;<\/a><\/p>\n<p><a href=\"http:\/\/ieas-szeged.hu\/downtherabbithole\/wp-content\/uploads\/2020\/02\/Chesterton.-THE-ETHICS-OF-ELFLAND.pdf\">Chesterton. &#8220;The Ethics of Elfland&#8221;<\/a><\/p>\n<h2><strong>\u00a0<a href=\"http:\/\/ieas-szeged.hu\/downtherabbithole\/wp-content\/uploads\/2020\/03\/Literary-Fantastic-Key-Terms-2018.doc\">Literary Fantastic Key Terms 2018<\/a><\/strong><\/h2>\n<p>&nbsp;<\/p>\n<p><strong>A Select Bibliography of Further Recommended Secondary Readings<\/strong><\/p>\n<p>Anderson, Douglas A., ed. <em>Tales Before Tolkien: The Roots of Modern Fantasy. <\/em>Random House, 2003.<\/p>\n<p>Attebery, Brian. <em>Strategies of Fantasy<\/em>. Indiana UP, 1992.<\/p>\n<p>Armitt, Lucie. <em>Fantasy Fiction. An Introduction<\/em>. New York: Continuum, 2005.<\/p>\n<p>B\u00e9nyei, Tam\u00e1s. 1997. <em>Apokrif Iratok. M\u00e1gikus realista reg\u00e9nyekr\u0151l<\/em>. Debrecen: Kossuth.<\/p>\n<p>Bettelheim, Bruno. <em>The Uses of Enchantment. The Meaning and Importance of Fairy Tales<\/em>, 1976.<\/p>\n<p>Botting, Fred. <em>Gothic<\/em>. London: Routledge, 1996.<\/p>\n<p>&#8212;. <em>Gothic Romanced. Consumption, Gender and Technology in Contemporary Fictions<\/em>. Taylor and Francis, 2008.<\/p>\n<p>Bowers, Maggie Ann. <em>Magic(al) Realism<\/em>. London: Routledge, 2004.<\/p>\n<p>Brooke-Rose, Christine. <em>A Rhetoric of the Unreal: Studies in Narrative and Structure, Especially of the Fantastic<\/em>. CUP Archive, 1983.<\/p>\n<p>Carroll, Noel. <em>The Philosophy of Horror. Paradoxes of the Heart<\/em>. Routledge, 1990.<\/p>\n<p>Chanady, Amaryll Beatrice. <em>Magical Realism and the Fantastic: Resolved Versus Unresolved Antinomy. <\/em>New York: Garland, 1985.<\/p>\n<p><a href=\"http:\/\/sf-encyclopedia.uk\/fe.php?id=0&amp;nm=introduction_to_the_online_text\"><strong>Clute, John and John Grant, eds. <em>The Encyclopedia of Fantasy<\/em>. 1997. Online editio<\/strong>n<\/a><\/p>\n<p>Coelsch-Foisner, Sabine Gy\u00f6rgy E. Sz\u0151nyi, Sarolta Marinovich-Resch, Anna K\u00e9rchy, eds. <em>What Constitutes the Fantastic?<\/em> Szeged: JATEPress, 2010.<\/p>\n<p>Cornwell, Neil. <em>The Literary Fantastic: From Gothic to Postmodernism <\/em>NY: Harvester, 1990.<\/p>\n<p>Hume, Kathryn. <em>Fantasy and Mimesis. Responses to Reality in Western Literature<\/em>. Methuen, 1984.<\/p>\n<p>Hunt, Peter and Millicent Lenz. <em>Alternative Worlds in Fantasy Fiction<\/em>. New York: Continuum, 2001.<\/p>\n<p>Jackson, Anna, Roderick McGillis, Karen Coats. <em>The<\/em> <em>Gothic<\/em> <em>in<\/em> <em>Children&#8217;s<\/em> <em>Literature: Haunting the Borders<\/em>. Routledge, 2007.<\/p>\n<p>Jackson, Rosemary. <em>Fantasy. The Literature of Subversion<\/em>. London: Routledge, 1981.<\/p>\n<p>James, Edward and Farah Mendlesohn. <em>The Cambridge Companion to Fantasy Literature<\/em>. Cambridge UP, 2012.<\/p>\n<p>Jones, Diana Wynne. <em>The Tough Guide to Fantasyland<\/em>. Vista, 1996.<\/p>\n<p>Kelleghan, Fiona, ed. <em>Classics of Science Fiction and Fantasy Literature<\/em>. Pasadena: Salem, 2002.<\/p>\n<p>K\u00e9rchy Anna, ed. <em>Postmodern<\/em><em> Reinterpretations of Fairy Tales: How Applying New Methods Generates New Meanings<\/em>. Lewiston, Lampeter: The Edwin Mellen Press, 2011.<\/p>\n<p><a href=\"https:\/\/www.academia.edu\/5369326\/Faraway_So_Close._Towards_a_Definition_of_Magic_al_Ir_Realism\">K\u00e9rchy Anna. \u201cFaraway, So Close. Towards a definition of Magical (Ir)Realism\u201d in What Constitutes the Fantastic? <\/a><\/p>\n<p>K\u00e9rchy, Anna. \u201cChildren and Young Adult Literature\u201d <em>The Routledge Companion to Media and Fairy Tale Cultures<\/em>. Ed. Pauline Greenhill et al. New York: Routledge, 2018.<\/p>\n<p>Kiss, Attila, Sz\u0151nyi Gy\u00f6rgy Endre, Bar\u00f3ti G\u00e1l M\u00e1rta, eds. <em>The Iconography of the Fantastic<\/em>. Szeged: JatePress, 2002.<\/p>\n<p>Lovecraft, H. P. <em>Supernatural Horror in Literature<\/em>. Dover Publications, 1973.<\/p>\n<p>Martin, Philip. <em>A Guide to Fantasy Literature. Thoughts on Stories of Wonder and Enchantment<\/em>. Crickhollow, 2009.<\/p>\n<p>Mathews, Richard. <em>Fantasy: The Liberation of Imagination<\/em>. Taylor &amp; Francis, 2002.<\/p>\n<p>Mendlesohn, Farah. <em>Rhetorics of Fantasy<\/em>. Wesleyan, 2008.<\/p>\n<p>Mulvey-Roberts, Marie. <em>Dangerous Bodies. Historicising the Gothic Corporeal<\/em>, Manchester UP, 2015.<\/p>\n<p>Prickett, Stephen. <em>Victorian Fantasy<\/em>. Bloomington: Indiana University Press, 1979.<\/p>\n<p>Punter, David. <em>The Gothic<\/em>. Blackwell Guide, 2004.<\/p>\n<p>Rabkin, Eric. <em>The Fantastic in Literature<\/em>. Princeton, 1976.<\/p>\n<p>Rieder, John, <a href=\"http:\/\/virtual-sf.com\/wp-content\/uploads\/2012\/04\/Rieder.pdf\">&#8220;What is SF? Some thoughts on Genre&#8221;<\/a><\/p>\n<p>Rieder, John. <a href=\"http:\/\/ieas-szeged.hu\/downtherabbithole\/wp-content\/uploads\/2020\/03\/Rieder_On-Defining-SF-SFS2010.pdf\">&#8220;On-Defining-SF&#8221; Science Fiction Studies. Vol 37. No2. (2010 July): 191-209.<\/a><\/p>\n<p>Sandner, David. <em>Fantastic Literature: A Critical Reader<\/em>. Praeger, 2004.<\/p>\n<p>Siebers, Tobin. <em>The Romantic Fantastic<\/em>. Cornell UP, 1984.<\/p>\n<p>Stableford, Brian. <em>The A to Z of Fantasy Literature<\/em>. Toronto: Scarecrow Press, 2009.<\/p>\n<p>Tiffin, Jessica. <em>Marvelous Geometry. Narrative and Metafiction in Modern Fairy Tale<\/em>. Wayne State UP, 2009.<\/p>\n<p>Todorov, Tzvetan. <em>The<\/em> <em>Fantastic. A Structural Approach to a Literary Genre<\/em>. Trans. Richard Howell. Ithaca: Cornell University Press, 1970.<\/p>\n<p>Tolkien, J.R.R. <em>The Monster and the Critics and Other Essays<\/em>, HarperCollins, 2006.<\/p>\n<p>Vint, Sherryl, ed. <em>Science Fiction and Cultural Theory<\/em>. Routledge,<\/p>\n<p>Warner, Marina. <em>Phantasmagoria: Spirit Visions, Metaphors and Media into the Twenty-First Century<\/em>. Oxford UP, 2006.<\/p>\n<p><em>&#8212;. Fantastic Metamorphoses, Other Worlds. <\/em><em>Oxford UP, 2004.<\/em><\/p>\n<p>Zamora, Lois Parkinson and Wendy B. Faris eds. <em>Magical Realism. Theory, History, Community<\/em>. Durham: Duke UP, 1995.<\/p>\n<p>&nbsp;<\/p>\n<p>&nbsp;<\/p>\n<p><strong>\u00a0<\/strong><\/p>\n","protected":false},"excerpt":{"rendered":"<p>The Literary Fantastic \u2013BA Lit Survey\u00a0\u00a0\u00a0\u00a0\u00a0\u00a0\u00a0\u00a0\u00a0\u00a0\u00a0\u00a0\u00a0\u00a0\u00a0\u00a0\u00a0\u00a0\u00a0\u00a0\u00a0\u00a0\u00a0\u00a0\u00a0\u00a0\u00a0\u00a0\u00a0\u00a0\u00a0\u00a0\u00a0\u00a0\u00a0\u00a0\u00a0\u00a0\u00a0\u00a0\u00a0\u00a0\u00a0\u00a0\u00a0\u00a0\u00a0\u00a0\u00a0\u00a0\u00a0\u00a0\u00a0\u00a0\u00a0\u00a0\u00a0\u00a0\u00a0\u00a0\u00a0\u00a0\u00a0\u00a0\u00a0\u00a0\u00a0 lit., 2-3, core lect, survey, any course lecture, BAEN, BAAM, BAmin\u00a0\u00a0\u00a0\u00a0\u00a0\u00a0\u00a0\u00a0\u00a0\u00a0\u00a0\u00a0\u00a0\u00a0\u00a0\u00a0\u00a0\u00a0\u00a0\u00a0\u00a0 ANGBA31, ANGBA32, ANGBA71, AMEBA71, AMEBA33, AMEMIN111, ANGBAL81, YSE BTK 011-14 The course provides an overview of the literary-historical development and the manifold theoretical problematizations of Fantastic Fiction in English. We shall explore fantasy\u2019s amazing variety of subgenres ranging [&hellip;]<\/p>\n","protected":false},"author":3,"featured_media":0,"parent":205,"menu_order":0,"comment_status":"closed","ping_status":"closed","template":"","meta":{"footnotes":""},"class_list":["post-1609","page","type-page","status-publish","hentry"],"_links":{"self":[{"href":"http:\/\/ieas-szeged.hu\/downtherabbithole\/wp-json\/wp\/v2\/pages\/1609","targetHints":{"allow":["GET"]}}],"collection":[{"href":"http:\/\/ieas-szeged.hu\/downtherabbithole\/wp-json\/wp\/v2\/pages"}],"about":[{"href":"http:\/\/ieas-szeged.hu\/downtherabbithole\/wp-json\/wp\/v2\/types\/page"}],"author":[{"embeddable":true,"href":"http:\/\/ieas-szeged.hu\/downtherabbithole\/wp-json\/wp\/v2\/users\/3"}],"replies":[{"embeddable":true,"href":"http:\/\/ieas-szeged.hu\/downtherabbithole\/wp-json\/wp\/v2\/comments?post=1609"}],"version-history":[{"count":16,"href":"http:\/\/ieas-szeged.hu\/downtherabbithole\/wp-json\/wp\/v2\/pages\/1609\/revisions"}],"predecessor-version":[{"id":1704,"href":"http:\/\/ieas-szeged.hu\/downtherabbithole\/wp-json\/wp\/v2\/pages\/1609\/revisions\/1704"}],"up":[{"embeddable":true,"href":"http:\/\/ieas-szeged.hu\/downtherabbithole\/wp-json\/wp\/v2\/pages\/205"}],"wp:attachment":[{"href":"http:\/\/ieas-szeged.hu\/downtherabbithole\/wp-json\/wp\/v2\/media?parent=1609"}],"curies":[{"name":"wp","href":"https:\/\/api.w.org\/{rel}","templated":true}]}}