{"id":16,"date":"2017-05-10T11:01:38","date_gmt":"2017-05-10T11:01:38","guid":{"rendered":"http:\/\/ieas-szeged.hu\/downtherabbithole\/?page_id=16"},"modified":"2017-09-28T19:15:50","modified_gmt":"2017-09-28T19:15:50","slug":"twinkle-twinkle","status":"publish","type":"page","link":"http:\/\/ieas-szeged.hu\/downtherabbithole\/sample-page\/versbetetek\/twinkle-twinkle\/","title":{"rendered":"Twinkle Twinkle"},"content":{"rendered":"<h5>Jane &amp; Anne Taylor &#8220;The Star&#8221; in <em>Rhymes for the Nursery<\/em> (1806)<\/h5>\n<p>Twinkle, twinkle, little star,<br \/>\nHow I wonder what you are!<br \/>\nUp above the world so high,<br \/>\nLike a diamond in the sky.<\/p>\n<p>When the blazing sun is gone,<br \/>\nWhen he nothing shines upon,<br \/>\nThen you show your little light,<br \/>\nTwinkle, twinkle, all the night.<\/p>\n<p>Then the traveller in the dark<br \/>\nThanks you for your tiny sparks;<br \/>\nHe could not see which way to go,<br \/>\nIf you did not twinkle so.<\/p>\n<p>In the dark blue sky you keep,<br \/>\nAnd often through my curtains peep,<br \/>\nFor you never shut your eye<br \/>\n&#8216;Till the sun is in the sky.<\/p>\n<p>As your bright and tiny spark<br \/>\nLights the traveller in the dark,<br \/>\nThough I know not what you are,<br \/>\nTwinkle, twinkle, little star.<\/p>\n<h5>Mildred J. Hill &#8220;The Star&#8221; in <i>Song Stories for the Kindergarten (1896)<br \/>\n<\/i><\/h5>\n<p>Twinkle, twinkle, little star,<br \/>\nHow we wonder what you are.<br \/>\nUp above the world so high,<br \/>\nLike a diamond in the sky.<\/p>\n<p>When the glorious sun has set,<br \/>\nAnd the grass with dew is wet,<br \/>\nThen you show your little light,<br \/>\nTwinkle, twinkle, all the night.<\/p>\n<p>When the golden sun doth rise,<br \/>\nFills with shining light the skies,<br \/>\nThen you fade away from sight,<br \/>\nShine no more &#8217;till comes the night.<\/p>\n<p><img loading=\"lazy\" decoding=\"async\" class=\"alignnone wp-image-89\" src=\"http:\/\/ieas-szeged.hu\/downtherabbithole\/wp-content\/uploads\/2017\/05\/dormouse-300x222.jpg\" alt=\"\" width=\"389\" height=\"291\" \/><\/p>\n<h5>Lewis Carroll parodisztikus \u00e1tirata (1865)<\/h5>\n<p>Twinkle, twinkle, little bat!<br \/>\nHow I wonder what you&#8217;re at!<br \/>\nUp above the world you fly,<br \/>\nLike a tea tray in the sky.<br \/>\nTwinkle, twinkle, little bat!<br \/>\nHow I wonder what you&#8217;re at!<\/p>\n<h5>Altay Margit ford\u00edt\u00e1sa (1927)<\/h5>\n<p>\u00d3h, papag\u00e1ly, \u00d3h papag\u00e1ly,<br \/>\nMily z\u00f6ldek a tollaid.<br \/>\nZ\u00f6ldelsz te nem csak b\u00e9k\u00e9ben.<br \/>\nhanem t\u00e9l, s havas es\u0151ben.<br \/>\n\u00d3h, papag\u00e1ly, \u00d3h papag\u00e1ly.<\/p>\n<p>Val\u00f3sz\u00edn\u0171leg a n\u00e9met ford\u00edt\u00e1sb\u00f3l ford\u00edtotta, amely az Oh, Tannenbaum (\u00d3, z\u00f6ld feny\u0151) kezdet\u0171, k\u00f6zismert kar\u00e1csonyi dalt figur\u00e1zta ki.<\/p>\n<h5>Juh\u00e1sz Andor ford\u00edt\u00e1sa (1929)<\/h5>\n<p>Jaj, de magas, jaj, de magas ez a vend\u00e9gfogad\u00f3,,<br \/>\nVan- e benne, van-e benne tea rummal elad\u00f3?<br \/>\nHa nincs benne tea rummal elad\u00f3,<br \/>\nD\u0171jj\u00f6n \u00f6ssze ez a vend\u00e9gfogad\u00f3!<\/p>\n<h5>Kosztol\u00e1nyi Dezs\u0151 ford\u00edt\u00e1sa (1935)<\/h5>\n<p>Sz\u00e1raz t\u00f3nak nedves partj\u00e1n<br \/>\nD\u00f6gl\u00f6tt b\u00e9ka kuruttyol,<br \/>\nMeghallja egy s\u00fcket ember,<br \/>\nKi a v\u00edzben lubickol \u2026<br \/>\nEjhajh, denev\u00e9r,<br \/>\nH\u00e1rmat rikkant az eg\u00e9r.<\/p>\n<h5>Szobotka Tibor ford\u00edt\u00e1sa (1958)<\/h5>\n<p>Libbenj-lebbenj, denev\u00e9r!<br \/>\nNincsen messze m\u00e1r a c\u00e9l.<br \/>\nNagyot koppansz a falon,<br \/>\nbunk\u00f3 n\u0151 az orrodon.<\/p>\n<h5>Varr\u00f3 D\u00e1niel ford\u00edt\u00e1sa (2009)<\/h5>\n<p>T\u00e1ncolj, t\u00e1ncolj, b\u0151reg\u00e9r!<br \/>\n\u00c9sszel senki f\u00f6l nem \u00e9r!<br \/>\nM\u00edg suhanva sz\u00e1llsz az \u00e9gen<br \/>\nSz\u00e9p uzsonnat\u00e1lcak\u00e9ppen,<br \/>\nT\u00e1ncolj, t\u00e1ncolj&#8230;<\/p>\n<h5>Szil\u00e1gyi Anik\u00f3 ford\u00edt\u00e1sa (2013)<\/h5>\n<p>Tente, baba, tente,<br \/>\nHorkolj \u00e9desen, te!<br \/>\nK\u00f6sz\u00f6ntgetnek sz\u00e9pen<br \/>\n\u0170rhaj\u00f3k az \u00e9gen.<\/p>\n<h5>L\u00e1szl\u00f3 No\u00e9mi ford\u00edt\u00e1sa ( 2017)<\/h5>\n<p>Ragyogj, ragyogj, denev\u00e9r!<br \/>\nB\u0171v\u00f6s-b\u00e1jos b\u0151reg\u00e9r!<br \/>\nFellegek f\u00f6l\u00f6tt rep\u00fclsz,<br \/>\nTeat\u00e1lca, rajta \u00fclsz&#8230;<\/p>\n<p>&nbsp;<\/p>\n<p><img loading=\"lazy\" decoding=\"async\" class=\"alignnone wp-image-86\" src=\"http:\/\/ieas-szeged.hu\/downtherabbithole\/wp-content\/uploads\/2017\/05\/mad-tea-party-300x249.jpg\" alt=\"\" width=\"354\" height=\"296\" \/><\/p>\n<h4>A k\u00f6vetkez\u0151 ford\u00edt\u00e1sok a &#8220;HEFFALUMPS, TWINKLING BATS, MOME RATHS. READING AND TRANSLATING NONSENSE LITERATURE&#8221; c\u00edm\u0171 (SZTE, IEAS) szemin\u00e1riumomra k\u00e9sz\u00fcltek. A sz\u00f6vegeket a hallgat\u00f3k hozz\u00e1j\u00e1rul\u00e1s\u00e1val k\u00f6zl\u00f6m.<\/h4>\n<h5>Pint\u00e9r Barnab\u00e1s \u00e1tirata<\/h5>\n<p>Boci, boci, Elem\u00e9r,<br \/>\nVolt egy kicsi denev\u00e9r.<br \/>\nN\u00e9ha f\u00e1zott, n\u00e9ha r\u00e1zott,<br \/>\nSokszor pedig csak el\u00e1zott.<br \/>\nBoci, boci, Elem\u00e9r,<br \/>\nVolt egy kicsi denev\u00e9r.<\/p>\n<p><strong>T\u00f6r\u00f6k P\u00e9ter \u00e1tirata<\/strong><\/p>\n<p>R\u00e1gcs\u00e1l\u00f3k, cs\u00f3cs\u00e1l\u00f3k sz\u00e9pen ragyogjatok,<br \/>\na szeg\u00e9ny leg\u00e9nyt\u0151l sajtot ne cs\u00f3rjatok!<br \/>\nHa megl\u00e1t titeket, \u0151 csak azt k\u00edv\u00e1nja:<br \/>\nhadd ne kapjon gut\u00e1t a szeret\u0151 p\u00e1rja.<\/p>\n<p><strong>Ogunde Edna \u00e1tirata<\/strong><\/p>\n<div id=\"forum_post_message_869114\" class=\"userhtml forum-post-message\">\n<p>Kett\u0151, egy, n\u00e9gy, h\u00e1rom,<br \/>\n&#8211; Denev\u00e9rke, ez egy \u00e1lom?<br \/>\n&#8211; B\u0151rmad\u00e1rka a nevem,<br \/>\n\u00edgy sz\u00f3l\u00edts, ezt szeretem.<\/p>\n<p>H\u00e1rom, kett\u0151, egy, n\u00e9gy,<br \/>\n&#8211; B\u0151rmad\u00e1rka, hov\u00e1 m\u00e9gy?<br \/>\n&#8211; Se balra, se jobbra,<br \/>\nfel az \u00e9gbe, magasra.<\/p>\n<p>Egy, h\u00e1rom, kett\u0151, n\u00e9gy,<br \/>\n&#8211; B\u0151rmad\u00e1rka, l\u00e1tlak m\u00e9g?<br \/>\n&#8211; Itt a te\u00e1d, h\u00f6rpintsd fel,<br \/>\nazt\u00e1n velem repdess el.<\/p>\n<\/div>\n<p>&nbsp;<\/p>\n<p>&nbsp;<\/p>\n<p>&nbsp;<\/p>\n<p>&nbsp;<\/p>\n<p>&nbsp;<\/p>\n<p>&nbsp;<\/p>\n","protected":false},"excerpt":{"rendered":"<p>Jane &amp; Anne Taylor &#8220;The Star&#8221; in Rhymes for the Nursery (1806) Twinkle, twinkle, little star, How I wonder what you are! Up above the world so high, Like a diamond in the sky. When the blazing sun is gone, When he nothing shines upon, Then you show your little light, Twinkle, twinkle, all the [&hellip;]<\/p>\n","protected":false},"author":3,"featured_media":0,"parent":734,"menu_order":0,"comment_status":"closed","ping_status":"closed","template":"","meta":{"footnotes":""},"class_list":["post-16","page","type-page","status-publish","hentry"],"_links":{"self":[{"href":"http:\/\/ieas-szeged.hu\/downtherabbithole\/wp-json\/wp\/v2\/pages\/16","targetHints":{"allow":["GET"]}}],"collection":[{"href":"http:\/\/ieas-szeged.hu\/downtherabbithole\/wp-json\/wp\/v2\/pages"}],"about":[{"href":"http:\/\/ieas-szeged.hu\/downtherabbithole\/wp-json\/wp\/v2\/types\/page"}],"author":[{"embeddable":true,"href":"http:\/\/ieas-szeged.hu\/downtherabbithole\/wp-json\/wp\/v2\/users\/3"}],"replies":[{"embeddable":true,"href":"http:\/\/ieas-szeged.hu\/downtherabbithole\/wp-json\/wp\/v2\/comments?post=16"}],"version-history":[{"count":19,"href":"http:\/\/ieas-szeged.hu\/downtherabbithole\/wp-json\/wp\/v2\/pages\/16\/revisions"}],"predecessor-version":[{"id":1020,"href":"http:\/\/ieas-szeged.hu\/downtherabbithole\/wp-json\/wp\/v2\/pages\/16\/revisions\/1020"}],"up":[{"embeddable":true,"href":"http:\/\/ieas-szeged.hu\/downtherabbithole\/wp-json\/wp\/v2\/pages\/734"}],"wp:attachment":[{"href":"http:\/\/ieas-szeged.hu\/downtherabbithole\/wp-json\/wp\/v2\/media?parent=16"}],"curies":[{"name":"wp","href":"https:\/\/api.w.org\/{rel}","templated":true}]}}