{"id":1480,"date":"2019-12-06T17:35:22","date_gmt":"2019-12-06T17:35:22","guid":{"rendered":"http:\/\/ieas-szeged.hu\/downtherabbithole\/?page_id=1480"},"modified":"2021-05-23T15:46:00","modified_gmt":"2021-05-23T15:46:00","slug":"romanticism-and-victorianism-in-english-literature","status":"publish","type":"page","link":"http:\/\/ieas-szeged.hu\/downtherabbithole\/rolam\/oktatas\/eloadasaim\/romanticism-and-victorianism-in-english-literature\/","title":{"rendered":"Romanticism and Victorianism in English Literature"},"content":{"rendered":"<p><strong>COURSE DESCRIPTION<\/strong><\/p>\n<p>The objective of the course is to provide a survey of English literature in the Romantic (1798-1832) and the Victorian (1832-1901) periods. Focusing on the most significant concepts, themes and genres, as well as the key texts both in verse and prose by the major writers of the Romantic period (Blake, Wordsworth, Coleridge, Byron, Shelley, Keats, Jane Austen, Mary Shelley) and the Victorian period (Tennyson, the Brownings, the Rossettis, Dickens, Thackeray, the Bront\u00ebs, George Eliot, Thomas Hardy, Oscar Wilde, George MacDonald, Lewis Carroll) the course aims at an understanding of the cultural terms \u2019Romanticism\u2019 and \u2019Victorianism\u2019 in English literature.<\/p>\n<p><strong>Schedule of classes<\/strong><\/p>\n<p>1. Introduction to Romanticism<\/p>\n<p>2.\u00a0 The Gothic novel: Mary Shelley\u2019s <em>Frankenstein<\/em><\/p>\n<p>3. Romantic image-text: The art and life of William Blake, poet, prophet, painter, printmaker<\/p>\n<p>4. Lake Poets and <em>Lyrical Ballads<\/em>: Wordsworth &amp; Coleridge&#8217;s creative collaboration<\/p>\n<p>5. The second generation of Romantic poetry: Revolution and Imagination in Byron\u2019s, Shelley\u2019s, and Keats\u2019 work<\/p>\n<p>6. Introduction to the cultural and historical context of the Victorian period<\/p>\n<p>7. Victorian Poetry: Tennyson, Browning, Elizabeth B. Browning, D.G. Rossetti, Christina Rossetti, the Pre-Raphaelite Brotherhood<\/p>\n<p>8. The novel in transition (novel of manners, novel of sensibility, sentimental novel, social satire, historical novel) Jane Austen, Walter Scott, William Thackeray, George Eliot<\/p>\n<p>9. The Victorian Novel: the serialized Bildungsroman fusing sentimentality and realism: Charles Dickens<\/p>\n<p>10. The Victorian Novel: Gothic Romanticism: The Bront\u00eb Sisters<\/p>\n<p>11. The Victorian Novel: Regionalism, Naturalism, Existentialism: Thomas Hardy Aestheticism, Symbolism: Oscar Wilde<\/p>\n<p>12.\u00a0 Victorian Fantastic Fiction: Sensation Novel,\u00a0 Adventure Novel, Gothic novel: Bram Stoker, RL Stevenson, Wilkie Collins, Children\u2019s Literature for all ages: George MacDonald, Lewis Carroll, Charles Kingsley<\/p>\n<p><strong>E-COURSEBOOK CHAPTERS &amp; PPTS (click on the titles below to download them &#8211;Units 1-6 should be downloaded from SZTE ETA website where the hyperlinks will take you)<br \/>\n<\/strong><\/p>\n<p><a href=\"http:\/\/eta.bibl.u-szeged.hu\/457\/\">Unit 1. Introduction to Romanticism<\/a><\/p>\n<p><a href=\"http:\/\/eta.bibl.u-szeged.hu\/477\/\">Unit 2. Gothic Fiction<\/a><\/p>\n<p><a href=\"http:\/\/eta.bibl.u-szeged.hu\/479\/\">Unit 3. William Blake&#8217;s Poetry<\/a><\/p>\n<p><a href=\"http:\/\/eta.bibl.u-szeged.hu\/2098\/\"> Unit 4. Lake poets and lyrical ballads: Wordsworth and Coleridge&#8217;s literary friendship and creative collaboration<\/a><\/p>\n<p><a href=\"http:\/\/eta.bibl.u-szeged.hu\/2099\/\">Unit 5. The second generation of Romantic poetry: revolution and imagination in Byron&#8217;s, Shelley&#8217;s, Keats&#8217; oeuvre<\/a><\/p>\n<p><a href=\"http:\/\/eta.bibl.u-szeged.hu\/2100\/\">Unit 6. Introduction to the cultural and historical context of the Victorian period<\/a><\/p>\n<p><a href=\"http:\/\/eta.bibl.u-szeged.hu\/2506\/\">Unit 7.\u00a0Victorian poetry from Tennyson to the Pre-Raphaelite Brotherhood<\/a><\/p>\n<p><a href=\"http:\/\/eta.bibl.u-szeged.hu\/2507\/\">Unit 8. The novel in transition: Jane Austen, Walter Scott, William Thackeray, George Eliot<\/a><\/p>\n<p><a href=\"http:\/\/eta.bibl.u-szeged.hu\/2508\/\">Unit 9. The novel in transition: fusing sentimentality and social criticism in Charles Dickens\u2019s fiction<\/a><\/p>\n<p><a href=\"http:\/\/eta.bibl.u-szeged.hu\/2509\/\">Unit 10. Gothic romanticism in the novels of the Bront\u00eb Sisters<\/a><\/p>\n<p><a href=\"http:\/\/eta.bibl.u-szeged.hu\/3049\/\">Unit 11.\u00a0Regional realism and moral philosophy in Thomas Hardy\u2019s work<\/a><\/p>\n<p><a href=\"http:\/\/eta.bibl.u-szeged.hu\/3051\/\">Unit 12.\u00a0Symbolism, sensation, adventure, and high fantasy in the Victorian novel : from Oscar Wilde to Bram Stoker<\/a><\/p>\n<p><a href=\"http:\/\/eta.bibl.u-szeged.hu\/3052\/\">Unit 13. Victorian children&#8217;s literature for all ages<\/a><\/p>\n<p><strong><u>LIST OF KEY TERMS<\/u><\/strong><\/p>\n<p><strong><a href=\"http:\/\/ieas-szeged.hu\/downtherabbithole\/wp-content\/uploads\/2019\/12\/Romanticism-terms-2018.pdf\">Romanticism terms <\/a><\/strong><\/p>\n<p><strong><a href=\"http:\/\/ieas-szeged.hu\/downtherabbithole\/wp-content\/uploads\/2019\/12\/Victorian-terms-2018.pdf\">Victorianism terms <\/a><\/strong><\/p>\n<p><strong><u>COMPULSORY READING LIST<br \/>\n<\/u><\/strong><\/p>\n<p><strong><u>Novels:<\/u><\/strong><\/p>\n<p><a href=\"http:\/\/ieas-szeged.hu\/downtherabbithole\/wp-content\/uploads\/2019\/12\/Frankenstein.pdf\">Mary Shelley. <\/a><em><a href=\"http:\/\/ieas-szeged.hu\/downtherabbithole\/wp-content\/uploads\/2019\/12\/Frankenstein.pdf\">Frankenstein<\/a><\/em><\/p>\n<p><a href=\"http:\/\/ieas-szeged.hu\/downtherabbithole\/wp-content\/uploads\/2019\/12\/Jane-Austen-Pride-And-Prejudice.pdf\">Jane Austen.<\/a><em><a href=\"http:\/\/ieas-szeged.hu\/downtherabbithole\/wp-content\/uploads\/2019\/12\/Jane-Austen-Pride-And-Prejudice.pdf\"> Pride And Prejudice<\/a><\/em><\/p>\n<p><a href=\"http:\/\/ieas-szeged.hu\/downtherabbithole\/wp-content\/uploads\/2019\/12\/Charles-Dickens-Robert-Douglas-Fairhurst-Great-Expectations-Oxford-Worlds-Classics-2008.pdf\">Charles Dickens,<\/a><em><a href=\"http:\/\/ieas-szeged.hu\/downtherabbithole\/wp-content\/uploads\/2019\/12\/Charles-Dickens-Robert-Douglas-Fairhurst-Great-Expectations-Oxford-Worlds-Classics-2008.pdf\"> Great Expectations <\/a><\/em><\/p>\n<p><a href=\"http:\/\/ieas-szeged.hu\/downtherabbithole\/wp-content\/uploads\/2019\/12\/Emily-Bronte-Wuthering-Heights.pdf\">Emily Bronte: <\/a><em><a href=\"http:\/\/ieas-szeged.hu\/downtherabbithole\/wp-content\/uploads\/2019\/12\/Emily-Bronte-Wuthering-Heights.pdf\">Wuthering Heights<\/a><\/em><\/p>\n<p><a href=\"http:\/\/ieas-szeged.hu\/downtherabbithole\/wp-content\/uploads\/2019\/12\/Thomas-Hardy-Tess-of-the-DUrbervilles.pdf\">Thomas Hardy<\/a><em><a href=\"http:\/\/ieas-szeged.hu\/downtherabbithole\/wp-content\/uploads\/2019\/12\/Thomas-Hardy-Tess-of-the-DUrbervilles.pdf\">. Tess of the D&#8217;Urbervilles<\/a><\/em><\/p>\n<p><a href=\"http:\/\/ieas-szeged.hu\/downtherabbithole\/wp-content\/uploads\/2019\/12\/Alices-Adventures-in-Wonderland.pdf\">Lewis Carroll. <\/a><em><a href=\"http:\/\/ieas-szeged.hu\/downtherabbithole\/wp-content\/uploads\/2019\/12\/Alices-Adventures-in-Wonderland.pdf\">Alice&#8217;s Adventures in Wonderland<\/a><\/em><\/p>\n<p><strong><u>Poems<\/u><\/strong><\/p>\n<p><a href=\"http:\/\/ieas-szeged.hu\/downtherabbithole\/wp-content\/uploads\/2019\/12\/William-Blake_poems.doc\">William Blake<\/a>: <em>The Lamb, The Tyger, The Sick Rose, The Chimney Sweeper<\/em><\/p>\n<p><a href=\"http:\/\/ieas-szeged.hu\/downtherabbithole\/wp-content\/uploads\/2019\/12\/William-Wordsworth_poems.doc\">William Wordsworth<\/a>: <em>Tintern Abbey, I Wandered Lonely as a Cloud, We are Seven, Preface to the Lyrical Ballads (extracts)<\/em><\/p>\n<p><a href=\"http:\/\/ieas-szeged.hu\/downtherabbithole\/wp-content\/uploads\/2019\/12\/Samuel-Taylor-Coleridge_poemsexcerpt-from-Biographia-Literaria.pdf\">Samuel Taylor Coleridge<\/a>: <em>Kubla Khan, The Rime of the Ancient Mariner, Biographia Literaria (extracts)<\/em><\/p>\n<p><a href=\"http:\/\/ieas-szeged.hu\/downtherabbithole\/wp-content\/uploads\/2019\/12\/Percy-Bysshe-Shelley_poems.doc\">Percy Bysshe Shelley<\/a>: <em>To a Skylark, Mont Blanc, Ode to the West Wind<\/em><\/p>\n<p><a href=\"http:\/\/ieas-szeged.hu\/downtherabbithole\/wp-content\/uploads\/2019\/12\/John-Keats_poems.doc\">John Keats<\/a>: <em>La Belle Dame<\/em><em> Sans Merci, Ode to a Nightingale, Ode on a Grecian Urn, To Autumn<\/em><\/p>\n<p><a href=\"http:\/\/ieas-szeged.hu\/downtherabbithole\/wp-content\/uploads\/2019\/12\/Lord-Byron_poems.doc\">Lord George Gordon Byron<\/a>: <em>Darkness, Beppo<\/em><\/p>\n<p><a href=\"http:\/\/ieas-szeged.hu\/downtherabbithole\/wp-content\/uploads\/2019\/12\/Dante-Gabriel-Rossetti.doc\">Dante Gabriel Rossetti<\/a>: <em>The Blessed Damozel<\/em><\/p>\n<p><a href=\"http:\/\/ieas-szeged.hu\/downtherabbithole\/wp-content\/uploads\/2019\/12\/Christina-Rossetti.doc\">Christina Rossetti<\/a>: <em>Goblin Market<\/em><\/p>\n<p><a href=\"http:\/\/ieas-szeged.hu\/downtherabbithole\/wp-content\/uploads\/2019\/12\/Robert-Browning.doc\">Robert Browning<\/a>: <em>My Last Duchess, Two in the Campagna<\/em><\/p>\n<p><a href=\"http:\/\/ieas-szeged.hu\/downtherabbithole\/wp-content\/uploads\/2019\/12\/Alfred-Lord-Tennyson.doc\">Lord Alfred Tennyson<\/a>: <em>The Lady of Shalott, Ulysses<\/em><\/p>\n<p><a href=\"http:\/\/ieas-szeged.hu\/downtherabbithole\/wp-content\/uploads\/2019\/12\/Algernon-Charles-Swinburne.doc\">Algernon Charles Swinburne<\/a>: <em>Faustine<\/em><\/p>\n<p><a href=\"http:\/\/ieas-szeged.hu\/downtherabbithole\/wp-content\/uploads\/2019\/12\/Matthew-Arnold.doc\">Matthew Arnold<\/a>: <em>Dover Beach<\/em><\/p>\n<p><strong>Grading<\/strong><\/p>\n<p>A thorough familiarity with the primary texts (preferably in English) is the most important requirement.\u00a0 A written exam will take place in the examination period. You must show up on at least one exam in order to be able to sit for a rewrite (UV). You\u2019ll need 51% for a pass. In the exam you will be invited to define key concepts, recognise and analyse excerpts from primary texts, and produce brief argumentative essays.<\/p>\n<p><strong>Note<\/strong>: To complete the course you cannot miss more than 6 lecture sessions. If you are absent from more than 50% of the sessions (6 occasions) you qualify on Neptun as \u201eNem \u00e9rt\u00e9kelhet\u0151.\u201d At the beginning of each lecture you will sign an attendance sheet. On a few random occasions I will check if the list of names is identical with the persons attending the lecture. The forgery of a signature is an offense punishable by failure in the class and may have further, legal administrative consequences.<\/p>\n<p><strong><u>A few recommended readings. All available at the local University Library (TIK)<\/u><\/strong><\/p>\n<p>Altrick, Daniel. <em>Victorian People and Ideas<\/em>. W.W. Norton, 1974.<\/p>\n<p>Armstrong, Isobel. <em>Victorian Poetry: Poetry, Poetics and Politics<\/em>. London, NY: Routledge, 1993<\/p>\n<p>Craton, Lillian.<em> The Victorian freak show. <\/em>Amherst: Cambria Press, 2009.<\/p>\n<p>Brookner, Anita.<em> Romanticism and its discontents. <\/em>New York: Farrar, Straus and Giroux, 2000.<\/p>\n<p>Day, Aidan. <em>Romanticism<\/em>. New York: Routledge, 1996.<\/p>\n<p>De Man, Paul. <em>The Rhetoric of Romanticism<\/em>. New York \u00a0Columbia University Press, 1984.<\/p>\n<p>Ford, Boris, ed. <em>From Dickens to Hardy<\/em>. New Pelican Guide to Eng Lit. Vol.6. NY:Penguin, 1982.<\/p>\n<p>Frye, Northrop<em>. A study of English romanticism<\/em>. Brighton : Sussex Harvester P VI, 1983.<\/p>\n<p>Gilmour, Robin. <em>The Victorian Period. The Intellectual and Cultural Context of English Literature. 1830-1890<\/em>. London: Longman, 1993. \u00a0<em>The idea of the gentleman in the Victorian novel<\/em>, 1981.<\/p>\n<p>Harrison, John Fletcher. <em>Early Victorian Britain : 1832-51<\/em> London : Fontana P., 1988.<\/p>\n<p>&#8212;. <em>Late Victorian Britain : 1875-1901<\/em>. London : Routledge, 2000<\/p>\n<p>Houghton, Walter Edwards. <em>The Victorian frame of mind: 1830-1870<\/em>. New Haven: Yale UP, 1959.<\/p>\n<p>Johnson, Patricia. <em>Hidden hands : working-class women and Victorian social-problem fiction<\/em>. Ohio, 2001<\/p>\n<p>Lerner, Laurence. <em>The Victorians<\/em>. London: Methuen, 1978.<\/p>\n<p>Miller, J. Hillis. <em>The form of Victorian fiction. <\/em>Notre Dame: University of Notre Dame Press, 1968.<\/p>\n<p>P\u00e9ter \u00c1gnes. <em>Keats vil\u00e1ga<\/em>. Eur\u00f3pa K\u00f6nyvkiad\u00f3, Budapest, 1989.<\/p>\n<p>Prickett, Stephen. <em>Victorian fantasy<\/em>. Waco: Baylor University Press, 2005.<\/p>\n<p>Reynolds, Kimberley. <em>Victorian heroines: Representations of Femininity in Nineteenth-century Literature and Art. <\/em>London, NY: Harvester Wheatseaf, 1993<\/p>\n<p>Szegedy-Masz\u00e1k Mih\u00e1ly. <em>Kubla K\u00e1n \u00e9s Pickwick \u00far. Romantika \u00e9s realizmus az angol irodalomban<\/em>. 1986.<\/p>\n<p>T\u00f3tfalusi Istv\u00e1n. <em>Byron vil\u00e1ga<\/em>. Eur\u00f3pa K\u00f6nyvkiad\u00f3, Budapest, 1975.<\/p>\n<p>T\u00f3tfalusi Istv\u00e1n. <em>Shelley vil\u00e1ga<\/em>. Eur\u00f3pa K\u00f6nyvkiad\u00f3, Budapest, 1971.<\/p>\n<p>Tucker, Herbert F, ed. <em>A companion to Victorian literature and culture<\/em>. Oxford : Blackwell, 1999.<\/p>\n<p>Vicinus, Martha, ed. <em>Suffer and be Still : Women in the Victorian Age.<\/em>Bloomington: Indiana UP, 1973.<\/p>\n<p>Wu, Duncan, ed. <em>Romanticism. A Critical Reader<\/em>. 1998. + <em>Romanticism. An Anthology<\/em>. 1994.<\/p>\n<p>Youngquist, Paul. <em>Monstrosities Bodies and British Romanticism<\/em>. Minneapolis: UP Minnesota, 2003.<\/p>\n","protected":false},"excerpt":{"rendered":"<p>COURSE DESCRIPTION The objective of the course is to provide a survey of English literature in the Romantic (1798-1832) and the Victorian (1832-1901) periods. Focusing on the most significant concepts, themes and genres, as well as the key texts both in verse and prose by the major writers of the Romantic period (Blake, Wordsworth, Coleridge, [&hellip;]<\/p>\n","protected":false},"author":3,"featured_media":0,"parent":205,"menu_order":0,"comment_status":"closed","ping_status":"closed","template":"","meta":{"footnotes":""},"class_list":["post-1480","page","type-page","status-publish","hentry"],"_links":{"self":[{"href":"http:\/\/ieas-szeged.hu\/downtherabbithole\/wp-json\/wp\/v2\/pages\/1480","targetHints":{"allow":["GET"]}}],"collection":[{"href":"http:\/\/ieas-szeged.hu\/downtherabbithole\/wp-json\/wp\/v2\/pages"}],"about":[{"href":"http:\/\/ieas-szeged.hu\/downtherabbithole\/wp-json\/wp\/v2\/types\/page"}],"author":[{"embeddable":true,"href":"http:\/\/ieas-szeged.hu\/downtherabbithole\/wp-json\/wp\/v2\/users\/3"}],"replies":[{"embeddable":true,"href":"http:\/\/ieas-szeged.hu\/downtherabbithole\/wp-json\/wp\/v2\/comments?post=1480"}],"version-history":[{"count":19,"href":"http:\/\/ieas-szeged.hu\/downtherabbithole\/wp-json\/wp\/v2\/pages\/1480\/revisions"}],"predecessor-version":[{"id":1737,"href":"http:\/\/ieas-szeged.hu\/downtherabbithole\/wp-json\/wp\/v2\/pages\/1480\/revisions\/1737"}],"up":[{"embeddable":true,"href":"http:\/\/ieas-szeged.hu\/downtherabbithole\/wp-json\/wp\/v2\/pages\/205"}],"wp:attachment":[{"href":"http:\/\/ieas-szeged.hu\/downtherabbithole\/wp-json\/wp\/v2\/media?parent=1480"}],"curies":[{"name":"wp","href":"https:\/\/api.w.org\/{rel}","templated":true}]}}