{"id":143,"date":"2017-05-17T21:22:00","date_gmt":"2017-05-17T21:22:00","guid":{"rendered":"http:\/\/ieas-szeged.hu\/downtherabbithole\/?page_id=143"},"modified":"2017-05-17T21:23:01","modified_gmt":"2017-05-17T21:23:01","slug":"vegzettseg","status":"publish","type":"page","link":"http:\/\/ieas-szeged.hu\/downtherabbithole\/rolam\/vegzettseg\/","title":{"rendered":"V\u00e9gzetts\u00e9g"},"content":{"rendered":"<h5><strong>Tanulm\u00e1nyok, V\u00e9gzetts\u00e9g<\/strong><\/h5>\n<p>2016 <strong>Doktori habilit\u00e1ci\u00f3, irodalom \u00e9s kult\u00faratudom\u00e1ny<\/strong>, Debreceni Tudom\u00e1nyegyetem, BTK (26\/2016 hab. FI17198) \u00e9rtekez\u00e9s c\u00edme: <em>Alice in Transmedia Wonderland. Postmodern Configurations of Victorian Fantasy<\/em><\/p>\n<p>2007 <strong>PhD, irodalomtudom\u00e1ny<\/strong> (<em>summa cum laude<\/em>), Szegedi Tudom\u00e1nyegyetem (BTK-3\/2007.) disszert\u00e1ci\u00f3 c\u00edme: <em>Self-freakings. Body-Texts in Angela Carter\u2019s Trilogy. Feminist Grotesque Bodies, Fictionalized Identities, and Somatized Narratives in The Passion of New Eve, Nights at the Circus, and Wise Children<\/em><\/p>\n<p>2000-2003 <strong>SZTE Irodalomtudom\u00e1nyi Doktori Iskola, Angol nyelv\u0171 irodalmak \u00e9s kult\u00far\u00e1k<\/strong><\/p>\n<p>2004 <strong>Angol\/Magyar Szakford\u00edt\u00f3 \u00e9s Tolm\u00e1cs Posztgradu\u00e1lis Diploma<\/strong><\/p>\n<p>2000-2003 <strong>Angol\/Magyar szakford\u00edt\u00f3 \u00e9s tolm\u00e1cs posztgradu\u00e1lis k\u00e9pz\u00e9s<\/strong>, SZTE, BTK<\/p>\n<p>2000 <strong>DEA (<\/strong><strong>Dipl\u00f4me d\u2019Etudes Approfondies) d\u2019Histoire et S\u00e9miologie du Texte et de l\u2019Image,<\/strong> (<em>mention tr\u00e8s bien<\/em>), Universit\u00e9 Paris VII Denis Diderot disszert\u00e1ci\u00f3 c\u00edme<em>: Le<\/em> <em>symbole de l\u2019oeil dans l\u2019oeuvre de Georges Bataille<\/em><\/p>\n<p>1999-2000 <strong>Sz\u00f6veg \u00e9s K\u00e9p T\u00f6rt\u00e9net \u00e9s Szemiol\u00f3gia posztgradu\u00e1lis k\u00e9pz\u00e9s, Kort\u00e1rs irodalom specializ\u00e1ci\u00f3<\/strong>, Universit\u00e9 Paris VII Denis Diderot<\/p>\n<p>1994-1999 <strong>Angol \u00e9s Francia nyelv \u00e9s irodalom szakos b\u00f6lcs\u00e9sz tan\u00e1ri (BA, MA) <\/strong>Szegedi Tudom\u00e1nyegyetem (J\u00f3zsef Attila Tudom\u00e1nyegyetem), BTK, Angol \u00e9s Francia tsz.<\/p>\n<p>1998 tavasz University of Tennessee, Angol tansz\u00e9k, irodalomelm\u00e9let, Knoxville, USA<\/p>\n<p>1990-1994 \u00a0\u00a0S\u00e1gv\u00e1ri Endre Gimn\u00e1zium, Szeged, francia-n\u00e9met specializ\u00e1ci\u00f3<\/p>\n<p>1988-89\u00a0\u00a0\u00a0\u00a0\u00a0 Tri North Trojans Middle School, Bloomington, Indiana, USA<\/p>\n<p>1982-1990 \u00a0\u00a0S\u00e1gv\u00e1ri Endre \u00c1ltal\u00e1nos Iskola, francia-orosz szak<\/p>\n","protected":false},"excerpt":{"rendered":"<p>Tanulm\u00e1nyok, V\u00e9gzetts\u00e9g 2016 Doktori habilit\u00e1ci\u00f3, irodalom \u00e9s kult\u00faratudom\u00e1ny, Debreceni Tudom\u00e1nyegyetem, BTK (26\/2016 hab. FI17198) \u00e9rtekez\u00e9s c\u00edme: Alice in Transmedia Wonderland. Postmodern Configurations of Victorian Fantasy 2007 PhD, irodalomtudom\u00e1ny (summa cum laude), Szegedi Tudom\u00e1nyegyetem (BTK-3\/2007.) disszert\u00e1ci\u00f3 c\u00edme: Self-freakings. Body-Texts in Angela Carter\u2019s Trilogy. Feminist Grotesque Bodies, Fictionalized Identities, and Somatized Narratives in The Passion of New [&hellip;]<\/p>\n","protected":false},"author":3,"featured_media":0,"parent":77,"menu_order":0,"comment_status":"closed","ping_status":"closed","template":"","meta":{"footnotes":""},"class_list":["post-143","page","type-page","status-publish","hentry"],"_links":{"self":[{"href":"http:\/\/ieas-szeged.hu\/downtherabbithole\/wp-json\/wp\/v2\/pages\/143","targetHints":{"allow":["GET"]}}],"collection":[{"href":"http:\/\/ieas-szeged.hu\/downtherabbithole\/wp-json\/wp\/v2\/pages"}],"about":[{"href":"http:\/\/ieas-szeged.hu\/downtherabbithole\/wp-json\/wp\/v2\/types\/page"}],"author":[{"embeddable":true,"href":"http:\/\/ieas-szeged.hu\/downtherabbithole\/wp-json\/wp\/v2\/users\/3"}],"replies":[{"embeddable":true,"href":"http:\/\/ieas-szeged.hu\/downtherabbithole\/wp-json\/wp\/v2\/comments?post=143"}],"version-history":[{"count":2,"href":"http:\/\/ieas-szeged.hu\/downtherabbithole\/wp-json\/wp\/v2\/pages\/143\/revisions"}],"predecessor-version":[{"id":146,"href":"http:\/\/ieas-szeged.hu\/downtherabbithole\/wp-json\/wp\/v2\/pages\/143\/revisions\/146"}],"up":[{"embeddable":true,"href":"http:\/\/ieas-szeged.hu\/downtherabbithole\/wp-json\/wp\/v2\/pages\/77"}],"wp:attachment":[{"href":"http:\/\/ieas-szeged.hu\/downtherabbithole\/wp-json\/wp\/v2\/media?parent=143"}],"curies":[{"name":"wp","href":"https:\/\/api.w.org\/{rel}","templated":true}]}}