{"id":1323,"date":"2018-10-05T10:09:08","date_gmt":"2018-10-05T10:09:08","guid":{"rendered":"http:\/\/ieas-szeged.hu\/downtherabbithole\/?page_id=1323"},"modified":"2018-10-05T10:24:48","modified_gmt":"2018-10-05T10:24:48","slug":"music","status":"publish","type":"page","link":"http:\/\/ieas-szeged.hu\/downtherabbithole\/multimedia-alice\/music\/","title":{"rendered":"Music"},"content":{"rendered":"<p><img loading=\"lazy\" decoding=\"async\" id=\"img\" class=\"\" src=\"https:\/\/m.media-amazon.com\/images\/M\/MV5BNzQ3NGYxM2UtNTE2OS00ZGQ1LThkY2ItYTIxYWNkYWU4ZjU1XkEyXkFqcGdeQXVyNDUxNjc5NjY@.jpg\" width=\"277\" height=\"393\" \/><img loading=\"lazy\" decoding=\"async\" id=\"img\" class=\"\" src=\"https:\/\/sep.yimg.com\/ay\/hanbook\/alice-in-wonderland-opera-by-unsuk-chin-region-3-12.gif\" width=\"350\" height=\"338\" \/><\/p>\n<p>Unsuk Chin. <a href=\"https:\/\/www.youtube.com\/watch?v=_hXt-BPhRKA&amp;t=965s\"><em>Alice in Wonderland<\/em><\/a>. Bavarian State Opera. Munich, 2007.<\/p>\n<p><img decoding=\"async\" id=\"img\" src=\"https:\/\/upload.wikimedia.org\/wikipedia\/en\/d\/d2\/Tom_Waits-Alice.jpg\" \/><\/p>\n<p>Tom Waits. <a href=\"https:\/\/www.youtube.com\/watch?v=aEj-mrwwaxo&amp;list=PLjlS6IZUVGk6SZsctcxKp0ZPIGtHiR1Lx\">Alice<\/a>. Prod. Kathleen Brennan, Tom Waits. ANTI, 2002.<\/p>\n<p><img loading=\"lazy\" decoding=\"async\" class=\"irc_mi\" src=\"https:\/\/images-na.ssl-images-amazon.com\/images\/I\/51%2BJdQJ3a8L._SY355_.jpg\" alt=\"K\u00e9ptal\u00e1lat a k\u00f6vetkez\u0151re: \u201edavid del tredici final alice\u201d\" width=\"346\" height=\"355\" \/><\/p>\n<p>David Del Tredici. <a href=\"https:\/\/www.youtube.com\/watch?v=DdIZGpEsMl8\">Acrostic Song<\/a> from <em>Final Alice<\/em>. 1976.<\/p>\n<p><a href=\"http:\/\/www.daviddeltredici.com\/alice\/\">Website devoted to David Del Tredici&#8217;s Alice Works<\/a>.<\/p>\n<p><img decoding=\"async\" id=\"img\" src=\"https:\/\/upload.wikimedia.org\/wikipedia\/en\/8\/86\/Avril-Lavigne-Alice-Single-Cover.jpg\" \/><\/p>\n<p>Avril Lavigne. <a href=\"https:\/\/www.youtube.com\/watch?v=YI4m-l2yRZA\">Alice<\/a>. Music video. Soundtrack for Tim Burton&#8217;s <em>Alice in Wonderland <\/em>film. Walt Disney Pictures. 2010.<\/p>\n<p>&nbsp;<\/p>\n<p>&nbsp;<\/p>\n","protected":false},"excerpt":{"rendered":"<p>Unsuk Chin. Alice in Wonderland. Bavarian State Opera. Munich, 2007. Tom Waits. Alice. Prod. Kathleen Brennan, Tom Waits. ANTI, 2002. David Del Tredici. Acrostic Song from Final Alice. 1976. Website devoted to David Del Tredici&#8217;s Alice Works. Avril Lavigne. Alice. Music video. Soundtrack for Tim Burton&#8217;s Alice in Wonderland film. Walt Disney Pictures. 2010. &nbsp; [&hellip;]<\/p>\n","protected":false},"author":3,"featured_media":0,"parent":522,"menu_order":0,"comment_status":"closed","ping_status":"closed","template":"","meta":{"footnotes":""},"class_list":["post-1323","page","type-page","status-publish","hentry"],"_links":{"self":[{"href":"http:\/\/ieas-szeged.hu\/downtherabbithole\/wp-json\/wp\/v2\/pages\/1323","targetHints":{"allow":["GET"]}}],"collection":[{"href":"http:\/\/ieas-szeged.hu\/downtherabbithole\/wp-json\/wp\/v2\/pages"}],"about":[{"href":"http:\/\/ieas-szeged.hu\/downtherabbithole\/wp-json\/wp\/v2\/types\/page"}],"author":[{"embeddable":true,"href":"http:\/\/ieas-szeged.hu\/downtherabbithole\/wp-json\/wp\/v2\/users\/3"}],"replies":[{"embeddable":true,"href":"http:\/\/ieas-szeged.hu\/downtherabbithole\/wp-json\/wp\/v2\/comments?post=1323"}],"version-history":[{"count":6,"href":"http:\/\/ieas-szeged.hu\/downtherabbithole\/wp-json\/wp\/v2\/pages\/1323\/revisions"}],"predecessor-version":[{"id":1329,"href":"http:\/\/ieas-szeged.hu\/downtherabbithole\/wp-json\/wp\/v2\/pages\/1323\/revisions\/1329"}],"up":[{"embeddable":true,"href":"http:\/\/ieas-szeged.hu\/downtherabbithole\/wp-json\/wp\/v2\/pages\/522"}],"wp:attachment":[{"href":"http:\/\/ieas-szeged.hu\/downtherabbithole\/wp-json\/wp\/v2\/media?parent=1323"}],"curies":[{"name":"wp","href":"https:\/\/api.w.org\/{rel}","templated":true}]}}