{"id":1294,"date":"2018-08-08T22:44:48","date_gmt":"2018-08-08T22:44:48","guid":{"rendered":"http:\/\/ieas-szeged.hu\/downtherabbithole\/?page_id=1294"},"modified":"2021-01-25T18:42:30","modified_gmt":"2021-01-25T18:42:30","slug":"my-books","status":"publish","type":"page","link":"http:\/\/ieas-szeged.hu\/downtherabbithole\/my-books\/","title":{"rendered":"My books"},"content":{"rendered":"<h2><strong>MONOGRAPHS<br \/>\n<\/strong><\/h2>\n<p><img loading=\"lazy\" decoding=\"async\" id=\"fancybox-img\" class=\"\" src=\"http:\/\/www.jatepress.hu\/images\/virtuemart\/product\/I&amp;M14Borito-kicsi.jpg\" alt=\"\" width=\"591\" height=\"862\" \/><\/p>\n<p><img loading=\"lazy\" decoding=\"async\" class=\"alignnone size-full wp-image-1345\" src=\"http:\/\/ieas-szeged.hu\/downtherabbithole\/wp-content\/uploads\/2019\/01\/bor\u00edt\u00f3_f\u00fclsz\u00f6veg-jav.jpg\" alt=\"\" width=\"1463\" height=\"2070\" srcset=\"http:\/\/ieas-szeged.hu\/downtherabbithole\/wp-content\/uploads\/2019\/01\/bor\u00edt\u00f3_f\u00fclsz\u00f6veg-jav.jpg 1463w, http:\/\/ieas-szeged.hu\/downtherabbithole\/wp-content\/uploads\/2019\/01\/bor\u00edt\u00f3_f\u00fclsz\u00f6veg-jav-212x300.jpg 212w, http:\/\/ieas-szeged.hu\/downtherabbithole\/wp-content\/uploads\/2019\/01\/bor\u00edt\u00f3_f\u00fclsz\u00f6veg-jav-768x1087.jpg 768w, http:\/\/ieas-szeged.hu\/downtherabbithole\/wp-content\/uploads\/2019\/01\/bor\u00edt\u00f3_f\u00fclsz\u00f6veg-jav-724x1024.jpg 724w, http:\/\/ieas-szeged.hu\/downtherabbithole\/wp-content\/uploads\/2019\/01\/bor\u00edt\u00f3_f\u00fclsz\u00f6veg-jav-900x1273.jpg 900w, http:\/\/ieas-szeged.hu\/downtherabbithole\/wp-content\/uploads\/2019\/01\/bor\u00edt\u00f3_f\u00fclsz\u00f6veg-jav-1280x1811.jpg 1280w\" sizes=\"auto, (max-width: 1463px) 100vw, 1463px\" \/><\/p>\n<h3><a href=\"http:\/\/www.jatepress.hu\/bolcseszet\/muveszettortenet-es-muveszetek\/a-kepek-politikaja-404-detail\"><strong><em>A n\u0151 nyelvet \u00f6lt. Feminista narratol\u00f3giai, eszt\u00e9tikai, testelm\u00e9leti tanulm\u00e1nyok<\/em><\/strong><\/a><\/h3>\n<p>Szeged: JATEPress, 2018. Ikonol\u00f3gia \u00e9s M\u0171\u00e9rtelmez\u00e9s sorozat, 14. k\u00f6tet. pp. 324, ISBN 978 963 315 383 3<\/p>\n<p><em><strong>Recenzi\u00f3k<\/strong><\/em><\/p>\n<p><a href=\"http:\/\/tntefjournal.hu\/vol9\/iss2\/Barat.pdf\">Bar\u00e1t Erzs\u00e9bet. Recenzi\u00f3: K\u00e9rchy Anna. A n\u0151 nyelvet \u00f6lt. (2019\/9.2) T\u00c1RSADALMI NEMEK TUDOM\u00c1NYA INTERDISZCIPLIN\u00c1RIS EFOLY\u00d3IRAT. 146-149.<\/a><\/p>\n<p><a href=\"http:\/\/alfoldonline.hu\/wp-content\/uploads\/2020\/03\/%C3%A1prilis_bel%C3%ADv.pdf\">Ureczky Eszter. \u00c1t\u00f6lelend\u0151 alterit\u00e1sok (K\u00e9rchy Anna: A n\u0151 nyelvet \u00f6lt.Feminista narratol\u00f3giai, eszt\u00e9tikai, testelm\u00e9leti tanulm\u00e1nyok). (2020, \u00c1prilis) ALF\u00d6LD: IRODALMI M\u0170V\u00c9SZETI \u00c9S KRITIKAI FOLY\u00d3IRAT, 97-101.<\/a><\/p>\n<p><a href=\"https:\/\/www.es.hu\/cikk\/2020-01-31\/huszar-agnes\/ex-libris.html\">Husz\u00e1r \u00c1gnes. Ex Libris. (2020) \u00c9LET \u00c9S IRODALOM 0424-8848 LXIV 5 p. 19<\/a><\/p>\n<p><a href=\"https:\/\/tiszatajonline.hu\/?p=129404\">Sz\u0151ke D\u00e1vid et al. Test, l\u00e1t\u00e1s, \u00e1br\u00e1zol\u00e1s (K\u00e9rchy Anna, A n\u0151 nyelvet \u00f6lt. Feminista narratol\u00f3giai, eszt\u00e9tikai, testelm\u00e9leti tanul\u00adm\u00e1nyok). (2020) TISZAT\u00c1J: IRODALMI M\u0170V\u00c9SZETI \u00c9S T\u00c1RSADALMI FOLY\u00d3IRAT pp. 88-92<\/a><\/p>\n<p>Szarvas R\u00e9ka. A n\u0151 nyelvet \u00f6lt. HELIKON. 2020\/3. 468-470.<\/p>\n<p><a href=\"https:\/\/sites.google.com\/view\/peri-mikro-szkp2\/jelz%C3%A9sek\/%C3%A9n-identifik%C3%A1ci%C3%B3t%C3%B3l-a-jel-n%C3%A9lk%C3%BClis%C3%A9gig\">A Gergely Andr\u00e1s. Recenzi\u00f3.\u00a0<span class=\"journal-title\">KALEIDOSCOPE: M\u0170VEL\u0150D\u00c9S- TUDOM\u00c1NY- \u00c9S ORVOST\u00d6RT\u00c9NETI FOLY\u00d3IRAT<\/span>\u00a0<span class=\"journal-volume\">2020\/21<\/span>\u00a0:\u00a0<span class=\"journal-issue\">1<\/span><span class=\"page\">. 358-360.<\/span><\/a><\/p>\n<p>**************************************************************************<\/p>\n<p><em><a href=\"http:\/\/ieas-szeged.hu\/downtherabbithole\/wp-content\/uploads\/2018\/08\/Kerchy-Alice-cover.jpg\"><img loading=\"lazy\" decoding=\"async\" class=\"alignnone wp-image-1300\" src=\"http:\/\/ieas-szeged.hu\/downtherabbithole\/wp-content\/uploads\/2018\/08\/Kerchy-Alice-cover.jpg\" alt=\"\" width=\"581\" height=\"826\" \/><\/a><\/em><\/p>\n<p><img loading=\"lazy\" decoding=\"async\" class=\"img\" src=\"https:\/\/scontent-vie1-1.xx.fbcdn.net\/v\/t1.15752-9\/50669999_793620480992002_2033270151087915008_n.jpg?_nc_cat=108&amp;_nc_ht=scontent-vie1-1.xx&amp;oh=a33c05d3c3377706a6e95fffa8614507&amp;oe=5CB8E24F\" alt=\"\" width=\"575\" height=\"810\" \/><\/p>\n<h3><strong><a href=\"https:\/\/www.amazon.com\/Alice-Transmedia-Wonderland-Curiouser-Childrens\/dp\/1476666687\"><em>Alice in Transmedia Wonderland. Curiouser and Curiouser New Forms of a Children\u2019s Classic<\/em><\/a><\/strong><\/h3>\n<p>Jefferson: McFarland, 2016. (pp. 268, ISBN-10: 1476666687 ISBN-13: 978-1476666686) <a href=\"http:\/\/ieas-szeged.hu\/downtherabbithole\/multimedia-alice\/alice-in-transmedia-wonderland\/\"><strong>Click here for more info!<\/strong><\/a><\/p>\n<p>*********************************************************************<\/p>\n<p><a href=\"http:\/\/ieas-szeged.hu\/downtherabbithole\/wp-content\/uploads\/2018\/08\/Kerchy-Cover-Carter.jpg\"><img loading=\"lazy\" decoding=\"async\" class=\"alignnone wp-image-1301\" src=\"http:\/\/ieas-szeged.hu\/downtherabbithole\/wp-content\/uploads\/2018\/08\/Kerchy-Cover-Carter.jpg\" alt=\"\" width=\"567\" height=\"828\" \/><\/a><\/p>\n<h3><a href=\"https:\/\/mellenpress.com\/book\/Body-Texts-In-The-Novels-Of-Angela-Carter-Writing-From-A-Corporeagraphic-Point-Of-View\/7575\/\"><em><strong>Body-Texts<\/strong><\/em><strong><em> in the Novels of Angela Carter. Writing from a Corporeagraphic Point of View<\/em>.<\/strong><\/a><\/h3>\n<p>Lewiston, Lampeter: The Edwin Mellen Press, 2008. (pp. 372, ISBN10:\u00a0 0-7734-4892-6\u00a0\u00a0\u00a0ISBN13:\u00a0 978-0-7734-4892-6)<\/p>\n<p>**************************************************************<\/p>\n<h2><em>\u00a0EDITED BOOKS<\/em><\/h2>\n<p><img loading=\"lazy\" decoding=\"async\" class=\"alignnone size-full wp-image-1733\" src=\"http:\/\/ieas-szeged.hu\/downtherabbithole\/wp-content\/uploads\/2021\/01\/Sundmark-and-Kerchy-cover_page-0001-1.jpg\" alt=\"\" width=\"1926\" height=\"1270\" srcset=\"http:\/\/ieas-szeged.hu\/downtherabbithole\/wp-content\/uploads\/2021\/01\/Sundmark-and-Kerchy-cover_page-0001-1.jpg 1926w, http:\/\/ieas-szeged.hu\/downtherabbithole\/wp-content\/uploads\/2021\/01\/Sundmark-and-Kerchy-cover_page-0001-1-300x198.jpg 300w, http:\/\/ieas-szeged.hu\/downtherabbithole\/wp-content\/uploads\/2021\/01\/Sundmark-and-Kerchy-cover_page-0001-1-768x506.jpg 768w, http:\/\/ieas-szeged.hu\/downtherabbithole\/wp-content\/uploads\/2021\/01\/Sundmark-and-Kerchy-cover_page-0001-1-1024x675.jpg 1024w, http:\/\/ieas-szeged.hu\/downtherabbithole\/wp-content\/uploads\/2021\/01\/Sundmark-and-Kerchy-cover_page-0001-1-900x593.jpg 900w, http:\/\/ieas-szeged.hu\/downtherabbithole\/wp-content\/uploads\/2021\/01\/Sundmark-and-Kerchy-cover_page-0001-1-1280x844.jpg 1280w\" sizes=\"auto, (max-width: 1926px) 100vw, 1926px\" \/><\/p>\n<p><strong><a href=\"https:\/\/www.palgrave.com\/gp\/book\/9783030525262\"><em>Translating and Transmediating Children&#8217;s Literature<\/em>.<\/a> Eds. Anna K\u00e9rchy &amp; Bj\u00f6rn Sundmark. New York: Palgrave Macmillan, 2020.<\/strong><\/p>\n<p><img loading=\"lazy\" decoding=\"async\" class=\"alignnone wp-image-1425\" src=\"http:\/\/ieas-szeged.hu\/downtherabbithole\/wp-content\/uploads\/2019\/08\/the-fairy-tale-vanguard-cover.jpeg\" alt=\"\" width=\"585\" height=\"815\" \/><\/p>\n<p><img loading=\"lazy\" decoding=\"async\" class=\"alignnone wp-image-1427\" src=\"http:\/\/ieas-szeged.hu\/downtherabbithole\/wp-content\/uploads\/2019\/08\/fairy-tale-vanguard-back-cover.jpg\" alt=\"\" width=\"611\" height=\"890\" \/><\/p>\n<h3><a href=\"https:\/\/www.cambridgescholars.com\/the-fairy-tale-vanguard\"><strong>The Fairy-Tale Vanguard. Literary Self-Consciousness in a Marvelous Genre.<\/strong> <\/a><\/h3>\n<p>Eds. Stijn Praet &amp; Anna K\u00e9rchy. Cambridge Scholars Publishing, 2019.<\/p>\n<p>****************************************************************<\/p>\n<p><a href=\"http:\/\/ieas-szeged.hu\/downtherabbithole\/wp-content\/uploads\/2018\/08\/Americana-E-Book.png\"><img loading=\"lazy\" decoding=\"async\" class=\"alignnone size-full wp-image-1318\" src=\"http:\/\/ieas-szeged.hu\/downtherabbithole\/wp-content\/uploads\/2018\/08\/Americana-E-Book.png\" alt=\"\" width=\"1878\" height=\"2657\" srcset=\"http:\/\/ieas-szeged.hu\/downtherabbithole\/wp-content\/uploads\/2018\/08\/Americana-E-Book.png 1878w, http:\/\/ieas-szeged.hu\/downtherabbithole\/wp-content\/uploads\/2018\/08\/Americana-E-Book-212x300.png 212w, http:\/\/ieas-szeged.hu\/downtherabbithole\/wp-content\/uploads\/2018\/08\/Americana-E-Book-768x1087.png 768w, http:\/\/ieas-szeged.hu\/downtherabbithole\/wp-content\/uploads\/2018\/08\/Americana-E-Book-724x1024.png 724w, http:\/\/ieas-szeged.hu\/downtherabbithole\/wp-content\/uploads\/2018\/08\/Americana-E-Book-900x1273.png 900w, http:\/\/ieas-szeged.hu\/downtherabbithole\/wp-content\/uploads\/2018\/08\/Americana-E-Book-1280x1811.png 1280w\" sizes=\"auto, (max-width: 1878px) 100vw, 1878px\" \/><\/a><\/p>\n<p><a href=\"http:\/\/ieas-szeged.hu\/downtherabbithole\/wp-content\/uploads\/2018\/08\/posthuman-back.jpg\"><img loading=\"lazy\" decoding=\"async\" class=\"alignnone wp-image-1304\" src=\"http:\/\/ieas-szeged.hu\/downtherabbithole\/wp-content\/uploads\/2018\/08\/posthuman-back.jpg\" alt=\"\" width=\"530\" height=\"789\" \/><\/a><\/p>\n<h3><em><a href=\"https:\/\/www.amazon.ca\/Posthumanism-Fantastic-Fiction-Anna-K%C3%A9rchy\/dp\/6155423458\/ref=sr_1_20\/141-5184051-2173919?ie=UTF8&amp;qid=1533769352&amp;sr=8-20&amp;keywords=posthumanism\">Posthumanism in Fantastic Fiction<\/a><\/em><\/h3>\n<p>Ed. Anna K\u00e9rchy. <a href=\"http:\/\/ebooks.americanaejournal.hu\/books\/posthumanism\/\"><em>Americana<\/em> E-book<\/a>, 2018. <a href=\"http:\/\/ebooks.americanaejournal.hu\/books\/posthumanism\/\"><strong>Click to download free from Americana&#8217;s website!<\/strong><\/a><\/p>\n<p>******************************************************************<\/p>\n<p>&nbsp;<\/p>\n<p><a href=\"http:\/\/ieas-szeged.hu\/downtherabbithole\/wp-content\/uploads\/2018\/08\/Freak-Shows.jpg\"><img loading=\"lazy\" decoding=\"async\" class=\"alignnone wp-image-1306\" src=\"http:\/\/ieas-szeged.hu\/downtherabbithole\/wp-content\/uploads\/2018\/08\/Freak-Shows.jpg\" alt=\"\" width=\"581\" height=\"809\" \/><\/a><\/p>\n<p>&nbsp;<\/p>\n<h3><a href=\"https:\/\/www.amazon.com\/Exploring-Cultural-Continental-European-enfreakment\/dp\/144384134X\"><em>Exploring the Cultural History of Continental European Freak Shows<\/em> <em>and Enfreakment<\/em> <\/a><\/h3>\n<p>Eds. Anna K\u00e9rchy and Andrea Zittlau. Newcastle Upon Tyne: Cambridge Scholars Press. 2012. (Isbn13: 978-1-4438-4134-4 Isbn: 1-4438-4134-X) <strong><a href=\"http:\/\/www.cambridgescholars.com\/download\/sample\/58749\">Click to read sample!<\/a><\/strong><\/p>\n<p>***********************************************************************<\/p>\n<p><a href=\"http:\/\/ieas-szeged.hu\/downtherabbithole\/wp-content\/uploads\/2018\/08\/postmodern-reinterpretations-of-fairy-tales.jpg\"><img loading=\"lazy\" decoding=\"async\" class=\"alignnone wp-image-1307\" src=\"http:\/\/ieas-szeged.hu\/downtherabbithole\/wp-content\/uploads\/2018\/08\/postmodern-reinterpretations-of-fairy-tales.jpg\" alt=\"\" width=\"546\" height=\"818\" \/><\/a><\/p>\n<h3><a href=\"https:\/\/mellenpress.com\/book\/Postmodern-Reinterpretations-Of-Fairy-Tales-How-Applying-New-Methods-Generates-New-Meanings\/8349\/\"><em>Postmodern<\/em><em> Reinterpretations of Fairy Tales: How Applying New Methods Generates New Meanings<\/em><\/a><\/h3>\n<p>Ed. Anna K\u00e9rchy. Lewiston, Lampeter: The Edwin Mellen Press, 2011. (pp. 520, ISBN10:\u00a00-7734-1519-X\u00a0\u00a0\u00a0ISBN13:\u00a0978-0-7734-1519-5)<\/p>\n<p>***************************************************************************<\/p>\n<p><a href=\"http:\/\/ieas-szeged.hu\/downtherabbithole\/wp-content\/uploads\/2018\/08\/fanta.jpg\"><img loading=\"lazy\" decoding=\"async\" class=\"alignnone wp-image-1308\" src=\"http:\/\/ieas-szeged.hu\/downtherabbithole\/wp-content\/uploads\/2018\/08\/fanta.jpg\" alt=\"\" width=\"411\" height=\"571\" \/><\/a><\/p>\n<h3><em>What Constitutes the Fantastic?<\/em><\/h3>\n<p>Eds. Sabine Coelsch-Foisner, Gy\u00f6rgy E. Sz\u0151nyi, Sarolta Marinovich-Resch, Anna K\u00e9rchy. Szeged: JATE University Press, 2010.<\/p>\n<p>******************************************************************************<\/p>\n<p><a href=\"http:\/\/ieas-szeged.hu\/downtherabbithole\/wp-content\/uploads\/2018\/08\/law-and-order.jpg\"><img loading=\"lazy\" decoding=\"async\" class=\"alignnone wp-image-1309\" src=\"http:\/\/ieas-szeged.hu\/downtherabbithole\/wp-content\/uploads\/2018\/08\/law-and-order.jpg\" alt=\"\" width=\"427\" height=\"600\" \/><\/a><\/p>\n<h3><em>The Iconology of Law and Order<\/em>. <em>Legal and Cosmic<\/em><\/h3>\n<p>(Papers in English and American Studies 21) Eds. Anna K\u00e9rchy, Attila Kiss, Gy\u00f6rgy E. Sz\u0151nyi. Szeged: JATE University Press, 2012. ISBN: 978-963-315-076-4<\/p>\n<p>************************************************************************-<\/p>\n<p><em>The Fairy Tale Vanguard. <\/em><em>Literary Self Consciousness in Marvellous Genres<\/em>. Eds. Anna K\u00e9rchy and Stijn Praet (forthcoming)<\/p>\n<p>********************************************************************<\/p>\n<h2>EDITED JOURNAL ISSUES<\/h2>\n<p><a href=\"http:\/\/ieas-szeged.hu\/downtherabbithole\/wp-content\/uploads\/2018\/08\/Bookbird56.1_Cover_1_Page_1_d68d1d72ba.jpg\"><img loading=\"lazy\" decoding=\"async\" class=\"alignnone wp-image-1314\" src=\"http:\/\/ieas-szeged.hu\/downtherabbithole\/wp-content\/uploads\/2018\/08\/Bookbird56.1_Cover_1_Page_1_d68d1d72ba.jpg\" alt=\"\" width=\"546\" height=\"725\" \/><\/a><\/p>\n<h3><strong><a href=\"http:\/\/www.ibby.org\/bookbird\/latest-issues\/bookbird-1-2018\/?L=0\"><em>Translating and Transmediating Children\u2019s Literatures and Cultures<\/em>.<\/a><\/strong><\/h3>\n<h3>Special Issue for <em>Bookbird<\/em>: <em>A Journal of International Children&#8217;s Literature<\/em>. Eds. Bj\u00f6rn Sundmark, Anna K\u00e9rchy. IBBY, 2018.<\/h3>\n<p>*********************************************************************<\/p>\n<div id=\"3f140e31-f89c-4a07-8008-bdbcfba0e655\" class=\"widget literatumCoverDisplayWidget none hidden-xs widget-none widget-compact-all\">\n<div class=\"wrapped \">\n<div class=\"widget-body body body-none body-compact-all\">\n<div class=\"publicationCoverImage\"><img loading=\"lazy\" decoding=\"async\" class=\"\" src=\"https:\/\/www.tandfonline.com\/na101\/home\/literatum\/publisher\/tandf\/journals\/content\/neje20\/2017\/neje20.v021.i03\/neje20.v021.i03\/20171116-01\/neje20.v021.i03.cover.jpg\" alt=\"Publication Cover\" width=\"355\" height=\"499\" \/><\/div>\n<\/div>\n<\/div>\n<\/div>\n<h3><a href=\"https:\/\/www.tandfonline.com\/toc\/neje20\/21\/3?nav=tocList\"><em>EJES, European Journal of English Studies<\/em>. Thematic issue <em>Feminist Interventions in Intermedial Studies<\/em> <\/a><\/h3>\n<h3>Eds. Anna K\u00e9rchy, Catriona McAra. Taylor &amp; Francis, 2017, Fall.<\/h3>\n<p>****************************************************************************<\/p>\n<p><a href=\"http:\/\/ieas-szeged.hu\/downtherabbithole\/wp-content\/uploads\/2018\/08\/Americana-E-Journal.png\"><img loading=\"lazy\" decoding=\"async\" class=\"alignnone size-full wp-image-1313\" src=\"http:\/\/ieas-szeged.hu\/downtherabbithole\/wp-content\/uploads\/2018\/08\/Americana-E-Journal.png\" alt=\"\" width=\"885\" height=\"1227\" srcset=\"http:\/\/ieas-szeged.hu\/downtherabbithole\/wp-content\/uploads\/2018\/08\/Americana-E-Journal.png 885w, http:\/\/ieas-szeged.hu\/downtherabbithole\/wp-content\/uploads\/2018\/08\/Americana-E-Journal-216x300.png 216w, http:\/\/ieas-szeged.hu\/downtherabbithole\/wp-content\/uploads\/2018\/08\/Americana-E-Journal-768x1065.png 768w, http:\/\/ieas-szeged.hu\/downtherabbithole\/wp-content\/uploads\/2018\/08\/Americana-E-Journal-739x1024.png 739w\" sizes=\"auto, (max-width: 885px) 100vw, 885px\" \/><\/a><\/p>\n<h3><a href=\"http:\/\/americanaejournal.hu\/vol13no2\"><em>Interspecies Encounters in Postmillenial Filmic Fantasies<\/em>.<\/a> Special Issue of <em>Americana E-Journal<\/em>. Ed. Anna K\u00e9rchy. 2018.<\/h3>\n","protected":false},"excerpt":{"rendered":"<p>MONOGRAPHS A n\u0151 nyelvet \u00f6lt. Feminista narratol\u00f3giai, eszt\u00e9tikai, testelm\u00e9leti tanulm\u00e1nyok Szeged: JATEPress, 2018. Ikonol\u00f3gia \u00e9s M\u0171\u00e9rtelmez\u00e9s sorozat, 14. k\u00f6tet. pp. 324, ISBN 978 963 315 383 3 Recenzi\u00f3k Bar\u00e1t Erzs\u00e9bet. Recenzi\u00f3: K\u00e9rchy Anna. A n\u0151 nyelvet \u00f6lt. (2019\/9.2) T\u00c1RSADALMI NEMEK TUDOM\u00c1NYA INTERDISZCIPLIN\u00c1RIS EFOLY\u00d3IRAT. 146-149. Ureczky Eszter. \u00c1t\u00f6lelend\u0151 alterit\u00e1sok (K\u00e9rchy Anna: A n\u0151 nyelvet \u00f6lt.Feminista narratol\u00f3giai, [&hellip;]<\/p>\n","protected":false},"author":3,"featured_media":0,"parent":0,"menu_order":0,"comment_status":"closed","ping_status":"closed","template":"","meta":{"footnotes":""},"class_list":["post-1294","page","type-page","status-publish","hentry"],"_links":{"self":[{"href":"http:\/\/ieas-szeged.hu\/downtherabbithole\/wp-json\/wp\/v2\/pages\/1294","targetHints":{"allow":["GET"]}}],"collection":[{"href":"http:\/\/ieas-szeged.hu\/downtherabbithole\/wp-json\/wp\/v2\/pages"}],"about":[{"href":"http:\/\/ieas-szeged.hu\/downtherabbithole\/wp-json\/wp\/v2\/types\/page"}],"author":[{"embeddable":true,"href":"http:\/\/ieas-szeged.hu\/downtherabbithole\/wp-json\/wp\/v2\/users\/3"}],"replies":[{"embeddable":true,"href":"http:\/\/ieas-szeged.hu\/downtherabbithole\/wp-json\/wp\/v2\/comments?post=1294"}],"version-history":[{"count":22,"href":"http:\/\/ieas-szeged.hu\/downtherabbithole\/wp-json\/wp\/v2\/pages\/1294\/revisions"}],"predecessor-version":[{"id":1734,"href":"http:\/\/ieas-szeged.hu\/downtherabbithole\/wp-json\/wp\/v2\/pages\/1294\/revisions\/1734"}],"wp:attachment":[{"href":"http:\/\/ieas-szeged.hu\/downtherabbithole\/wp-json\/wp\/v2\/media?parent=1294"}],"curies":[{"name":"wp","href":"https:\/\/api.w.org\/{rel}","templated":true}]}}