{"id":1209,"date":"2018-02-07T18:34:16","date_gmt":"2018-02-07T18:34:16","guid":{"rendered":"http:\/\/ieas-szeged.hu\/downtherabbithole\/?page_id=1209"},"modified":"2018-02-08T11:15:13","modified_gmt":"2018-02-08T11:15:13","slug":"2017-its-always-tea-time","status":"publish","type":"page","link":"http:\/\/ieas-szeged.hu\/downtherabbithole\/keptelensegek\/2017-its-always-tea-time\/","title":{"rendered":"2017, It&#8217;s Always Tea-Time"},"content":{"rendered":"<p><a href=\"http:\/\/ieas-szeged.hu\/downtherabbithole\/wp-content\/uploads\/2018\/02\/TeaTime_1215.jpg\"><img loading=\"lazy\" decoding=\"async\" class=\"alignnone wp-image-1216\" src=\"http:\/\/ieas-szeged.hu\/downtherabbithole\/wp-content\/uploads\/2018\/02\/TeaTime_1215.jpg\" alt=\"\" width=\"636\" height=\"342\" \/><\/a><\/p>\n<p>Karina Rozena<\/p>\n<p><a href=\"http:\/\/ieas-szeged.hu\/downtherabbithole\/wp-content\/uploads\/2018\/02\/alice.jpg\"><img loading=\"lazy\" decoding=\"async\" class=\"alignnone wp-image-1210\" src=\"http:\/\/ieas-szeged.hu\/downtherabbithole\/wp-content\/uploads\/2018\/02\/alice.jpg\" alt=\"\" width=\"636\" height=\"448\" \/><\/a><\/p>\n<p>Natalie Pudalov<\/p>\n<p><a href=\"http:\/\/ieas-szeged.hu\/downtherabbithole\/wp-content\/uploads\/2017\/11\/lina-d\u00fcdait\u00e9.jpg\"><img loading=\"lazy\" decoding=\"async\" class=\"alignnone size-full wp-image-1086\" src=\"http:\/\/ieas-szeged.hu\/downtherabbithole\/wp-content\/uploads\/2017\/11\/lina-d\u00fcdait\u00e9.jpg\" alt=\"\" width=\"960\" height=\"615\" srcset=\"http:\/\/ieas-szeged.hu\/downtherabbithole\/wp-content\/uploads\/2017\/11\/lina-d\u00fcdait\u00e9.jpg 960w, http:\/\/ieas-szeged.hu\/downtherabbithole\/wp-content\/uploads\/2017\/11\/lina-d\u00fcdait\u00e9-300x192.jpg 300w, http:\/\/ieas-szeged.hu\/downtherabbithole\/wp-content\/uploads\/2017\/11\/lina-d\u00fcdait\u00e9-768x492.jpg 768w, http:\/\/ieas-szeged.hu\/downtherabbithole\/wp-content\/uploads\/2017\/11\/lina-d\u00fcdait\u00e9-900x577.jpg 900w\" sizes=\"auto, (max-width: 960px) 100vw, 960px\" \/><\/a><\/p>\n<p>Lina D\u00fcdait\u00e9<\/p>\n<p><a href=\"http:\/\/ieas-szeged.hu\/downtherabbithole\/wp-content\/uploads\/2018\/02\/always-tea-time.jpg\"><img loading=\"lazy\" decoding=\"async\" class=\"alignnone size-full wp-image-1212\" src=\"http:\/\/ieas-szeged.hu\/downtherabbithole\/wp-content\/uploads\/2018\/02\/always-tea-time.jpg\" alt=\"\" width=\"600\" height=\"424\" srcset=\"http:\/\/ieas-szeged.hu\/downtherabbithole\/wp-content\/uploads\/2018\/02\/always-tea-time.jpg 600w, http:\/\/ieas-szeged.hu\/downtherabbithole\/wp-content\/uploads\/2018\/02\/always-tea-time-300x212.jpg 300w\" sizes=\"auto, (max-width: 600px) 100vw, 600px\" \/><\/a>Viive Noor<\/p>\n<p><a href=\"http:\/\/ieas-szeged.hu\/downtherabbithole\/wp-content\/uploads\/2018\/02\/ana-juan.jpg\"><img loading=\"lazy\" decoding=\"async\" class=\"alignnone size-full wp-image-1213\" src=\"http:\/\/ieas-szeged.hu\/downtherabbithole\/wp-content\/uploads\/2018\/02\/ana-juan.jpg\" alt=\"\" width=\"600\" height=\"492\" srcset=\"http:\/\/ieas-szeged.hu\/downtherabbithole\/wp-content\/uploads\/2018\/02\/ana-juan.jpg 600w, http:\/\/ieas-szeged.hu\/downtherabbithole\/wp-content\/uploads\/2018\/02\/ana-juan-300x246.jpg 300w\" sizes=\"auto, (max-width: 600px) 100vw, 600px\" \/><\/a><\/p>\n<p>Ana Juan<\/p>\n<p><a href=\"http:\/\/ieas-szeged.hu\/downtherabbithole\/wp-content\/uploads\/2018\/02\/alice-1.jpg\"><img loading=\"lazy\" decoding=\"async\" class=\"alignnone size-full wp-image-1211\" src=\"http:\/\/ieas-szeged.hu\/downtherabbithole\/wp-content\/uploads\/2018\/02\/alice-1.jpg\" alt=\"\" width=\"600\" height=\"496\" srcset=\"http:\/\/ieas-szeged.hu\/downtherabbithole\/wp-content\/uploads\/2018\/02\/alice-1.jpg 600w, http:\/\/ieas-szeged.hu\/downtherabbithole\/wp-content\/uploads\/2018\/02\/alice-1-300x248.jpg 300w\" sizes=\"auto, (max-width: 600px) 100vw, 600px\" \/><\/a><\/p>\n<p>Mostafa Akbari<\/p>\n<p><a href=\"http:\/\/ieas-szeged.hu\/downtherabbithole\/wp-content\/uploads\/2018\/02\/holl\u00f3-anna.jpg\"><img loading=\"lazy\" decoding=\"async\" class=\"alignnone size-full wp-image-1214\" src=\"http:\/\/ieas-szeged.hu\/downtherabbithole\/wp-content\/uploads\/2018\/02\/holl\u00f3-anna.jpg\" alt=\"\" width=\"600\" height=\"431\" srcset=\"http:\/\/ieas-szeged.hu\/downtherabbithole\/wp-content\/uploads\/2018\/02\/holl\u00f3-anna.jpg 600w, http:\/\/ieas-szeged.hu\/downtherabbithole\/wp-content\/uploads\/2018\/02\/holl\u00f3-anna-300x216.jpg 300w\" sizes=\"auto, (max-width: 600px) 100vw, 600px\" \/><\/a>Holl\u00f3 Anna<\/p>\n<p><a href=\"http:\/\/ieas-szeged.hu\/downtherabbithole\/wp-content\/uploads\/2018\/02\/18729717_9845613ca2e6715ff9a1467c6690f7c9_g.jpg\"><img loading=\"lazy\" decoding=\"async\" class=\"alignnone size-full wp-image-1221\" src=\"http:\/\/ieas-szeged.hu\/downtherabbithole\/wp-content\/uploads\/2018\/02\/18729717_9845613ca2e6715ff9a1467c6690f7c9_g.jpg\" alt=\"\" width=\"583\" height=\"700\" srcset=\"http:\/\/ieas-szeged.hu\/downtherabbithole\/wp-content\/uploads\/2018\/02\/18729717_9845613ca2e6715ff9a1467c6690f7c9_g.jpg 583w, http:\/\/ieas-szeged.hu\/downtherabbithole\/wp-content\/uploads\/2018\/02\/18729717_9845613ca2e6715ff9a1467c6690f7c9_g-250x300.jpg 250w\" sizes=\"auto, (max-width: 583px) 100vw, 583px\" \/><\/a>\u00a0 Anne Pikkov<\/p>\n<p><a href=\"http:\/\/ieas-szeged.hu\/downtherabbithole\/wp-content\/uploads\/2018\/02\/fatemeh.jpg\"><img loading=\"lazy\" decoding=\"async\" class=\"alignnone wp-image-1223\" src=\"http:\/\/ieas-szeged.hu\/downtherabbithole\/wp-content\/uploads\/2018\/02\/fatemeh.jpg\" alt=\"\" width=\"581\" height=\"753\" \/><\/a><\/p>\n<p><a href=\"http:\/\/ieas-szeged.hu\/downtherabbithole\/wp-content\/uploads\/2018\/02\/lisa_dandrea_k.jpg\"><img loading=\"lazy\" decoding=\"async\" class=\"alignnone size-full wp-image-1224\" src=\"http:\/\/ieas-szeged.hu\/downtherabbithole\/wp-content\/uploads\/2018\/02\/lisa_dandrea_k.jpg\" alt=\"\" width=\"640\" height=\"390\" srcset=\"http:\/\/ieas-szeged.hu\/downtherabbithole\/wp-content\/uploads\/2018\/02\/lisa_dandrea_k.jpg 640w, http:\/\/ieas-szeged.hu\/downtherabbithole\/wp-content\/uploads\/2018\/02\/lisa_dandrea_k-300x183.jpg 300w\" sizes=\"auto, (max-width: 640px) 100vw, 640px\" \/><\/a><\/p>\n<p>Lisa Dandrea<\/p>\n<p><a href=\"http:\/\/ieas-szeged.hu\/downtherabbithole\/wp-content\/uploads\/2018\/02\/kadi_kuremaa_unihiir_suur.jpg\"><img loading=\"lazy\" decoding=\"async\" class=\"alignnone size-full wp-image-1225\" src=\"http:\/\/ieas-szeged.hu\/downtherabbithole\/wp-content\/uploads\/2018\/02\/kadi_kuremaa_unihiir_suur.jpg\" alt=\"\" width=\"640\" height=\"625\" srcset=\"http:\/\/ieas-szeged.hu\/downtherabbithole\/wp-content\/uploads\/2018\/02\/kadi_kuremaa_unihiir_suur.jpg 640w, http:\/\/ieas-szeged.hu\/downtherabbithole\/wp-content\/uploads\/2018\/02\/kadi_kuremaa_unihiir_suur-300x293.jpg 300w\" sizes=\"auto, (max-width: 640px) 100vw, 640px\" \/><\/a><\/p>\n<p><a href=\"http:\/\/ieas-szeged.hu\/downtherabbithole\/wp-content\/uploads\/2018\/02\/teatime3_deak17_foto_vrabel_ilona.jpg\"><img loading=\"lazy\" decoding=\"async\" class=\"alignnone size-full wp-image-1227\" src=\"http:\/\/ieas-szeged.hu\/downtherabbithole\/wp-content\/uploads\/2018\/02\/teatime3_deak17_foto_vrabel_ilona.jpg\" alt=\"\" width=\"530\" height=\"397\" srcset=\"http:\/\/ieas-szeged.hu\/downtherabbithole\/wp-content\/uploads\/2018\/02\/teatime3_deak17_foto_vrabel_ilona.jpg 530w, http:\/\/ieas-szeged.hu\/downtherabbithole\/wp-content\/uploads\/2018\/02\/teatime3_deak17_foto_vrabel_ilona-300x225.jpg 300w\" sizes=\"auto, (max-width: 530px) 100vw, 530px\" \/><\/a><\/p>\n<p><a href=\"http:\/\/ieas-szeged.hu\/downtherabbithole\/wp-content\/uploads\/2018\/02\/teatime5_deak17_foto_vrabel_ilona.jpg\"><img loading=\"lazy\" decoding=\"async\" class=\"alignnone size-full wp-image-1228\" src=\"http:\/\/ieas-szeged.hu\/downtherabbithole\/wp-content\/uploads\/2018\/02\/teatime5_deak17_foto_vrabel_ilona.jpg\" alt=\"\" width=\"530\" height=\"397\" srcset=\"http:\/\/ieas-szeged.hu\/downtherabbithole\/wp-content\/uploads\/2018\/02\/teatime5_deak17_foto_vrabel_ilona.jpg 530w, http:\/\/ieas-szeged.hu\/downtherabbithole\/wp-content\/uploads\/2018\/02\/teatime5_deak17_foto_vrabel_ilona-300x225.jpg 300w\" sizes=\"auto, (max-width: 530px) 100vw, 530px\" \/><\/a><\/p>\n<p><a href=\"http:\/\/ieas-szeged.hu\/downtherabbithole\/wp-content\/uploads\/2018\/02\/teatime2_deak17_foto_vrabel_ilona.jpg\"><img loading=\"lazy\" decoding=\"async\" class=\"alignnone size-full wp-image-1230\" src=\"http:\/\/ieas-szeged.hu\/downtherabbithole\/wp-content\/uploads\/2018\/02\/teatime2_deak17_foto_vrabel_ilona.jpg\" alt=\"\" width=\"530\" height=\"397\" srcset=\"http:\/\/ieas-szeged.hu\/downtherabbithole\/wp-content\/uploads\/2018\/02\/teatime2_deak17_foto_vrabel_ilona.jpg 530w, http:\/\/ieas-szeged.hu\/downtherabbithole\/wp-content\/uploads\/2018\/02\/teatime2_deak17_foto_vrabel_ilona-300x225.jpg 300w\" sizes=\"auto, (max-width: 530px) 100vw, 530px\" \/><\/a><\/p>\n<p><a href=\"http:\/\/ieas-szeged.hu\/downtherabbithole\/wp-content\/uploads\/2018\/02\/teatime4_deak17_foto_vrabel_ilona.jpg\"><img loading=\"lazy\" decoding=\"async\" class=\"alignnone size-full wp-image-1231\" src=\"http:\/\/ieas-szeged.hu\/downtherabbithole\/wp-content\/uploads\/2018\/02\/teatime4_deak17_foto_vrabel_ilona.jpg\" alt=\"\" width=\"530\" height=\"397\" srcset=\"http:\/\/ieas-szeged.hu\/downtherabbithole\/wp-content\/uploads\/2018\/02\/teatime4_deak17_foto_vrabel_ilona.jpg 530w, http:\/\/ieas-szeged.hu\/downtherabbithole\/wp-content\/uploads\/2018\/02\/teatime4_deak17_foto_vrabel_ilona-300x225.jpg 300w\" sizes=\"auto, (max-width: 530px) 100vw, 530px\" \/><\/a><\/p>\n<p><a href=\"http:\/\/ieas-szeged.hu\/downtherabbithole\/wp-content\/uploads\/2018\/02\/tea-time-poola-209x300.jpg\"><img loading=\"lazy\" decoding=\"async\" class=\"alignnone wp-image-1219\" src=\"http:\/\/ieas-szeged.hu\/downtherabbithole\/wp-content\/uploads\/2018\/02\/tea-time-poola-209x300.jpg\" alt=\"\" width=\"347\" height=\"493\" \/><\/a><\/p>\n<p>&nbsp;<\/p>\n","protected":false},"excerpt":{"rendered":"<p>Karina Rozena Natalie Pudalov Lina D\u00fcdait\u00e9 Viive Noor Ana Juan Mostafa Akbari Holl\u00f3 Anna \u00a0 Anne Pikkov Lisa Dandrea &nbsp;<\/p>\n","protected":false},"author":3,"featured_media":0,"parent":83,"menu_order":0,"comment_status":"closed","ping_status":"closed","template":"","meta":{"footnotes":""},"class_list":["post-1209","page","type-page","status-publish","hentry"],"_links":{"self":[{"href":"http:\/\/ieas-szeged.hu\/downtherabbithole\/wp-json\/wp\/v2\/pages\/1209","targetHints":{"allow":["GET"]}}],"collection":[{"href":"http:\/\/ieas-szeged.hu\/downtherabbithole\/wp-json\/wp\/v2\/pages"}],"about":[{"href":"http:\/\/ieas-szeged.hu\/downtherabbithole\/wp-json\/wp\/v2\/types\/page"}],"author":[{"embeddable":true,"href":"http:\/\/ieas-szeged.hu\/downtherabbithole\/wp-json\/wp\/v2\/users\/3"}],"replies":[{"embeddable":true,"href":"http:\/\/ieas-szeged.hu\/downtherabbithole\/wp-json\/wp\/v2\/comments?post=1209"}],"version-history":[{"count":8,"href":"http:\/\/ieas-szeged.hu\/downtherabbithole\/wp-json\/wp\/v2\/pages\/1209\/revisions"}],"predecessor-version":[{"id":1232,"href":"http:\/\/ieas-szeged.hu\/downtherabbithole\/wp-json\/wp\/v2\/pages\/1209\/revisions\/1232"}],"up":[{"embeddable":true,"href":"http:\/\/ieas-szeged.hu\/downtherabbithole\/wp-json\/wp\/v2\/pages\/83"}],"wp:attachment":[{"href":"http:\/\/ieas-szeged.hu\/downtherabbithole\/wp-json\/wp\/v2\/media?parent=1209"}],"curies":[{"name":"wp","href":"https:\/\/api.w.org\/{rel}","templated":true}]}}